{"id":1333,"date":"2022-09-30T19:41:17","date_gmt":"2022-09-30T15:41:17","guid":{"rendered":"https:\/\/villadelisle.re\/?page_id=1333"},"modified":"2024-08-31T11:36:22","modified_gmt":"2024-08-31T07:36:22","slug":"1333-2","status":"publish","type":"page","link":"https:\/\/villadelisle.re\/recrutement-carriere-hotel-la-villa-delisle-reunion-sud-974\/","title":{"rendered":""},"content":{"rendered":"\n<div class=\"wp-block-group\"><div class=\"wp-block-group__inner-container is-layout-flow wp-block-group-is-layout-flow\"><div id=\"pl-gb1333-69ecc7f678eab\"  class=\"panel-layout wp-block-siteorigin-panels-layout-block\" ><div id=\"pg-gb1333-69ecc7f678eab-0\"  class=\"panel-grid panel-no-style\" ><div id=\"pgc-gb1333-69ecc7f678eab-0-0\"  class=\"panel-grid-cell\" ><div id=\"panel-gb1333-69ecc7f678eab-0-0-0\" class=\"so-panel widget widget_sow-image panel-first-child panel-last-child\" data-index=\"0\" ><div\n\t\t\t\n\t\t\tclass=\"so-widget-sow-image so-widget-sow-image-default-8b5b6f678277-1333\"\n\t\t\t\n\t\t>\n<div class=\"sow-image-container\">\n\t\t<img fetchpriority=\"high\" \n\tsrc=\"https:\/\/villadelisle.re\/wp-content\/uploads\/2023\/05\/carriereFR-EN-short.png\" width=\"1792\" height=\"1004\" srcset=\"https:\/\/villadelisle.re\/wp-content\/uploads\/2023\/05\/carriereFR-EN-short.png 1792w, https:\/\/villadelisle.re\/wp-content\/uploads\/2023\/05\/carriereFR-EN-short-300x168.png 300w, https:\/\/villadelisle.re\/wp-content\/uploads\/2023\/05\/carriereFR-EN-short-1024x574.png 1024w, https:\/\/villadelisle.re\/wp-content\/uploads\/2023\/05\/carriereFR-EN-short-768x430.png 768w, https:\/\/villadelisle.re\/wp-content\/uploads\/2023\/05\/carriereFR-EN-short-1536x861.png 1536w\" sizes=\"(max-width: 1792px) 100vw, 1792px\" alt=\"\" \t\tclass=\"so-widget-image\"\/>\n\t<\/div>\n\n<\/div><\/div><\/div><\/div><div id=\"pg-gb1333-69ecc7f678eab-1\"  class=\"panel-grid panel-no-style\" ><div id=\"pgc-gb1333-69ecc7f678eab-1-0\"  class=\"panel-grid-cell\" ><div id=\"panel-gb1333-69ecc7f678eab-1-0-0\" class=\"so-panel widget widget_sow-editor panel-first-child panel-last-child\" data-index=\"1\" ><div\n\t\t\t\n\t\t\tclass=\"so-widget-sow-editor so-widget-sow-editor-base\"\n\t\t\t\n\t\t>\n<div class=\"siteorigin-widget-tinymce textwidget\">\n\t<h1 style=\"font-size:45px;\">La Team VD<\/h1>\n<\/div>\n<\/div><\/div><\/div><\/div><div id=\"pg-gb1333-69ecc7f678eab-2\"  class=\"panel-grid panel-no-style\" ><div id=\"pgc-gb1333-69ecc7f678eab-2-0\"  class=\"panel-grid-cell\" ><div id=\"panel-gb1333-69ecc7f678eab-2-0-0\" class=\"so-panel widget widget_sow-editor panel-first-child panel-last-child\" data-index=\"2\" ><div\n\t\t\t\n\t\t\tclass=\"so-widget-sow-editor so-widget-sow-editor-base\"\n\t\t\t\n\t\t>\n<div class=\"siteorigin-widget-tinymce textwidget\">\n\t<div><\/div>\n<\/div>\n<\/div><\/div><\/div><div id=\"pgc-gb1333-69ecc7f678eab-2-1\"  class=\"panel-grid-cell\" ><div id=\"panel-gb1333-69ecc7f678eab-2-1-0\" class=\"so-panel widget widget_sow-editor panel-first-child panel-last-child\" data-index=\"3\" ><div\n\t\t\t\n\t\t\tclass=\"so-widget-sow-editor so-widget-sow-editor-base\"\n\t\t\t\n\t\t>\n<div class=\"siteorigin-widget-tinymce textwidget\">\n\t<p>La Villa Delisle H\u00f4tel &amp; Spa ****,<\/p>\n<p>Ouvert depuis 2014, notre \u00e9tablissement, compos\u00e9 d&#8217;un spa, de salles de s\u00e9minaires, d&#8217;un restaurant &amp; bar a pour ambition d&#8217;apporter une exp\u00e9rience alliant relations humaines, confort et bien-\u00eatre \u00e0 chacun de ses h\u00f4tes, au sein d&#8217;une villa aux couleurs et aux valeurs r\u00e9unionnaises.<\/p>\n<\/div>\n<\/div><\/div><\/div><\/div><div id=\"pg-gb1333-69ecc7f678eab-3\"  class=\"panel-grid panel-no-style\" ><div id=\"pgc-gb1333-69ecc7f678eab-3-0\"  class=\"panel-grid-cell\" ><div id=\"panel-gb1333-69ecc7f678eab-3-0-0\" class=\"so-panel widget widget_sow-editor panel-first-child panel-last-child\" data-index=\"4\" ><div\n\t\t\t\n\t\t\tclass=\"so-widget-sow-editor so-widget-sow-editor-base\"\n\t\t\t\n\t\t>\n<div class=\"siteorigin-widget-tinymce textwidget\">\n\t<h1 style=\"font-size:45px;\">Nos valeurs<\/h1>\n<\/div>\n<\/div><\/div><\/div><\/div><div id=\"pg-gb1333-69ecc7f678eab-4\"  class=\"panel-grid panel-no-style\" ><div id=\"pgc-gb1333-69ecc7f678eab-4-0\"  class=\"panel-grid-cell\" ><div id=\"panel-gb1333-69ecc7f678eab-4-0-0\" class=\"so-panel widget widget_sow-image panel-first-child panel-last-child\" data-index=\"5\" ><div\n\t\t\t\n\t\t\tclass=\"so-widget-sow-image so-widget-sow-image-default-8b5b6f678277-1333\"\n\t\t\t\n\t\t>\n<div class=\"sow-image-container\">\n\t\t<img \n\tsrc=\"https:\/\/villadelisle.re\/wp-content\/uploads\/2022\/09\/DJI_000705-1024x576-1.jpeg\" width=\"1024\" height=\"576\" srcset=\"https:\/\/villadelisle.re\/wp-content\/uploads\/2022\/09\/DJI_000705-1024x576-1.jpeg 1024w, https:\/\/villadelisle.re\/wp-content\/uploads\/2022\/09\/DJI_000705-1024x576-1-300x169.jpeg 300w, https:\/\/villadelisle.re\/wp-content\/uploads\/2022\/09\/DJI_000705-1024x576-1-768x432.jpeg 768w\" sizes=\"(max-width: 1024px) 100vw, 1024px\" title=\"H\u00f4tel Villa Delisle sur Saint-Pierre de La R\u00e9union\" alt=\"Carri\u00e8res et recrutements \u00e0 l&#039;h\u00f4tel Villa Delisle - La R\u00e9union\" \t\tclass=\"so-widget-image\"\/>\n\t<\/div>\n\n<\/div><\/div><\/div><div id=\"pgc-gb1333-69ecc7f678eab-4-1\"  class=\"panel-grid-cell\" ><div id=\"panel-gb1333-69ecc7f678eab-4-1-0\" class=\"so-panel widget widget_sow-editor panel-first-child panel-last-child\" data-index=\"6\" ><div class=\"Slider-text panel-widget-style panel-widget-style-for-gb1333-69ecc7f678eab-4-1-0\" ><div\n\t\t\t\n\t\t\tclass=\"so-widget-sow-editor so-widget-sow-editor-base\"\n\t\t\t\n\t\t>\n<div class=\"siteorigin-widget-tinymce textwidget\">\n\t<h2>Humaines<\/h2>\n<p>L&#8217;humain est au centre de nos valeurs et de nos strat\u00e9gies. Nous travaillons en \u00e9quipe, dans le respect, l&#8217;\u00e9coute, l&#8217;empathie et la bienveillance.<\/p>\n<h2>Professionnelles<\/h2>\n<p>Nos objectifs professionnels reposent principalement sur l&#8217;int\u00e9grit\u00e9, l&#8217;honn\u00eatet\u00e9 et l&#8217;\u00e9panouissement professionnel. Avec un sens aigu\u00eb du service client.<\/p>\n<h2>Les app\u00e9tences pour nos m\u00e9tiers<\/h2>\n<p>Les membres de La Team VD sont particuli\u00e8rement sensibles aux notions d&#8217;engagement, de serviabilit\u00e9, de structuration et d&#8217;adaptabilit\u00e9.<\/p>\n<\/div>\n<\/div><\/div><\/div><\/div><\/div><div id=\"pg-gb1333-69ecc7f678eab-5\"  class=\"panel-grid panel-no-style\" ><div id=\"pgc-gb1333-69ecc7f678eab-5-0\"  class=\"panel-grid-cell\" ><div id=\"panel-gb1333-69ecc7f678eab-5-0-0\" class=\"so-panel widget widget_sow-editor panel-first-child panel-last-child\" data-index=\"7\" ><div\n\t\t\t\n\t\t\tclass=\"so-widget-sow-editor so-widget-sow-editor-base\"\n\t\t\t\n\t\t>\n<div class=\"siteorigin-widget-tinymce textwidget\">\n\t<h1 style=\"font-size:45px;\">D\u00e9couvrez vos app\u00e9tences<\/h1>\n<p>D\u00e9couvrez vos app\u00e9tences gr\u00e2ce au lien suivant: <a href=\"https:\/\/www.innovationmanageriale.com\/appetences\/\" target=\"_blank\" rel=\"noopener\">https:\/\/www.innovationmanageriale.com\/appetences\/<\/a> <\/p>\n<\/div>\n<\/div><\/div><\/div><\/div><div id=\"pg-gb1333-69ecc7f678eab-6\"  class=\"panel-grid panel-no-style\" ><div id=\"pgc-gb1333-69ecc7f678eab-6-0\"  class=\"panel-grid-cell\" ><div id=\"panel-gb1333-69ecc7f678eab-6-0-0\" class=\"so-panel widget widget_sow-editor panel-first-child panel-last-child\" data-index=\"8\" ><div\n\t\t\t\n\t\t\tclass=\"so-widget-sow-editor so-widget-sow-editor-base\"\n\t\t\t\n\t\t>\n<div class=\"siteorigin-widget-tinymce textwidget\">\n\t<h1 style=\"font-size:45px;\">Nos engagements<\/h1>\n<\/div>\n<\/div><\/div><\/div><\/div><div id=\"pg-gb1333-69ecc7f678eab-7\"  class=\"panel-grid panel-no-style\" ><div id=\"pgc-gb1333-69ecc7f678eab-7-0\"  class=\"panel-grid-cell\" ><div id=\"panel-gb1333-69ecc7f678eab-7-0-0\" class=\"so-panel widget widget_sow-editor panel-first-child panel-last-child\" data-index=\"9\" ><div\n\t\t\t\n\t\t\tclass=\"so-widget-sow-editor so-widget-sow-editor-base\"\n\t\t\t\n\t\t>\n<div class=\"siteorigin-widget-tinymce textwidget\">\n\t<table style=\"text-align:center;\">\n<tr>\n<td><img decoding=\"async\" src=\"https:\/\/villadelisle.re\/wp-content\/uploads\/2022\/09\/icone1.png\" width=\"70px\" \/><\/td>\n<td><img decoding=\"async\" src=\"https:\/\/villadelisle.re\/wp-content\/uploads\/2022\/09\/icone2.png\" width=\"70px\" \/><\/td>\n<td><img decoding=\"async\" src=\"https:\/\/villadelisle.re\/wp-content\/uploads\/2022\/09\/icone3.png\" width=\"70px\" \/><\/td>\n<td><img decoding=\"async\" src=\"https:\/\/villadelisle.re\/wp-content\/uploads\/2022\/09\/icone4.png\" width=\"70px\" \/><\/td>\n<\/tr>\n<tr style=\"text-align:center; vertical-align: top;\">\n<td><b>39h hebdomadaire<br \/>Service Restauration : Pas d\u2019horaires en coupure<br \/>Service H\u00e9bergement : Semaine de 4 jours<\/b><\/td>\n<td><b>Mutuelle sant\u00e9 individuelle ou famille <br \/>Pr\u00e9voyance <\/b><\/td>\n<td><b>Formation &#038; \u00e9volution de carri\u00e8re<\/b><\/td>\n<td><b>Prime d&#8217;int\u00e9ressement<\/b><\/td>\n<\/tr>\n<\/table>\n<\/div>\n<\/div><\/div><\/div><\/div><div id=\"pg-gb1333-69ecc7f678eab-8\"  class=\"panel-grid panel-no-style\" ><div id=\"pgc-gb1333-69ecc7f678eab-8-0\"  class=\"panel-grid-cell\" ><div id=\"panel-gb1333-69ecc7f678eab-8-0-0\" class=\"so-panel widget widget_sow-editor panel-first-child panel-last-child\" data-index=\"10\" ><div\n\t\t\t\n\t\t\tclass=\"so-widget-sow-editor so-widget-sow-editor-base\"\n\t\t\t\n\t\t>\n<div class=\"siteorigin-widget-tinymce textwidget\">\n\t<h1 style=\"font-size:45px;\">Nos diff\u00e9rents services<\/h1>\n<\/div>\n<\/div><\/div><\/div><\/div><div id=\"pg-gb1333-69ecc7f678eab-9\"  class=\"panel-grid panel-no-style\" ><div id=\"pgc-gb1333-69ecc7f678eab-9-0\"  class=\"panel-grid-cell\" ><div id=\"panel-gb1333-69ecc7f678eab-9-0-0\" class=\"so-panel widget widget_sow-image panel-first-child panel-last-child\" data-index=\"11\" ><div\n\t\t\t\n\t\t\tclass=\"so-widget-sow-image so-widget-sow-image-default-8b5b6f678277-1333\"\n\t\t\t\n\t\t>\n<div class=\"sow-image-container\">\n\t\t<img \n\tsrc=\"https:\/\/villadelisle.re\/wp-content\/uploads\/2023\/05\/carriereFR-EN-list-short.png\" width=\"1790\" height=\"768\" srcset=\"https:\/\/villadelisle.re\/wp-content\/uploads\/2023\/05\/carriereFR-EN-list-short.png 1790w, https:\/\/villadelisle.re\/wp-content\/uploads\/2023\/05\/carriereFR-EN-list-short-300x129.png 300w, https:\/\/villadelisle.re\/wp-content\/uploads\/2023\/05\/carriereFR-EN-list-short-1024x439.png 1024w, https:\/\/villadelisle.re\/wp-content\/uploads\/2023\/05\/carriereFR-EN-list-short-768x330.png 768w, https:\/\/villadelisle.re\/wp-content\/uploads\/2023\/05\/carriereFR-EN-list-short-1536x659.png 1536w\" sizes=\"(max-width: 1790px) 100vw, 1790px\" alt=\"\" \t\tclass=\"so-widget-image\"\/>\n\t<\/div>\n\n<\/div><\/div><\/div><\/div><div id=\"pg-gb1333-69ecc7f678eab-10\"  class=\"panel-grid panel-no-style\" ><div id=\"pgc-gb1333-69ecc7f678eab-10-0\"  class=\"panel-grid-cell\" ><div id=\"panel-gb1333-69ecc7f678eab-10-0-0\" class=\"so-panel widget widget_sow-editor panel-first-child\" data-index=\"12\" ><div\n\t\t\t\n\t\t\tclass=\"so-widget-sow-editor so-widget-sow-editor-base\"\n\t\t\t\n\t\t>\n<div class=\"siteorigin-widget-tinymce textwidget\">\n\t<h1 style=\"font-size:45px;\">Rejoignez-nous<\/h1>\n<\/div>\n<\/div><\/div><div id=\"panel-gb1333-69ecc7f678eab-10-0-1\" class=\"so-panel widget widget_sow-editor panel-last-child\" data-index=\"13\" ><div\n\t\t\t\n\t\t\tclass=\"so-widget-sow-editor so-widget-sow-editor-base\"\n\t\t\t\n\t\t>\n<div class=\"siteorigin-widget-tinymce textwidget\">\n\t\n<div class=\"wpcf7 no-js\" id=\"wpcf7-f1662-o1\" lang=\"fr-FR\" dir=\"ltr\" data-wpcf7-id=\"1662\">\n<div class=\"screen-reader-response\"><p role=\"status\" aria-live=\"polite\" aria-atomic=\"true\"><\/p> <ul><\/ul><\/div>\n<form action=\"\/index.php\/wp-json\/wp\/v2\/pages\/1333#wpcf7-f1662-o1\" method=\"post\" class=\"wpcf7-form init\" aria-label=\"Formulaire de contact\" enctype=\"multipart\/form-data\" novalidate=\"novalidate\" data-status=\"init\">\n<fieldset class=\"hidden-fields-container\"><input type=\"hidden\" name=\"_wpcf7\" value=\"1662\" \/><input type=\"hidden\" name=\"_wpcf7_version\" value=\"6.1.4\" \/><input type=\"hidden\" name=\"_wpcf7_locale\" value=\"fr_FR\" \/><input type=\"hidden\" name=\"_wpcf7_unit_tag\" value=\"wpcf7-f1662-o1\" \/><input type=\"hidden\" name=\"_wpcf7_container_post\" value=\"0\" \/><input type=\"hidden\" name=\"_wpcf7_posted_data_hash\" value=\"\" \/><input type=\"hidden\" name=\"_wpcf7_recaptcha_response\" value=\"\" \/>\n<\/fieldset>\n<p><label> Votre nom et pr\u00e9nom (obligatoire) \/ Your first and last name (required)<br \/>\n<span class=\"wpcf7-form-control-wrap\" data-name=\"your-name\"><input size=\"40\" maxlength=\"400\" class=\"wpcf7-form-control wpcf7-text wpcf7-validates-as-required\" autocomplete=\"name\" aria-required=\"true\" aria-invalid=\"false\" value=\"\" type=\"text\" name=\"your-name\" \/><\/span> <\/label>\n<\/p>\n<p><label> Votre e-mail (obligatoire) \/ Your e-mail (required)<br \/>\n<span class=\"wpcf7-form-control-wrap\" data-name=\"your-email\"><input size=\"40\" maxlength=\"400\" class=\"wpcf7-form-control wpcf7-email wpcf7-validates-as-required wpcf7-text wpcf7-validates-as-email\" autocomplete=\"email\" aria-required=\"true\" aria-invalid=\"false\" value=\"\" type=\"email\" name=\"your-email\" \/><\/span> <\/label>\n<\/p>\n<p><label> Votre num\u00e9ro de t\u00e9l\u00e9phone (obligatoire) \/ Your phone number (required)<br \/>\n<span class=\"wpcf7-form-control-wrap\" data-name=\"tel-580\"><input size=\"40\" maxlength=\"400\" class=\"wpcf7-form-control wpcf7-tel wpcf7-validates-as-required wpcf7-text wpcf7-validates-as-tel\" aria-required=\"true\" aria-invalid=\"false\" value=\"\" type=\"tel\" name=\"tel-580\" \/><\/span> <\/label>\n<\/p>\n<p><label> Votre message (obligatoire) \/ Your message (required)<br \/>\n<span class=\"wpcf7-form-control-wrap\" data-name=\"your-message\"><textarea cols=\"40\" rows=\"10\" maxlength=\"2000\" class=\"wpcf7-form-control wpcf7-textarea wpcf7-validates-as-required\" aria-required=\"true\" aria-invalid=\"false\" name=\"your-message\"><\/textarea><\/span> <\/label>\n<\/p>\n<p><label> Service (obligatoire) \/ Service (required)<br \/>\n<span class=\"wpcf7-form-control-wrap\" data-name=\"menu-696\"><select class=\"wpcf7-form-control wpcf7-select wpcf7-validates-as-required\" aria-required=\"true\" aria-invalid=\"false\" name=\"menu-696\"><option value=\"R\u00e9ception \/ Reception desk\">R\u00e9ception \/ Reception desk<\/option><option value=\"Service d&#039;\u00e9tages \/ Room Service\">Service d&#039;\u00e9tages \/ Room Service<\/option><option value=\"Service en salle \/ Housekeeping\">Service en salle \/ Housekeeping<\/option><option value=\"Cuisine \/ Kitchen\">Cuisine \/ Kitchen<\/option><option value=\"Service Commercial \/ Sales Department\">Service Commercial \/ Sales Department<\/option><option value=\"Maintenance \/ Maintenance Department\">Maintenance \/ Maintenance Department<\/option><option value=\"Administration &amp; Comptabilit\u00e9 \/ Administration and Accounting\">Administration &amp; Comptabilit\u00e9 \/ Administration and Accounting<\/option><option value=\"SPA\">SPA<\/option><\/select><\/span> <\/label>\n<\/p>\n<p><label> Votre CV (2Mb max, pdf) \u2013 obligatoire \/ Your Resume (2Mb max, pdf) &#8211; required<br \/>\n<span class=\"wpcf7-form-control-wrap\" data-name=\"cv\"><input size=\"40\" class=\"wpcf7-form-control wpcf7-file wpcf7-validates-as-required\" accept=\".pdf\" aria-required=\"true\" aria-invalid=\"false\" type=\"file\" name=\"cv\" \/><\/span> <\/label>\n<\/p>\n<p><label> Votre Lettre de Motivation (2Mb max, pdf) \/ Your cover letter (2Mb max, pdf)<br \/>\n<span class=\"wpcf7-form-control-wrap\" data-name=\"lm\"><input size=\"40\" class=\"wpcf7-form-control wpcf7-file\" accept=\".pdf\" aria-invalid=\"false\" type=\"file\" name=\"lm\" \/><\/span> <\/label>\n<\/p>\n<p><input class=\"wpcf7-form-control wpcf7-submit has-spinner\" type=\"submit\" value=\"Envoyer\" \/>\n<\/p><p style=\"display: none !important;\" class=\"akismet-fields-container\" data-prefix=\"_wpcf7_ak_\"><label>&#916;<textarea name=\"_wpcf7_ak_hp_textarea\" cols=\"45\" rows=\"8\" maxlength=\"100\"><\/textarea><\/label><input type=\"hidden\" id=\"ak_js_1\" name=\"_wpcf7_ak_js\" value=\"155\"\/><script>document.getElementById( \"ak_js_1\" ).setAttribute( \"value\", ( new Date() ).getTime() );<\/script><\/p><div class=\"wpcf7-response-output\" aria-hidden=\"true\"><\/div>\n<\/form>\n<\/div>\n\n<\/div>\n<\/div><\/div><\/div><\/div><\/div><\/div><\/div>\n","protected":false},"excerpt":{"rendered":"","protected":false},"author":1,"featured_media":0,"parent":0,"menu_order":0,"comment_status":"closed","ping_status":"closed","template":"template-fullwidth.php","meta":{"_monsterinsights_skip_tracking":false,"_monsterinsights_sitenote_active":false,"_monsterinsights_sitenote_note":"","_monsterinsights_sitenote_category":0,"footnotes":""},"class_list":["post-1333","page","type-page","status-publish","hentry"],"yoast_head":"<!-- This site is optimized with the Yoast SEO plugin v26.6 - https:\/\/yoast.com\/wordpress\/plugins\/seo\/ -->\n<title>- H\u00f4tel Villa Delisle - Ile de la R\u00e9union (974)<\/title>\n<meta name=\"description\" content=\"Rejoignez les effectifs de l&#039;h\u00f4tel La Villa Delisle dans tous les secteur d&#039;activit\u00e9 : Restauration, h\u00e9bergement, SPA...\" \/>\n<meta name=\"robots\" content=\"index, follow, max-snippet:-1, max-image-preview:large, max-video-preview:-1\" \/>\n<link rel=\"canonical\" href=\"https:\/\/villadelisle.re\/recrutement-carriere-hotel-la-villa-delisle-reunion-sud-974\/\" \/>\n<meta property=\"og:locale\" content=\"fr_FR\" \/>\n<meta property=\"og:type\" content=\"article\" \/>\n<meta property=\"og:title\" content=\"- H\u00f4tel Villa Delisle - Ile de la R\u00e9union (974)\" \/>\n<meta property=\"og:description\" content=\"Rejoignez les effectifs de l&#039;h\u00f4tel La Villa Delisle dans tous les secteur d&#039;activit\u00e9 : Restauration, h\u00e9bergement, SPA...\" \/>\n<meta property=\"og:url\" content=\"https:\/\/villadelisle.re\/recrutement-carriere-hotel-la-villa-delisle-reunion-sud-974\/\" \/>\n<meta property=\"og:site_name\" content=\"H\u00f4tel Villa Delisle - Ile de la R\u00e9union (974)\" \/>\n<meta property=\"article:publisher\" content=\"https:\/\/www.facebook.com\/Hotel.Villa.Delisle\/\" \/>\n<meta property=\"article:modified_time\" content=\"2024-08-31T07:36:22+00:00\" \/>\n<meta name=\"twitter:card\" content=\"summary_large_image\" \/>\n<meta name=\"twitter:label1\" content=\"Dur\u00e9e de lecture estim\u00e9e\" \/>\n\t<meta name=\"twitter:data1\" content=\"5 minutes\" \/>\n<script type=\"application\/ld+json\" class=\"yoast-schema-graph\">{\"@context\":\"https:\/\/schema.org\",\"@graph\":[{\"@type\":\"WebPage\",\"@id\":\"https:\/\/villadelisle.re\/recrutement-carriere-hotel-la-villa-delisle-reunion-sud-974\/\",\"url\":\"https:\/\/villadelisle.re\/recrutement-carriere-hotel-la-villa-delisle-reunion-sud-974\/\",\"name\":\"- H\u00f4tel Villa Delisle - Ile de la R\u00e9union (974)\",\"isPartOf\":{\"@id\":\"https:\/\/villadelisle.re\/#website\"},\"datePublished\":\"2022-09-30T15:41:17+00:00\",\"dateModified\":\"2024-08-31T07:36:22+00:00\",\"description\":\"Rejoignez les effectifs de l'h\u00f4tel La Villa Delisle dans tous les secteur d'activit\u00e9 : Restauration, h\u00e9bergement, SPA...\",\"inLanguage\":\"fr-FR\",\"potentialAction\":[{\"@type\":\"ReadAction\",\"target\":[\"https:\/\/villadelisle.re\/recrutement-carriere-hotel-la-villa-delisle-reunion-sud-974\/\"]}]},{\"@type\":\"WebSite\",\"@id\":\"https:\/\/villadelisle.re\/#website\",\"url\":\"https:\/\/villadelisle.re\/\",\"name\":\"H\u00f4tel Villa Delisle - Ile de la R\u00e9union (974)\",\"description\":\"G\u00e9n\u00e9rosit\u00e9, R\u00eave, Sourire\",\"potentialAction\":[{\"@type\":\"SearchAction\",\"target\":{\"@type\":\"EntryPoint\",\"urlTemplate\":\"https:\/\/villadelisle.re\/?s={search_term_string}\"},\"query-input\":{\"@type\":\"PropertyValueSpecification\",\"valueRequired\":true,\"valueName\":\"search_term_string\"}}],\"inLanguage\":\"fr-FR\"}]}<\/script>\n<!-- \/ Yoast SEO plugin. -->","yoast_head_json":{"title":"- H\u00f4tel Villa Delisle - Ile de la R\u00e9union (974)","description":"Rejoignez les effectifs de l'h\u00f4tel La Villa Delisle dans tous les secteur d'activit\u00e9 : Restauration, h\u00e9bergement, SPA...","robots":{"index":"index","follow":"follow","max-snippet":"max-snippet:-1","max-image-preview":"max-image-preview:large","max-video-preview":"max-video-preview:-1"},"canonical":"https:\/\/villadelisle.re\/recrutement-carriere-hotel-la-villa-delisle-reunion-sud-974\/","og_locale":"fr_FR","og_type":"article","og_title":"- H\u00f4tel Villa Delisle - Ile de la R\u00e9union (974)","og_description":"Rejoignez les effectifs de l'h\u00f4tel La Villa Delisle dans tous les secteur d'activit\u00e9 : Restauration, h\u00e9bergement, SPA...","og_url":"https:\/\/villadelisle.re\/recrutement-carriere-hotel-la-villa-delisle-reunion-sud-974\/","og_site_name":"H\u00f4tel Villa Delisle - Ile de la R\u00e9union (974)","article_publisher":"https:\/\/www.facebook.com\/Hotel.Villa.Delisle\/","article_modified_time":"2024-08-31T07:36:22+00:00","twitter_card":"summary_large_image","twitter_misc":{"Dur\u00e9e de lecture estim\u00e9e":"5 minutes"},"schema":{"@context":"https:\/\/schema.org","@graph":[{"@type":"WebPage","@id":"https:\/\/villadelisle.re\/recrutement-carriere-hotel-la-villa-delisle-reunion-sud-974\/","url":"https:\/\/villadelisle.re\/recrutement-carriere-hotel-la-villa-delisle-reunion-sud-974\/","name":"- H\u00f4tel Villa Delisle - Ile de la R\u00e9union (974)","isPartOf":{"@id":"https:\/\/villadelisle.re\/#website"},"datePublished":"2022-09-30T15:41:17+00:00","dateModified":"2024-08-31T07:36:22+00:00","description":"Rejoignez les effectifs de l'h\u00f4tel La Villa Delisle dans tous les secteur d'activit\u00e9 : Restauration, h\u00e9bergement, SPA...","inLanguage":"fr-FR","potentialAction":[{"@type":"ReadAction","target":["https:\/\/villadelisle.re\/recrutement-carriere-hotel-la-villa-delisle-reunion-sud-974\/"]}]},{"@type":"WebSite","@id":"https:\/\/villadelisle.re\/#website","url":"https:\/\/villadelisle.re\/","name":"H\u00f4tel Villa Delisle - Ile de la R\u00e9union (974)","description":"G\u00e9n\u00e9rosit\u00e9, R\u00eave, Sourire","potentialAction":[{"@type":"SearchAction","target":{"@type":"EntryPoint","urlTemplate":"https:\/\/villadelisle.re\/?s={search_term_string}"},"query-input":{"@type":"PropertyValueSpecification","valueRequired":true,"valueName":"search_term_string"}}],"inLanguage":"fr-FR"}]}},"_links":{"self":[{"href":"https:\/\/villadelisle.re\/index.php\/wp-json\/wp\/v2\/pages\/1333","targetHints":{"allow":["GET"]}}],"collection":[{"href":"https:\/\/villadelisle.re\/index.php\/wp-json\/wp\/v2\/pages"}],"about":[{"href":"https:\/\/villadelisle.re\/index.php\/wp-json\/wp\/v2\/types\/page"}],"author":[{"embeddable":true,"href":"https:\/\/villadelisle.re\/index.php\/wp-json\/wp\/v2\/users\/1"}],"replies":[{"embeddable":true,"href":"https:\/\/villadelisle.re\/index.php\/wp-json\/wp\/v2\/comments?post=1333"}],"version-history":[{"count":53,"href":"https:\/\/villadelisle.re\/index.php\/wp-json\/wp\/v2\/pages\/1333\/revisions"}],"predecessor-version":[{"id":1764,"href":"https:\/\/villadelisle.re\/index.php\/wp-json\/wp\/v2\/pages\/1333\/revisions\/1764"}],"wp:attachment":[{"href":"https:\/\/villadelisle.re\/index.php\/wp-json\/wp\/v2\/media?parent=1333"}],"curies":[{"name":"wp","href":"https:\/\/api.w.org\/{rel}","templated":true}]}}