{"id":1602,"date":"2023-05-08T20:35:14","date_gmt":"2023-05-08T16:35:14","guid":{"rendered":"https:\/\/villadelisle.re\/index.php\/la-voile-blanche\/"},"modified":"2025-11-29T16:58:21","modified_gmt":"2025-11-29T12:58:21","slug":"la-voile-blanche","status":"publish","type":"page","link":"https:\/\/villadelisle.re\/index.php\/bar-catering\/la-voile-blanche\/?lang=en","title":{"rendered":"LA VOILE BLANCHE"},"content":{"rendered":"<div id=\"pl-1602\"  class=\"panel-layout\" ><div id=\"pg-1602-0\"  class=\"panel-grid panel-no-style\" ><div id=\"pgc-1602-0-0\"  class=\"panel-grid-cell\" ><div id=\"panel-1602-0-0-0\" class=\"so-panel widget widget_sow-button panel-first-child panel-last-child\" data-index=\"0\" ><div\n\t\t\t\n\t\t\tclass=\"so-widget-sow-button so-widget-sow-button-flat-66466acb9e12-1602\"\n\t\t\t\n\t\t><div class=\"ow-button-base ow-button-align-center\"\n>\n\t\t\t<a\n\t\t\t\t\thref=\"https:\/\/villadelisle.re\/wp-content\/uploads\/2025\/11\/DRINKS-MENU_compressed.pdf\"\n\t\t\t\t\tclass=\"sowb-button ow-icon-placement-left ow-button-hover\" target=\"_blank\" rel=\"noopener noreferrer\" \t>\n\t\t<span>\n\t\t\t\n\t\t\tDRINKS MENU\t\t<\/span>\n\t\t\t<\/a>\n\t<\/div>\n<\/div><\/div><\/div><\/div><div id=\"pg-1602-1\"  class=\"panel-grid panel-no-style\" ><div id=\"pgc-1602-1-0\"  class=\"panel-grid-cell\" ><div id=\"panel-1602-1-0-0\" class=\"so-panel widget widget_sow-editor panel-first-child panel-last-child\" data-index=\"1\" ><div\n\t\t\t\n\t\t\tclass=\"so-widget-sow-editor so-widget-sow-editor-base\"\n\t\t\t\n\t\t>\n<div class=\"siteorigin-widget-tinymce textwidget\">\n\t<div style=\"margin-top:30px;\"><\/div>\n<\/div>\n<\/div><\/div><\/div><div id=\"pgc-1602-1-1\"  class=\"panel-grid-cell\" ><div id=\"panel-1602-1-1-0\" class=\"so-panel widget widget_sow-editor panel-first-child panel-last-child\" data-index=\"2\" ><div class=\"Slider-text panel-widget-style panel-widget-style-for-1602-1-1-0\" ><div\n\t\t\t\n\t\t\tclass=\"so-widget-sow-editor so-widget-sow-editor-base\"\n\t\t\t\n\t\t>\n<div class=\"siteorigin-widget-tinymce textwidget\">\n\t<h2 style=\"text-align: center;\"><b>Breakfast and bar<\/b><\/h2>\n<div>\n<div>By the hotel swimming pool, La Voile Blanche awaits you for your moments of relaxation.<\/div>\n<div>La Voile Blanche is the ideal place to start the day on a sunny morning and finish it under a glowing sky. In the shade of palms trees, sheltered from the trades winds, you can enjoy a cocktail by our pool while tasting tapas.<\/div>\n<\/div>\n<\/div>\n<\/div><\/div><\/div><\/div><\/div><\/div>","protected":false},"excerpt":{"rendered":"<p>Breakfast and bar By the hotel swimming pool, La Voile Blanche awaits you for your moments of relaxation. La Voile Blanche is the ideal place to start the day on a sunny morning and finish it under a glowing sky. In the shade of palms trees, sheltered from the trades[&#8230;]<\/p>\n","protected":false},"author":1,"featured_media":0,"parent":1604,"menu_order":0,"comment_status":"closed","ping_status":"closed","template":"template-fullwidth.php","meta":{"_monsterinsights_skip_tracking":false,"_monsterinsights_sitenote_active":false,"_monsterinsights_sitenote_note":"","_monsterinsights_sitenote_category":0,"footnotes":""},"class_list":["post-1602","page","type-page","status-publish","hentry"],"yoast_head":"<!-- This site is optimized with the Yoast SEO plugin v26.6 - https:\/\/yoast.com\/wordpress\/plugins\/seo\/ -->\n<title>La Voile Blanche and its pool - H\u00f4tel Villa Delisle - Ile de la R\u00e9union (974)<\/title>\n<meta name=\"description\" content=\"Would you like to have breakfast by the pool? This is what we offer in our restaurant located near the lagoon of Saint-Pierre (974).\" \/>\n<meta name=\"robots\" content=\"index, follow, max-snippet:-1, max-image-preview:large, max-video-preview:-1\" \/>\n<link rel=\"canonical\" href=\"https:\/\/villadelisle.re\/index.php\/bar-catering\/la-voile-blanche\/?lang=en\" \/>\n<meta property=\"og:locale\" content=\"fr_FR\" \/>\n<meta property=\"og:type\" content=\"article\" \/>\n<meta property=\"og:title\" content=\"La Voile Blanche and its pool - H\u00f4tel Villa Delisle - Ile de la R\u00e9union (974)\" \/>\n<meta property=\"og:description\" content=\"Would you like to have breakfast by the pool? This is what we offer in our restaurant located near the lagoon of Saint-Pierre (974).\" \/>\n<meta property=\"og:url\" content=\"https:\/\/villadelisle.re\/index.php\/bar-catering\/la-voile-blanche\/?lang=en\" \/>\n<meta property=\"og:site_name\" content=\"H\u00f4tel Villa Delisle - Ile de la R\u00e9union (974)\" \/>\n<meta property=\"article:publisher\" content=\"https:\/\/www.facebook.com\/Hotel.Villa.Delisle\/\" \/>\n<meta property=\"article:modified_time\" content=\"2025-11-29T12:58:21+00:00\" \/>\n<meta name=\"twitter:card\" content=\"summary_large_image\" \/>\n<script type=\"application\/ld+json\" class=\"yoast-schema-graph\">{\"@context\":\"https:\/\/schema.org\",\"@graph\":[{\"@type\":\"WebPage\",\"@id\":\"https:\/\/villadelisle.re\/index.php\/bar-catering\/la-voile-blanche\/?lang=en\",\"url\":\"https:\/\/villadelisle.re\/index.php\/bar-catering\/la-voile-blanche\/?lang=en\",\"name\":\"La Voile Blanche and its pool - H\u00f4tel Villa Delisle - Ile de la R\u00e9union (974)\",\"isPartOf\":{\"@id\":\"https:\/\/villadelisle.re\/#website\"},\"datePublished\":\"2023-05-08T16:35:14+00:00\",\"dateModified\":\"2025-11-29T12:58:21+00:00\",\"description\":\"Would you like to have breakfast by the pool? This is what we offer in our restaurant located near the lagoon of Saint-Pierre (974).\",\"breadcrumb\":{\"@id\":\"https:\/\/villadelisle.re\/index.php\/bar-catering\/la-voile-blanche\/?lang=en#breadcrumb\"},\"inLanguage\":\"fr-FR\",\"potentialAction\":[{\"@type\":\"ReadAction\",\"target\":[\"https:\/\/villadelisle.re\/index.php\/bar-catering\/la-voile-blanche\/?lang=en\"]}]},{\"@type\":\"BreadcrumbList\",\"@id\":\"https:\/\/villadelisle.re\/index.php\/bar-catering\/la-voile-blanche\/?lang=en#breadcrumb\",\"itemListElement\":[{\"@type\":\"ListItem\",\"position\":1,\"name\":\"Accueil\",\"item\":\"https:\/\/villadelisle.re\/\"},{\"@type\":\"ListItem\",\"position\":2,\"name\":\"BAR &amp; CATERING\",\"item\":\"https:\/\/villadelisle.re\/index.php\/bar-catering\/?lang=en\"},{\"@type\":\"ListItem\",\"position\":3,\"name\":\"LA VOILE BLANCHE\"}]},{\"@type\":\"WebSite\",\"@id\":\"https:\/\/villadelisle.re\/#website\",\"url\":\"https:\/\/villadelisle.re\/\",\"name\":\"H\u00f4tel Villa Delisle - Ile de la R\u00e9union (974)\",\"description\":\"G\u00e9n\u00e9rosit\u00e9, R\u00eave, Sourire\",\"potentialAction\":[{\"@type\":\"SearchAction\",\"target\":{\"@type\":\"EntryPoint\",\"urlTemplate\":\"https:\/\/villadelisle.re\/?s={search_term_string}\"},\"query-input\":{\"@type\":\"PropertyValueSpecification\",\"valueRequired\":true,\"valueName\":\"search_term_string\"}}],\"inLanguage\":\"fr-FR\"}]}<\/script>\n<!-- \/ Yoast SEO plugin. -->","yoast_head_json":{"title":"La Voile Blanche and its pool - H\u00f4tel Villa Delisle - Ile de la R\u00e9union (974)","description":"Would you like to have breakfast by the pool? This is what we offer in our restaurant located near the lagoon of Saint-Pierre (974).","robots":{"index":"index","follow":"follow","max-snippet":"max-snippet:-1","max-image-preview":"max-image-preview:large","max-video-preview":"max-video-preview:-1"},"canonical":"https:\/\/villadelisle.re\/index.php\/bar-catering\/la-voile-blanche\/?lang=en","og_locale":"fr_FR","og_type":"article","og_title":"La Voile Blanche and its pool - H\u00f4tel Villa Delisle - Ile de la R\u00e9union (974)","og_description":"Would you like to have breakfast by the pool? This is what we offer in our restaurant located near the lagoon of Saint-Pierre (974).","og_url":"https:\/\/villadelisle.re\/index.php\/bar-catering\/la-voile-blanche\/?lang=en","og_site_name":"H\u00f4tel Villa Delisle - Ile de la R\u00e9union (974)","article_publisher":"https:\/\/www.facebook.com\/Hotel.Villa.Delisle\/","article_modified_time":"2025-11-29T12:58:21+00:00","twitter_card":"summary_large_image","schema":{"@context":"https:\/\/schema.org","@graph":[{"@type":"WebPage","@id":"https:\/\/villadelisle.re\/index.php\/bar-catering\/la-voile-blanche\/?lang=en","url":"https:\/\/villadelisle.re\/index.php\/bar-catering\/la-voile-blanche\/?lang=en","name":"La Voile Blanche and its pool - H\u00f4tel Villa Delisle - Ile de la R\u00e9union (974)","isPartOf":{"@id":"https:\/\/villadelisle.re\/#website"},"datePublished":"2023-05-08T16:35:14+00:00","dateModified":"2025-11-29T12:58:21+00:00","description":"Would you like to have breakfast by the pool? This is what we offer in our restaurant located near the lagoon of Saint-Pierre (974).","breadcrumb":{"@id":"https:\/\/villadelisle.re\/index.php\/bar-catering\/la-voile-blanche\/?lang=en#breadcrumb"},"inLanguage":"fr-FR","potentialAction":[{"@type":"ReadAction","target":["https:\/\/villadelisle.re\/index.php\/bar-catering\/la-voile-blanche\/?lang=en"]}]},{"@type":"BreadcrumbList","@id":"https:\/\/villadelisle.re\/index.php\/bar-catering\/la-voile-blanche\/?lang=en#breadcrumb","itemListElement":[{"@type":"ListItem","position":1,"name":"Accueil","item":"https:\/\/villadelisle.re\/"},{"@type":"ListItem","position":2,"name":"BAR &amp; CATERING","item":"https:\/\/villadelisle.re\/index.php\/bar-catering\/?lang=en"},{"@type":"ListItem","position":3,"name":"LA VOILE BLANCHE"}]},{"@type":"WebSite","@id":"https:\/\/villadelisle.re\/#website","url":"https:\/\/villadelisle.re\/","name":"H\u00f4tel Villa Delisle - Ile de la R\u00e9union (974)","description":"G\u00e9n\u00e9rosit\u00e9, R\u00eave, Sourire","potentialAction":[{"@type":"SearchAction","target":{"@type":"EntryPoint","urlTemplate":"https:\/\/villadelisle.re\/?s={search_term_string}"},"query-input":{"@type":"PropertyValueSpecification","valueRequired":true,"valueName":"search_term_string"}}],"inLanguage":"fr-FR"}]}},"_links":{"self":[{"href":"https:\/\/villadelisle.re\/index.php\/wp-json\/wp\/v2\/pages\/1602","targetHints":{"allow":["GET"]}}],"collection":[{"href":"https:\/\/villadelisle.re\/index.php\/wp-json\/wp\/v2\/pages"}],"about":[{"href":"https:\/\/villadelisle.re\/index.php\/wp-json\/wp\/v2\/types\/page"}],"author":[{"embeddable":true,"href":"https:\/\/villadelisle.re\/index.php\/wp-json\/wp\/v2\/users\/1"}],"replies":[{"embeddable":true,"href":"https:\/\/villadelisle.re\/index.php\/wp-json\/wp\/v2\/comments?post=1602"}],"version-history":[{"count":1,"href":"https:\/\/villadelisle.re\/index.php\/wp-json\/wp\/v2\/pages\/1602\/revisions"}],"predecessor-version":[{"id":1690,"href":"https:\/\/villadelisle.re\/index.php\/wp-json\/wp\/v2\/pages\/1602\/revisions\/1690"}],"up":[{"embeddable":true,"href":"https:\/\/villadelisle.re\/index.php\/wp-json\/wp\/v2\/pages\/1604"}],"wp:attachment":[{"href":"https:\/\/villadelisle.re\/index.php\/wp-json\/wp\/v2\/media?parent=1602"}],"curies":[{"name":"wp","href":"https:\/\/api.w.org\/{rel}","templated":true}]}}