{"id":1606,"date":"2023-05-08T21:03:32","date_gmt":"2023-05-08T17:03:32","guid":{"rendered":"https:\/\/villadelisle.re\/index.php\/home\/accomodation\/"},"modified":"2024-03-28T13:30:46","modified_gmt":"2024-03-28T09:30:46","slug":"accomodation","status":"publish","type":"page","link":"https:\/\/villadelisle.re\/index.php\/home\/accomodation\/?lang=en","title":{"rendered":"ACCOMODATION"},"content":{"rendered":"<div id=\"pl-1606\"  class=\"panel-layout\" ><div id=\"pg-1606-0\"  class=\"panel-grid panel-no-style\" ><div id=\"pgc-1606-0-0\"  class=\"panel-grid-cell\" ><div id=\"panel-1606-0-0-0\" class=\"so-panel widget widget_sow-editor panel-first-child panel-last-child\" data-index=\"0\" ><div\n\t\t\t\n\t\t\tclass=\"so-widget-sow-editor so-widget-sow-editor-base\"\n\t\t\t\n\t\t>\n<div class=\"siteorigin-widget-tinymce textwidget\">\n\t<p style=\"text-align: center;\">It was while dreaming of a beautiful Creole house in the Indian Ocean that the ideas for Villa Delisle appeared. Materials, colors, lights and a large garden to let the endemic flora express itself, a few steps from a blue lagoon. With its tropical setting in the heart of the beautiful city of Saint Pierre, Villa Delisle and its 41 rooms offer you more than an identity: a soul.<\/p>\n<\/div>\n<\/div><\/div><\/div><\/div><div id=\"pg-1606-1\"  class=\"panel-grid panel-no-style\" ><div id=\"pgc-1606-1-0\"  class=\"panel-grid-cell\" ><div id=\"panel-1606-1-0-0\" class=\"so-panel widget widget_sow-button panel-first-child panel-last-child\" data-index=\"1\" ><div\n\t\t\t\n\t\t\tclass=\"so-widget-sow-button so-widget-sow-button-atom-f54c0409268f-1606\"\n\t\t\t\n\t\t><div class=\"ow-button-base ow-button-align-center\"\n>\n\t\t\t<a\n\t\t\t\t\thref=\"https:\/\/villadelisle.re\/index.php\/hotel-saint-pierre-la-reunion-974\/hebergement-chambres\/hebergement-chambre-standard\/\"\n\t\t\t\t\tclass=\"sowb-button ow-icon-placement-left ow-button-hover\" \t>\n\t\t<span>\n\t\t\t\n\t\t\tSTANDARD ROOM\t\t<\/span>\n\t\t\t<\/a>\n\t<\/div>\n<\/div><\/div><\/div><div id=\"pgc-1606-1-1\"  class=\"panel-grid-cell\" ><div id=\"panel-1606-1-1-0\" class=\"so-panel widget widget_sow-button panel-first-child panel-last-child\" data-index=\"2\" ><div\n\t\t\t\n\t\t\tclass=\"so-widget-sow-button so-widget-sow-button-atom-f54c0409268f-1606\"\n\t\t\t\n\t\t><div class=\"ow-button-base ow-button-align-center\"\n>\n\t\t\t<a\n\t\t\t\t\thref=\"https:\/\/villadelisle.re\/index.php\/hotel-saint-pierre-la-reunion-974\/hebergement-chambres\/hebergement-chambre-superieure\/\"\n\t\t\t\t\tclass=\"sowb-button ow-icon-placement-left ow-button-hover\" \t>\n\t\t<span>\n\t\t\t\n\t\t\tSUPERIOR ROOM\t\t<\/span>\n\t\t\t<\/a>\n\t<\/div>\n<\/div><\/div><\/div><div id=\"pgc-1606-1-2\"  class=\"panel-grid-cell\" ><div id=\"panel-1606-1-2-0\" class=\"so-panel widget widget_sow-button panel-first-child panel-last-child\" data-index=\"3\" ><div\n\t\t\t\n\t\t\tclass=\"so-widget-sow-button so-widget-sow-button-atom-f54c0409268f-1606\"\n\t\t\t\n\t\t><div class=\"ow-button-base ow-button-align-center\"\n>\n\t\t\t<a\n\t\t\t\t\thref=\"https:\/\/villadelisle.re\/index.php\/hotel-saint-pierre-la-reunion-974\/hebergement-chambres\/hebergement-suite-junior\/\"\n\t\t\t\t\tclass=\"sowb-button ow-icon-placement-left ow-button-hover\" \t>\n\t\t<span>\n\t\t\t\n\t\t\tJUNIOR SUITE\t\t<\/span>\n\t\t\t<\/a>\n\t<\/div>\n<\/div><\/div><\/div><\/div><\/div>","protected":false},"excerpt":{"rendered":"<p>It was while dreaming of a beautiful Creole house in the Indian Ocean that the ideas for Villa Delisle appeared. Materials, colors, lights and a large garden to let the endemic flora express itself, a few steps from a blue lagoon. With its tropical setting in the heart of the[&#8230;]<\/p>\n","protected":false},"author":1,"featured_media":0,"parent":1555,"menu_order":0,"comment_status":"closed","ping_status":"closed","template":"template-fullwidth.php","meta":{"_monsterinsights_skip_tracking":false,"_monsterinsights_sitenote_active":false,"_monsterinsights_sitenote_note":"","_monsterinsights_sitenote_category":0,"footnotes":""},"class_list":["post-1606","page","type-page","status-publish","hentry"],"yoast_head":"<!-- This site is optimized with the Yoast SEO plugin v26.6 - https:\/\/yoast.com\/wordpress\/plugins\/seo\/ -->\n<title>Accomodation \/ Our rooms - H\u00f4tel Villa Delisle - Ile de la R\u00e9union (974)<\/title>\n<meta name=\"description\" content=\"Come and discover the rooms of our hotel in Reunion Island (974). Find our standard rooms, superior rooms or our &quot;Junior&quot; suites.\" \/>\n<meta name=\"robots\" content=\"index, follow, max-snippet:-1, max-image-preview:large, max-video-preview:-1\" \/>\n<link rel=\"canonical\" href=\"https:\/\/villadelisle.re\/index.php\/home\/accomodation\/?lang=en\" \/>\n<meta property=\"og:locale\" content=\"fr_FR\" \/>\n<meta property=\"og:type\" content=\"article\" \/>\n<meta property=\"og:title\" content=\"Accomodation \/ Our rooms - H\u00f4tel Villa Delisle - Ile de la R\u00e9union (974)\" \/>\n<meta property=\"og:description\" content=\"Come and discover the rooms of our hotel in Reunion Island (974). Find our standard rooms, superior rooms or our &quot;Junior&quot; suites.\" \/>\n<meta property=\"og:url\" content=\"https:\/\/villadelisle.re\/index.php\/home\/accomodation\/?lang=en\" \/>\n<meta property=\"og:site_name\" content=\"H\u00f4tel Villa Delisle - Ile de la R\u00e9union (974)\" \/>\n<meta property=\"article:publisher\" content=\"https:\/\/www.facebook.com\/Hotel.Villa.Delisle\/\" \/>\n<meta property=\"article:modified_time\" content=\"2024-03-28T09:30:46+00:00\" \/>\n<meta name=\"twitter:card\" content=\"summary_large_image\" \/>\n<script type=\"application\/ld+json\" class=\"yoast-schema-graph\">{\"@context\":\"https:\/\/schema.org\",\"@graph\":[{\"@type\":\"WebPage\",\"@id\":\"https:\/\/villadelisle.re\/index.php\/home\/accomodation\/?lang=en\",\"url\":\"https:\/\/villadelisle.re\/index.php\/home\/accomodation\/?lang=en\",\"name\":\"Accomodation \/ Our rooms - H\u00f4tel Villa Delisle - Ile de la R\u00e9union (974)\",\"isPartOf\":{\"@id\":\"https:\/\/villadelisle.re\/#website\"},\"datePublished\":\"2023-05-08T17:03:32+00:00\",\"dateModified\":\"2024-03-28T09:30:46+00:00\",\"description\":\"Come and discover the rooms of our hotel in Reunion Island (974). Find our standard rooms, superior rooms or our \\\"Junior\\\" suites.\",\"breadcrumb\":{\"@id\":\"https:\/\/villadelisle.re\/index.php\/home\/accomodation\/?lang=en#breadcrumb\"},\"inLanguage\":\"fr-FR\",\"potentialAction\":[{\"@type\":\"ReadAction\",\"target\":[\"https:\/\/villadelisle.re\/index.php\/home\/accomodation\/?lang=en\"]}]},{\"@type\":\"BreadcrumbList\",\"@id\":\"https:\/\/villadelisle.re\/index.php\/home\/accomodation\/?lang=en#breadcrumb\",\"itemListElement\":[{\"@type\":\"ListItem\",\"position\":1,\"name\":\"Accueil\",\"item\":\"https:\/\/villadelisle.re\/\"},{\"@type\":\"ListItem\",\"position\":2,\"name\":\"Home\",\"item\":\"https:\/\/villadelisle.re\/index.php\/home\/?lang=en\"},{\"@type\":\"ListItem\",\"position\":3,\"name\":\"ACCOMODATION\"}]},{\"@type\":\"WebSite\",\"@id\":\"https:\/\/villadelisle.re\/#website\",\"url\":\"https:\/\/villadelisle.re\/\",\"name\":\"H\u00f4tel Villa Delisle - Ile de la R\u00e9union (974)\",\"description\":\"G\u00e9n\u00e9rosit\u00e9, R\u00eave, Sourire\",\"potentialAction\":[{\"@type\":\"SearchAction\",\"target\":{\"@type\":\"EntryPoint\",\"urlTemplate\":\"https:\/\/villadelisle.re\/?s={search_term_string}\"},\"query-input\":{\"@type\":\"PropertyValueSpecification\",\"valueRequired\":true,\"valueName\":\"search_term_string\"}}],\"inLanguage\":\"fr-FR\"}]}<\/script>\n<!-- \/ Yoast SEO plugin. -->","yoast_head_json":{"title":"Accomodation \/ Our rooms - H\u00f4tel Villa Delisle - Ile de la R\u00e9union (974)","description":"Come and discover the rooms of our hotel in Reunion Island (974). Find our standard rooms, superior rooms or our \"Junior\" suites.","robots":{"index":"index","follow":"follow","max-snippet":"max-snippet:-1","max-image-preview":"max-image-preview:large","max-video-preview":"max-video-preview:-1"},"canonical":"https:\/\/villadelisle.re\/index.php\/home\/accomodation\/?lang=en","og_locale":"fr_FR","og_type":"article","og_title":"Accomodation \/ Our rooms - H\u00f4tel Villa Delisle - Ile de la R\u00e9union (974)","og_description":"Come and discover the rooms of our hotel in Reunion Island (974). Find our standard rooms, superior rooms or our \"Junior\" suites.","og_url":"https:\/\/villadelisle.re\/index.php\/home\/accomodation\/?lang=en","og_site_name":"H\u00f4tel Villa Delisle - Ile de la R\u00e9union (974)","article_publisher":"https:\/\/www.facebook.com\/Hotel.Villa.Delisle\/","article_modified_time":"2024-03-28T09:30:46+00:00","twitter_card":"summary_large_image","schema":{"@context":"https:\/\/schema.org","@graph":[{"@type":"WebPage","@id":"https:\/\/villadelisle.re\/index.php\/home\/accomodation\/?lang=en","url":"https:\/\/villadelisle.re\/index.php\/home\/accomodation\/?lang=en","name":"Accomodation \/ Our rooms - H\u00f4tel Villa Delisle - Ile de la R\u00e9union (974)","isPartOf":{"@id":"https:\/\/villadelisle.re\/#website"},"datePublished":"2023-05-08T17:03:32+00:00","dateModified":"2024-03-28T09:30:46+00:00","description":"Come and discover the rooms of our hotel in Reunion Island (974). Find our standard rooms, superior rooms or our \"Junior\" suites.","breadcrumb":{"@id":"https:\/\/villadelisle.re\/index.php\/home\/accomodation\/?lang=en#breadcrumb"},"inLanguage":"fr-FR","potentialAction":[{"@type":"ReadAction","target":["https:\/\/villadelisle.re\/index.php\/home\/accomodation\/?lang=en"]}]},{"@type":"BreadcrumbList","@id":"https:\/\/villadelisle.re\/index.php\/home\/accomodation\/?lang=en#breadcrumb","itemListElement":[{"@type":"ListItem","position":1,"name":"Accueil","item":"https:\/\/villadelisle.re\/"},{"@type":"ListItem","position":2,"name":"Home","item":"https:\/\/villadelisle.re\/index.php\/home\/?lang=en"},{"@type":"ListItem","position":3,"name":"ACCOMODATION"}]},{"@type":"WebSite","@id":"https:\/\/villadelisle.re\/#website","url":"https:\/\/villadelisle.re\/","name":"H\u00f4tel Villa Delisle - Ile de la R\u00e9union (974)","description":"G\u00e9n\u00e9rosit\u00e9, R\u00eave, Sourire","potentialAction":[{"@type":"SearchAction","target":{"@type":"EntryPoint","urlTemplate":"https:\/\/villadelisle.re\/?s={search_term_string}"},"query-input":{"@type":"PropertyValueSpecification","valueRequired":true,"valueName":"search_term_string"}}],"inLanguage":"fr-FR"}]}},"_links":{"self":[{"href":"https:\/\/villadelisle.re\/index.php\/wp-json\/wp\/v2\/pages\/1606","targetHints":{"allow":["GET"]}}],"collection":[{"href":"https:\/\/villadelisle.re\/index.php\/wp-json\/wp\/v2\/pages"}],"about":[{"href":"https:\/\/villadelisle.re\/index.php\/wp-json\/wp\/v2\/types\/page"}],"author":[{"embeddable":true,"href":"https:\/\/villadelisle.re\/index.php\/wp-json\/wp\/v2\/users\/1"}],"replies":[{"embeddable":true,"href":"https:\/\/villadelisle.re\/index.php\/wp-json\/wp\/v2\/comments?post=1606"}],"version-history":[{"count":1,"href":"https:\/\/villadelisle.re\/index.php\/wp-json\/wp\/v2\/pages\/1606\/revisions"}],"predecessor-version":[{"id":1720,"href":"https:\/\/villadelisle.re\/index.php\/wp-json\/wp\/v2\/pages\/1606\/revisions\/1720"}],"up":[{"embeddable":true,"href":"https:\/\/villadelisle.re\/index.php\/wp-json\/wp\/v2\/pages\/1555"}],"wp:attachment":[{"href":"https:\/\/villadelisle.re\/index.php\/wp-json\/wp\/v2\/media?parent=1606"}],"curies":[{"name":"wp","href":"https:\/\/api.w.org\/{rel}","templated":true}]}}