{"id":1608,"date":"2023-05-08T21:13:48","date_gmt":"2023-05-08T17:13:48","guid":{"rendered":"https:\/\/villadelisle.re\/index.php\/home\/accomodation\/accomodation-standard-room\/"},"modified":"2023-05-08T21:13:48","modified_gmt":"2023-05-08T17:13:48","slug":"accomodation-standard-room","status":"publish","type":"page","link":"https:\/\/villadelisle.re\/index.php\/home\/accomodation\/accomodation-standard-room\/?lang=en","title":{"rendered":"ACCOMODATION : STANDARD ROOM"},"content":{"rendered":"<div id=\"pl-1608\"  class=\"panel-layout\" ><div id=\"pg-1608-0\"  class=\"panel-grid panel-no-style\" ><div id=\"pgc-1608-0-0\"  class=\"panel-grid-cell\" ><div id=\"panel-1608-0-0-0\" class=\"so-panel widget widget_sow-editor panel-first-child panel-last-child\" data-index=\"0\" ><div\n\t\t\t\n\t\t\tclass=\"so-widget-sow-editor so-widget-sow-editor-base\"\n\t\t\t\n\t\t>\n<div class=\"siteorigin-widget-tinymce textwidget\">\n\t<p style=\"text-align: center;\">It was while dreaming of a beautiful Creole house in the Indian Ocean that the ideas for Villa Delisle appeared. Materials, colors, lights and a large garden to let the endemic flora express itself, a few steps from a blue lagoon. With this tropical setting in the heart of the beautiful city of Saint Pierre, Villa Delisle offers you more than an identity: a soul.<\/p>\n<h2><\/h2>\n<\/div>\n<\/div><\/div><\/div><\/div><div id=\"pg-1608-1\"  class=\"panel-grid panel-no-style\" ><div id=\"pgc-1608-1-0\"  class=\"panel-grid-cell\" ><div id=\"panel-1608-1-0-0\" class=\"so-panel widget widget_sow-editor panel-first-child panel-last-child\" data-index=\"1\" ><div\n\t\t\t\n\t\t\tclass=\"so-widget-sow-editor so-widget-sow-editor-base\"\n\t\t\t\n\t\t>\n<div class=\"siteorigin-widget-tinymce textwidget\">\n\t<table style=\"margin:auto; text-align:center;\">\n<tbody>\n<tr>\n<td><i class=\"fa fa-tv \" ><\/i> TV<\/td>\n<td><i class=\"fa fa-wifi \" ><\/i> Wifi<\/td>\n<td><i class=\"fa fa-car \" ><\/i> Car Park<\/td>\n<td><i class=\"fa fa-lock \" ><\/i> Safe<\/td>\n<td style=\"width:170px;\"><i class=\"fa fa-tint \" ><\/i> Air conditioning<\/td>\n<td style=\"width:170px;\"><i class=\"fa fa-coffee \" ><\/i> Room Service<\/td>\n<\/tr>\n<\/tbody>\n<\/table>\n<\/div>\n<\/div><\/div><\/div><\/div><div id=\"pg-1608-2\"  class=\"panel-grid panel-no-style\" ><div id=\"pgc-1608-2-0\"  class=\"panel-grid-cell\" ><div id=\"panel-1608-2-0-0\" class=\"so-panel widget widget_sow-editor panel-first-child panel-last-child\" data-index=\"2\" ><div\n\t\t\t\n\t\t\tclass=\"so-widget-sow-editor so-widget-sow-editor-base\"\n\t\t\t\n\t\t>\n<div class=\"siteorigin-widget-tinymce textwidget\">\n\t<div style=\"margin-top:30px;\"><\/div>\n<\/div>\n<\/div><\/div><\/div><div id=\"pgc-1608-2-1\"  class=\"panel-grid-cell\" ><div id=\"panel-1608-2-1-0\" class=\"so-panel widget widget_sow-editor panel-first-child panel-last-child\" data-index=\"3\" ><div class=\"Slider-text panel-widget-style panel-widget-style-for-1608-2-1-0\" ><div\n\t\t\t\n\t\t\tclass=\"so-widget-sow-editor so-widget-sow-editor-base\"\n\t\t\t\n\t\t>\n<div class=\"siteorigin-widget-tinymce textwidget\">\n\t<h2>The standard rooms of La Villa Delisle<\/h2>\n<p>The standard rooms are the most accessible offer of the Villa Delisle hotel in terms of accommodation. But as it should be in a luxury establishment, these rooms offer all the comforts and qualities exclusive to Villa Delisle. A stylish decoration, a vast and harmonious space, a walk-in shower and all the necessary and pleasant equipment for your stopover.<\/p>\n<p>Available in the Bananiers and Parrots areas, they will provide you with a perfect setting for rest and privacy, alone, as a couple or even as a family thanks to the availability of connecting rooms.<\/p>\n<h3>Description<\/h3>\n<ul>\n<li>Area 22 m\u00b2<\/li>\n<li>Maximum capacity 2 people<\/li>\n<li>City Center View \/ Parking<\/li>\n<li>Queen size bed or Twin<\/li>\n<li>Large desk<\/li>\n<\/ul>\n<\/div>\n<\/div><\/div><\/div><\/div><\/div><div id=\"pg-1608-3\"  class=\"panel-grid panel-no-style\" ><div id=\"pgc-1608-3-0\"  class=\"panel-grid-cell\" ><div id=\"panel-1608-3-0-0\" class=\"so-panel widget widget_sow-editor panel-first-child panel-last-child\" data-index=\"4\" ><div\n\t\t\t\n\t\t\tclass=\"so-widget-sow-editor so-widget-sow-editor-base\"\n\t\t\t\n\t\t>\n<div class=\"siteorigin-widget-tinymce textwidget\">\n\t<h3 style=\"text-align: center;\"><strong>Simulate the cost of your accommodation : <a href=\"https:\/\/www.secure-hotel-booking.com\/smart\/Villa-Delisle\/2VBX\/fr\/\" target=\"_blank\" rel=\"noopener\">SIMULATE<\/a><\/strong><\/h3>\n<\/div>\n<\/div><\/div><\/div><\/div><div id=\"pg-1608-4\"  class=\"panel-grid panel-no-style\" ><div id=\"pgc-1608-4-0\"  class=\"panel-grid-cell\" ><div id=\"panel-1608-4-0-0\" class=\"so-panel widget widget_sow-button panel-first-child panel-last-child\" data-index=\"5\" ><div\n\t\t\t\n\t\t\tclass=\"so-widget-sow-button so-widget-sow-button-atom-f54c0409268f-1608\"\n\t\t\t\n\t\t><div class=\"ow-button-base ow-button-align-center\"\n>\n\t\t\t<a\n\t\t\t\t\thref=\"https:\/\/villadelisle.re\/index.php\/hotel-saint-pierre-la-reunion-974\/hebergement-chambres\/hebergement-chambre-superieure\/\"\n\t\t\t\t\tclass=\"sowb-button ow-icon-placement-left ow-button-hover\" \t>\n\t\t<span>\n\t\t\t\n\t\t\tSUPERIOR ROOM\t\t<\/span>\n\t\t\t<\/a>\n\t<\/div>\n<\/div><\/div><\/div><div id=\"pgc-1608-4-1\"  class=\"panel-grid-cell\" ><div id=\"panel-1608-4-1-0\" class=\"so-panel widget widget_sow-button panel-first-child panel-last-child\" data-index=\"6\" ><div\n\t\t\t\n\t\t\tclass=\"so-widget-sow-button so-widget-sow-button-atom-f54c0409268f-1608\"\n\t\t\t\n\t\t><div class=\"ow-button-base ow-button-align-center\"\n>\n\t\t\t<a\n\t\t\t\t\thref=\"https:\/\/villadelisle.re\/index.php\/hotel-saint-pierre-la-reunion-974\/hebergement-chambres\/hebergement-suite-junior\/\"\n\t\t\t\t\tclass=\"sowb-button ow-icon-placement-left ow-button-hover\" \t>\n\t\t<span>\n\t\t\t\n\t\t\tJUNIOR SUITE\t\t<\/span>\n\t\t\t<\/a>\n\t<\/div>\n<\/div><\/div><\/div><\/div><\/div>","protected":false},"excerpt":{"rendered":"<p>It was while dreaming of a beautiful Creole house in the Indian Ocean that the ideas for Villa Delisle appeared. Materials, colors, lights and a large garden to let the endemic flora express itself, a few steps from a blue lagoon. With this tropical setting in the heart of the[&#8230;]<\/p>\n","protected":false},"author":1,"featured_media":0,"parent":1606,"menu_order":0,"comment_status":"closed","ping_status":"closed","template":"template-fullwidth.php","meta":{"_monsterinsights_skip_tracking":false,"_monsterinsights_sitenote_active":false,"_monsterinsights_sitenote_note":"","_monsterinsights_sitenote_category":0,"footnotes":""},"class_list":["post-1608","page","type-page","status-publish","hentry"],"yoast_head":"<!-- This site is optimized with the Yoast SEO plugin v26.6 - https:\/\/yoast.com\/wordpress\/plugins\/seo\/ -->\n<title>Our standard rooms - H\u00f4tel Villa Delisle - Ile de la R\u00e9union (974)<\/title>\n<meta name=\"description\" content=\"The standard rooms are the most accessible offer of the Villa Delisle hotel in terms of accommodation. Book a hotel night in Reunion Island (974).\" \/>\n<meta name=\"robots\" content=\"index, follow, max-snippet:-1, max-image-preview:large, max-video-preview:-1\" \/>\n<link rel=\"canonical\" href=\"https:\/\/villadelisle.re\/index.php\/home\/accomodation\/accomodation-standard-room\/?lang=en\" \/>\n<meta property=\"og:locale\" content=\"fr_FR\" \/>\n<meta property=\"og:type\" content=\"article\" \/>\n<meta property=\"og:title\" content=\"Our standard rooms - H\u00f4tel Villa Delisle - Ile de la R\u00e9union (974)\" \/>\n<meta property=\"og:description\" content=\"The standard rooms are the most accessible offer of the Villa Delisle hotel in terms of accommodation. Book a hotel night in Reunion Island (974).\" \/>\n<meta property=\"og:url\" content=\"https:\/\/villadelisle.re\/index.php\/home\/accomodation\/accomodation-standard-room\/?lang=en\" \/>\n<meta property=\"og:site_name\" content=\"H\u00f4tel Villa Delisle - Ile de la R\u00e9union (974)\" \/>\n<meta property=\"article:publisher\" content=\"https:\/\/www.facebook.com\/Hotel.Villa.Delisle\/\" \/>\n<meta name=\"twitter:card\" content=\"summary_large_image\" \/>\n<script type=\"application\/ld+json\" class=\"yoast-schema-graph\">{\"@context\":\"https:\/\/schema.org\",\"@graph\":[{\"@type\":\"WebPage\",\"@id\":\"https:\/\/villadelisle.re\/index.php\/home\/accomodation\/accomodation-standard-room\/?lang=en\",\"url\":\"https:\/\/villadelisle.re\/index.php\/home\/accomodation\/accomodation-standard-room\/?lang=en\",\"name\":\"Our standard rooms - H\u00f4tel Villa Delisle - Ile de la R\u00e9union (974)\",\"isPartOf\":{\"@id\":\"https:\/\/villadelisle.re\/#website\"},\"datePublished\":\"2023-05-08T17:13:48+00:00\",\"description\":\"The standard rooms are the most accessible offer of the Villa Delisle hotel in terms of accommodation. Book a hotel night in Reunion Island (974).\",\"breadcrumb\":{\"@id\":\"https:\/\/villadelisle.re\/index.php\/home\/accomodation\/accomodation-standard-room\/?lang=en#breadcrumb\"},\"inLanguage\":\"fr-FR\",\"potentialAction\":[{\"@type\":\"ReadAction\",\"target\":[\"https:\/\/villadelisle.re\/index.php\/home\/accomodation\/accomodation-standard-room\/?lang=en\"]}]},{\"@type\":\"BreadcrumbList\",\"@id\":\"https:\/\/villadelisle.re\/index.php\/home\/accomodation\/accomodation-standard-room\/?lang=en#breadcrumb\",\"itemListElement\":[{\"@type\":\"ListItem\",\"position\":1,\"name\":\"Accueil\",\"item\":\"https:\/\/villadelisle.re\/\"},{\"@type\":\"ListItem\",\"position\":2,\"name\":\"Home\",\"item\":\"https:\/\/villadelisle.re\/index.php\/home\/?lang=en\"},{\"@type\":\"ListItem\",\"position\":3,\"name\":\"ACCOMODATION\",\"item\":\"https:\/\/villadelisle.re\/index.php\/home\/accomodation\/?lang=en\"},{\"@type\":\"ListItem\",\"position\":4,\"name\":\"ACCOMODATION : STANDARD ROOM\"}]},{\"@type\":\"WebSite\",\"@id\":\"https:\/\/villadelisle.re\/#website\",\"url\":\"https:\/\/villadelisle.re\/\",\"name\":\"H\u00f4tel Villa Delisle - Ile de la R\u00e9union (974)\",\"description\":\"G\u00e9n\u00e9rosit\u00e9, R\u00eave, Sourire\",\"potentialAction\":[{\"@type\":\"SearchAction\",\"target\":{\"@type\":\"EntryPoint\",\"urlTemplate\":\"https:\/\/villadelisle.re\/?s={search_term_string}\"},\"query-input\":{\"@type\":\"PropertyValueSpecification\",\"valueRequired\":true,\"valueName\":\"search_term_string\"}}],\"inLanguage\":\"fr-FR\"}]}<\/script>\n<!-- \/ Yoast SEO plugin. -->","yoast_head_json":{"title":"Our standard rooms - H\u00f4tel Villa Delisle - Ile de la R\u00e9union (974)","description":"The standard rooms are the most accessible offer of the Villa Delisle hotel in terms of accommodation. Book a hotel night in Reunion Island (974).","robots":{"index":"index","follow":"follow","max-snippet":"max-snippet:-1","max-image-preview":"max-image-preview:large","max-video-preview":"max-video-preview:-1"},"canonical":"https:\/\/villadelisle.re\/index.php\/home\/accomodation\/accomodation-standard-room\/?lang=en","og_locale":"fr_FR","og_type":"article","og_title":"Our standard rooms - H\u00f4tel Villa Delisle - Ile de la R\u00e9union (974)","og_description":"The standard rooms are the most accessible offer of the Villa Delisle hotel in terms of accommodation. Book a hotel night in Reunion Island (974).","og_url":"https:\/\/villadelisle.re\/index.php\/home\/accomodation\/accomodation-standard-room\/?lang=en","og_site_name":"H\u00f4tel Villa Delisle - Ile de la R\u00e9union (974)","article_publisher":"https:\/\/www.facebook.com\/Hotel.Villa.Delisle\/","twitter_card":"summary_large_image","schema":{"@context":"https:\/\/schema.org","@graph":[{"@type":"WebPage","@id":"https:\/\/villadelisle.re\/index.php\/home\/accomodation\/accomodation-standard-room\/?lang=en","url":"https:\/\/villadelisle.re\/index.php\/home\/accomodation\/accomodation-standard-room\/?lang=en","name":"Our standard rooms - H\u00f4tel Villa Delisle - Ile de la R\u00e9union (974)","isPartOf":{"@id":"https:\/\/villadelisle.re\/#website"},"datePublished":"2023-05-08T17:13:48+00:00","description":"The standard rooms are the most accessible offer of the Villa Delisle hotel in terms of accommodation. Book a hotel night in Reunion Island (974).","breadcrumb":{"@id":"https:\/\/villadelisle.re\/index.php\/home\/accomodation\/accomodation-standard-room\/?lang=en#breadcrumb"},"inLanguage":"fr-FR","potentialAction":[{"@type":"ReadAction","target":["https:\/\/villadelisle.re\/index.php\/home\/accomodation\/accomodation-standard-room\/?lang=en"]}]},{"@type":"BreadcrumbList","@id":"https:\/\/villadelisle.re\/index.php\/home\/accomodation\/accomodation-standard-room\/?lang=en#breadcrumb","itemListElement":[{"@type":"ListItem","position":1,"name":"Accueil","item":"https:\/\/villadelisle.re\/"},{"@type":"ListItem","position":2,"name":"Home","item":"https:\/\/villadelisle.re\/index.php\/home\/?lang=en"},{"@type":"ListItem","position":3,"name":"ACCOMODATION","item":"https:\/\/villadelisle.re\/index.php\/home\/accomodation\/?lang=en"},{"@type":"ListItem","position":4,"name":"ACCOMODATION : STANDARD ROOM"}]},{"@type":"WebSite","@id":"https:\/\/villadelisle.re\/#website","url":"https:\/\/villadelisle.re\/","name":"H\u00f4tel Villa Delisle - Ile de la R\u00e9union (974)","description":"G\u00e9n\u00e9rosit\u00e9, R\u00eave, Sourire","potentialAction":[{"@type":"SearchAction","target":{"@type":"EntryPoint","urlTemplate":"https:\/\/villadelisle.re\/?s={search_term_string}"},"query-input":{"@type":"PropertyValueSpecification","valueRequired":true,"valueName":"search_term_string"}}],"inLanguage":"fr-FR"}]}},"_links":{"self":[{"href":"https:\/\/villadelisle.re\/index.php\/wp-json\/wp\/v2\/pages\/1608","targetHints":{"allow":["GET"]}}],"collection":[{"href":"https:\/\/villadelisle.re\/index.php\/wp-json\/wp\/v2\/pages"}],"about":[{"href":"https:\/\/villadelisle.re\/index.php\/wp-json\/wp\/v2\/types\/page"}],"author":[{"embeddable":true,"href":"https:\/\/villadelisle.re\/index.php\/wp-json\/wp\/v2\/users\/1"}],"replies":[{"embeddable":true,"href":"https:\/\/villadelisle.re\/index.php\/wp-json\/wp\/v2\/comments?post=1608"}],"version-history":[{"count":0,"href":"https:\/\/villadelisle.re\/index.php\/wp-json\/wp\/v2\/pages\/1608\/revisions"}],"up":[{"embeddable":true,"href":"https:\/\/villadelisle.re\/index.php\/wp-json\/wp\/v2\/pages\/1606"}],"wp:attachment":[{"href":"https:\/\/villadelisle.re\/index.php\/wp-json\/wp\/v2\/media?parent=1608"}],"curies":[{"name":"wp","href":"https:\/\/api.w.org\/{rel}","templated":true}]}}