{"id":1618,"date":"2023-05-10T11:29:37","date_gmt":"2023-05-10T07:29:37","guid":{"rendered":"https:\/\/villadelisle.re\/index.php\/casino\/"},"modified":"2023-05-10T11:29:37","modified_gmt":"2023-05-10T07:29:37","slug":"casino","status":"publish","type":"page","link":"https:\/\/villadelisle.re\/index.php\/casino\/?lang=en","title":{"rendered":"CASINO"},"content":{"rendered":"<div><\/div>\n<h2><\/h2>\n<h2>The Casino of Saint-Pierre<\/h2>\n<h3>The thrill of gambling, the emotion of luck<\/h3>\n<p><strong>The Villa Delisle is the only hotel in the south to offer its guests access to a casino, offering gaming tables, slot machines, poker tournaments and other card games. <\/strong><\/p>\n<h3>Casino du Sud<\/h3>\n<p>With its 3 large rooms, its 2 bars and its animations, the <em>Casino du Sud<\/em> you a setting that will transport you into the world of dreams. Two atmospheres await you: red, with its state-of-the-art electronic games, from poker to digital roulette, and blue, in the large traditional games room. This is where you will find the two English Roulette tables, the Black Jack table and several poker tables.<\/p>\n<p>Website: http:\/\/www.casinodusud.re\/<\/p>\n","protected":false},"excerpt":{"rendered":"<p>The Casino of Saint-Pierre The thrill of gambling, the emotion of luck The Villa Delisle is the only hotel in the south to offer its guests access to a casino, offering gaming tables, slot machines, poker tournaments and other card games. Casino du Sud With its 3 large rooms, its[&#8230;]<\/p>\n","protected":false},"author":1,"featured_media":0,"parent":0,"menu_order":0,"comment_status":"closed","ping_status":"closed","template":"template-fullwidth.php","meta":{"_monsterinsights_skip_tracking":false,"_monsterinsights_sitenote_active":false,"_monsterinsights_sitenote_note":"","_monsterinsights_sitenote_category":0,"footnotes":""},"class_list":["post-1618","page","type-page","status-publish","hentry"],"yoast_head":"<!-- This site is optimized with the Yoast SEO plugin v26.6 - https:\/\/yoast.com\/wordpress\/plugins\/seo\/ -->\n<title>The Casino of the South of Reunion Island - H\u00f4tel Villa Delisle - Ile de la R\u00e9union (974)<\/title>\n<meta name=\"description\" content=\"Discover the casino of the south of Reunion Island (974) located in Saint-Pierre. The casino is located near the Villa Delisle hotel in Reunion.\" \/>\n<meta name=\"robots\" content=\"index, follow, max-snippet:-1, max-image-preview:large, max-video-preview:-1\" \/>\n<link rel=\"canonical\" href=\"https:\/\/villadelisle.re\/index.php\/casino\/?lang=en\" \/>\n<meta property=\"og:locale\" content=\"fr_FR\" \/>\n<meta property=\"og:type\" content=\"article\" \/>\n<meta property=\"og:title\" content=\"The Casino of the South of Reunion Island - H\u00f4tel Villa Delisle - Ile de la R\u00e9union (974)\" \/>\n<meta property=\"og:description\" content=\"Discover the casino of the south of Reunion Island (974) located in Saint-Pierre. The casino is located near the Villa Delisle hotel in Reunion.\" \/>\n<meta property=\"og:url\" content=\"https:\/\/villadelisle.re\/index.php\/casino\/?lang=en\" \/>\n<meta property=\"og:site_name\" content=\"H\u00f4tel Villa Delisle - Ile de la R\u00e9union (974)\" \/>\n<meta property=\"article:publisher\" content=\"https:\/\/www.facebook.com\/Hotel.Villa.Delisle\/\" \/>\n<meta name=\"twitter:card\" content=\"summary_large_image\" \/>\n<meta name=\"twitter:label1\" content=\"Dur\u00e9e de lecture estim\u00e9e\" \/>\n\t<meta name=\"twitter:data1\" content=\"1 minute\" \/>\n<script type=\"application\/ld+json\" class=\"yoast-schema-graph\">{\"@context\":\"https:\/\/schema.org\",\"@graph\":[{\"@type\":\"WebPage\",\"@id\":\"https:\/\/villadelisle.re\/index.php\/casino\/?lang=en\",\"url\":\"https:\/\/villadelisle.re\/index.php\/casino\/?lang=en\",\"name\":\"The Casino of the South of Reunion Island - H\u00f4tel Villa Delisle - Ile de la R\u00e9union (974)\",\"isPartOf\":{\"@id\":\"https:\/\/villadelisle.re\/#website\"},\"datePublished\":\"2023-05-10T07:29:37+00:00\",\"description\":\"Discover the casino of the south of Reunion Island (974) located in Saint-Pierre. The casino is located near the Villa Delisle hotel in Reunion.\",\"breadcrumb\":{\"@id\":\"https:\/\/villadelisle.re\/index.php\/casino\/?lang=en#breadcrumb\"},\"inLanguage\":\"fr-FR\",\"potentialAction\":[{\"@type\":\"ReadAction\",\"target\":[\"https:\/\/villadelisle.re\/index.php\/casino\/?lang=en\"]}]},{\"@type\":\"BreadcrumbList\",\"@id\":\"https:\/\/villadelisle.re\/index.php\/casino\/?lang=en#breadcrumb\",\"itemListElement\":[{\"@type\":\"ListItem\",\"position\":1,\"name\":\"Accueil\",\"item\":\"https:\/\/villadelisle.re\/\"},{\"@type\":\"ListItem\",\"position\":2,\"name\":\"CASINO\"}]},{\"@type\":\"WebSite\",\"@id\":\"https:\/\/villadelisle.re\/#website\",\"url\":\"https:\/\/villadelisle.re\/\",\"name\":\"H\u00f4tel Villa Delisle - Ile de la R\u00e9union (974)\",\"description\":\"G\u00e9n\u00e9rosit\u00e9, R\u00eave, Sourire\",\"potentialAction\":[{\"@type\":\"SearchAction\",\"target\":{\"@type\":\"EntryPoint\",\"urlTemplate\":\"https:\/\/villadelisle.re\/?s={search_term_string}\"},\"query-input\":{\"@type\":\"PropertyValueSpecification\",\"valueRequired\":true,\"valueName\":\"search_term_string\"}}],\"inLanguage\":\"fr-FR\"}]}<\/script>\n<!-- \/ Yoast SEO plugin. -->","yoast_head_json":{"title":"The Casino of the South of Reunion Island - H\u00f4tel Villa Delisle - Ile de la R\u00e9union (974)","description":"Discover the casino of the south of Reunion Island (974) located in Saint-Pierre. The casino is located near the Villa Delisle hotel in Reunion.","robots":{"index":"index","follow":"follow","max-snippet":"max-snippet:-1","max-image-preview":"max-image-preview:large","max-video-preview":"max-video-preview:-1"},"canonical":"https:\/\/villadelisle.re\/index.php\/casino\/?lang=en","og_locale":"fr_FR","og_type":"article","og_title":"The Casino of the South of Reunion Island - H\u00f4tel Villa Delisle - Ile de la R\u00e9union (974)","og_description":"Discover the casino of the south of Reunion Island (974) located in Saint-Pierre. The casino is located near the Villa Delisle hotel in Reunion.","og_url":"https:\/\/villadelisle.re\/index.php\/casino\/?lang=en","og_site_name":"H\u00f4tel Villa Delisle - Ile de la R\u00e9union (974)","article_publisher":"https:\/\/www.facebook.com\/Hotel.Villa.Delisle\/","twitter_card":"summary_large_image","twitter_misc":{"Dur\u00e9e de lecture estim\u00e9e":"1 minute"},"schema":{"@context":"https:\/\/schema.org","@graph":[{"@type":"WebPage","@id":"https:\/\/villadelisle.re\/index.php\/casino\/?lang=en","url":"https:\/\/villadelisle.re\/index.php\/casino\/?lang=en","name":"The Casino of the South of Reunion Island - H\u00f4tel Villa Delisle - Ile de la R\u00e9union (974)","isPartOf":{"@id":"https:\/\/villadelisle.re\/#website"},"datePublished":"2023-05-10T07:29:37+00:00","description":"Discover the casino of the south of Reunion Island (974) located in Saint-Pierre. The casino is located near the Villa Delisle hotel in Reunion.","breadcrumb":{"@id":"https:\/\/villadelisle.re\/index.php\/casino\/?lang=en#breadcrumb"},"inLanguage":"fr-FR","potentialAction":[{"@type":"ReadAction","target":["https:\/\/villadelisle.re\/index.php\/casino\/?lang=en"]}]},{"@type":"BreadcrumbList","@id":"https:\/\/villadelisle.re\/index.php\/casino\/?lang=en#breadcrumb","itemListElement":[{"@type":"ListItem","position":1,"name":"Accueil","item":"https:\/\/villadelisle.re\/"},{"@type":"ListItem","position":2,"name":"CASINO"}]},{"@type":"WebSite","@id":"https:\/\/villadelisle.re\/#website","url":"https:\/\/villadelisle.re\/","name":"H\u00f4tel Villa Delisle - Ile de la R\u00e9union (974)","description":"G\u00e9n\u00e9rosit\u00e9, R\u00eave, Sourire","potentialAction":[{"@type":"SearchAction","target":{"@type":"EntryPoint","urlTemplate":"https:\/\/villadelisle.re\/?s={search_term_string}"},"query-input":{"@type":"PropertyValueSpecification","valueRequired":true,"valueName":"search_term_string"}}],"inLanguage":"fr-FR"}]}},"_links":{"self":[{"href":"https:\/\/villadelisle.re\/index.php\/wp-json\/wp\/v2\/pages\/1618","targetHints":{"allow":["GET"]}}],"collection":[{"href":"https:\/\/villadelisle.re\/index.php\/wp-json\/wp\/v2\/pages"}],"about":[{"href":"https:\/\/villadelisle.re\/index.php\/wp-json\/wp\/v2\/types\/page"}],"author":[{"embeddable":true,"href":"https:\/\/villadelisle.re\/index.php\/wp-json\/wp\/v2\/users\/1"}],"replies":[{"embeddable":true,"href":"https:\/\/villadelisle.re\/index.php\/wp-json\/wp\/v2\/comments?post=1618"}],"version-history":[{"count":0,"href":"https:\/\/villadelisle.re\/index.php\/wp-json\/wp\/v2\/pages\/1618\/revisions"}],"wp:attachment":[{"href":"https:\/\/villadelisle.re\/index.php\/wp-json\/wp\/v2\/media?parent=1618"}],"curies":[{"name":"wp","href":"https:\/\/api.w.org\/{rel}","templated":true}]}}