{"id":1623,"date":"2023-05-10T13:40:39","date_gmt":"2023-05-10T09:40:39","guid":{"rendered":"https:\/\/villadelisle.re\/index.php\/legal-information\/"},"modified":"2024-09-06T21:02:40","modified_gmt":"2024-09-06T17:02:40","slug":"legal-information","status":"publish","type":"page","link":"https:\/\/villadelisle.re\/index.php\/legal-information\/?lang=en","title":{"rendered":"LEGAL INFORMATION"},"content":{"rendered":"<p>Copyright Pursuant to the French Intellectual Property Code and, more generally, to international treaties and agreements containing provisions relating to the protection of copyright, you are prohibited from reproducing for any use other than private, or from selling, distributing, issuing, broadcasting, adapting, modifying, publishing or communicating, in full or in part, in any form whatsoever, the data, presentation and information provided on the site or the organization of the site without the prior written authorization of our company. French legislation relating to the right of access to computerized files In accordance with French law no. 78-17 of January 6, 1978 relating to information technology, files and civil liberties (CNIL), any user having entered directly or indirectly nominative information on this site may request communication of the nominative information concerning him\/her by contacting our company, and have it rectified if necessary. Disclaimer While every effort has been made to ensure the reliability of the information contained on this website, our company accepts no liability for any errors or omissions, or for any results that may be obtained from the use of this information.   Our company is only bound by an obligation of means concerning the information it makes available to persons accessing its website. Moreover, the use of hypertext links can lead your consultation of our site towards other servers, servers on which our company has no control. ******************************************* Director of publication: M. David VESEL 42 Boulevard Hubert Delisle 97410 ST PIERRE Webmaster: M. David VESEL 42 Boulevard Hubert Delisle 97410 ST PIERRE H\u00e9bergement: OVH -2 rue Kellermann &#8211; 59100 Roubaix &#8211; FRANCE Website: www.ovh.com ******************************************* Company information VILLA DELISLE SASU Soci\u00e9t\u00e9 par actions simplifi\u00e9e \u00e0 associ\u00e9 unique Telephone number: +262 (0)2 62 707 708 Email address : <a href=\"mailto:info@villadelisle.re\" target=\"_blank\" rel=\"noopener\"><a href=\"mailto:info@villadelisle.re\">info@villadelisle.re<\/a><\/a> Activity Hotels and similar accommodation 5510Z Category Accommodation Registered office 42 Boulevard Hubert Delisle 97410 ST PIERRE Legal form SASU Soci\u00e9t\u00e9 par actions simplifi\u00e9e \u00e0 associ\u00e9 unique SIRET 75320061700011 RCS St-Pierre de la Reunion B 753 200 617 VAT FR 55753200617 Share capital 1.700.000,00 EURO Registration 16-08-2012 Nationality France ******************************************* General information The tourist tax is \u20ac1.50 per night and per person. Local tax to be paid on site. <\/p>\n","protected":false},"excerpt":{"rendered":"<p>Copyright Pursuant to the French Intellectual Property Code and, more generally, to international treaties and agreements containing provisions relating to the protection of copyright, you are prohibited from reproducing for any use other than private, or from selling, distributing, issuing, broadcasting, adapting, modifying, publishing or communicating, in full or in[&#8230;]<\/p>\n","protected":false},"author":1,"featured_media":0,"parent":0,"menu_order":0,"comment_status":"closed","ping_status":"closed","template":"template-fullwidth.php","meta":{"_monsterinsights_skip_tracking":false,"_monsterinsights_sitenote_active":false,"_monsterinsights_sitenote_note":"","_monsterinsights_sitenote_category":0,"footnotes":""},"class_list":["post-1623","page","type-page","status-publish","hentry"],"yoast_head":"<!-- This site is optimized with the Yoast SEO plugin v26.6 - https:\/\/yoast.com\/wordpress\/plugins\/seo\/ -->\n<title>Legal Information - H\u00f4tel Villa Delisle - Ile de la R\u00e9union (974)<\/title>\n<meta name=\"description\" content=\"Hotel Villa Delisle - 4 stars located near the lagoon of Saint-Pierre de la R\u00e9union (974). Discover also our SPA Garden with jacuzzi and our treatments.\" \/>\n<meta name=\"robots\" content=\"index, follow, max-snippet:-1, max-image-preview:large, max-video-preview:-1\" \/>\n<link rel=\"canonical\" href=\"https:\/\/villadelisle.re\/index.php\/legal-information\/?lang=en\" \/>\n<meta property=\"og:locale\" content=\"fr_FR\" \/>\n<meta property=\"og:type\" content=\"article\" \/>\n<meta property=\"og:title\" content=\"Legal Information - H\u00f4tel Villa Delisle - Ile de la R\u00e9union (974)\" \/>\n<meta property=\"og:description\" content=\"Hotel Villa Delisle - 4 stars located near the lagoon of Saint-Pierre de la R\u00e9union (974). Discover also our SPA Garden with jacuzzi and our treatments.\" \/>\n<meta property=\"og:url\" content=\"https:\/\/villadelisle.re\/index.php\/legal-information\/?lang=en\" \/>\n<meta property=\"og:site_name\" content=\"H\u00f4tel Villa Delisle - Ile de la R\u00e9union (974)\" \/>\n<meta property=\"article:publisher\" content=\"https:\/\/www.facebook.com\/Hotel.Villa.Delisle\/\" \/>\n<meta property=\"article:modified_time\" content=\"2024-09-06T17:02:40+00:00\" \/>\n<meta name=\"twitter:card\" content=\"summary_large_image\" \/>\n<meta name=\"twitter:label1\" content=\"Dur\u00e9e de lecture estim\u00e9e\" \/>\n\t<meta name=\"twitter:data1\" content=\"2 minutes\" \/>\n<script type=\"application\/ld+json\" class=\"yoast-schema-graph\">{\"@context\":\"https:\/\/schema.org\",\"@graph\":[{\"@type\":\"WebPage\",\"@id\":\"https:\/\/villadelisle.re\/index.php\/legal-information\/?lang=en\",\"url\":\"https:\/\/villadelisle.re\/index.php\/legal-information\/?lang=en\",\"name\":\"Legal Information - H\u00f4tel Villa Delisle - Ile de la R\u00e9union (974)\",\"isPartOf\":{\"@id\":\"https:\/\/villadelisle.re\/#website\"},\"datePublished\":\"2023-05-10T09:40:39+00:00\",\"dateModified\":\"2024-09-06T17:02:40+00:00\",\"description\":\"Hotel Villa Delisle - 4 stars located near the lagoon of Saint-Pierre de la R\u00e9union (974). Discover also our SPA Garden with jacuzzi and our treatments.\",\"breadcrumb\":{\"@id\":\"https:\/\/villadelisle.re\/index.php\/legal-information\/?lang=en#breadcrumb\"},\"inLanguage\":\"fr-FR\",\"potentialAction\":[{\"@type\":\"ReadAction\",\"target\":[\"https:\/\/villadelisle.re\/index.php\/legal-information\/?lang=en\"]}]},{\"@type\":\"BreadcrumbList\",\"@id\":\"https:\/\/villadelisle.re\/index.php\/legal-information\/?lang=en#breadcrumb\",\"itemListElement\":[{\"@type\":\"ListItem\",\"position\":1,\"name\":\"Accueil\",\"item\":\"https:\/\/villadelisle.re\/\"},{\"@type\":\"ListItem\",\"position\":2,\"name\":\"LEGAL INFORMATION\"}]},{\"@type\":\"WebSite\",\"@id\":\"https:\/\/villadelisle.re\/#website\",\"url\":\"https:\/\/villadelisle.re\/\",\"name\":\"H\u00f4tel Villa Delisle - Ile de la R\u00e9union (974)\",\"description\":\"G\u00e9n\u00e9rosit\u00e9, R\u00eave, Sourire\",\"potentialAction\":[{\"@type\":\"SearchAction\",\"target\":{\"@type\":\"EntryPoint\",\"urlTemplate\":\"https:\/\/villadelisle.re\/?s={search_term_string}\"},\"query-input\":{\"@type\":\"PropertyValueSpecification\",\"valueRequired\":true,\"valueName\":\"search_term_string\"}}],\"inLanguage\":\"fr-FR\"}]}<\/script>\n<!-- \/ Yoast SEO plugin. -->","yoast_head_json":{"title":"Legal Information - H\u00f4tel Villa Delisle - Ile de la R\u00e9union (974)","description":"Hotel Villa Delisle - 4 stars located near the lagoon of Saint-Pierre de la R\u00e9union (974). Discover also our SPA Garden with jacuzzi and our treatments.","robots":{"index":"index","follow":"follow","max-snippet":"max-snippet:-1","max-image-preview":"max-image-preview:large","max-video-preview":"max-video-preview:-1"},"canonical":"https:\/\/villadelisle.re\/index.php\/legal-information\/?lang=en","og_locale":"fr_FR","og_type":"article","og_title":"Legal Information - H\u00f4tel Villa Delisle - Ile de la R\u00e9union (974)","og_description":"Hotel Villa Delisle - 4 stars located near the lagoon of Saint-Pierre de la R\u00e9union (974). Discover also our SPA Garden with jacuzzi and our treatments.","og_url":"https:\/\/villadelisle.re\/index.php\/legal-information\/?lang=en","og_site_name":"H\u00f4tel Villa Delisle - Ile de la R\u00e9union (974)","article_publisher":"https:\/\/www.facebook.com\/Hotel.Villa.Delisle\/","article_modified_time":"2024-09-06T17:02:40+00:00","twitter_card":"summary_large_image","twitter_misc":{"Dur\u00e9e de lecture estim\u00e9e":"2 minutes"},"schema":{"@context":"https:\/\/schema.org","@graph":[{"@type":"WebPage","@id":"https:\/\/villadelisle.re\/index.php\/legal-information\/?lang=en","url":"https:\/\/villadelisle.re\/index.php\/legal-information\/?lang=en","name":"Legal Information - H\u00f4tel Villa Delisle - Ile de la R\u00e9union (974)","isPartOf":{"@id":"https:\/\/villadelisle.re\/#website"},"datePublished":"2023-05-10T09:40:39+00:00","dateModified":"2024-09-06T17:02:40+00:00","description":"Hotel Villa Delisle - 4 stars located near the lagoon of Saint-Pierre de la R\u00e9union (974). Discover also our SPA Garden with jacuzzi and our treatments.","breadcrumb":{"@id":"https:\/\/villadelisle.re\/index.php\/legal-information\/?lang=en#breadcrumb"},"inLanguage":"fr-FR","potentialAction":[{"@type":"ReadAction","target":["https:\/\/villadelisle.re\/index.php\/legal-information\/?lang=en"]}]},{"@type":"BreadcrumbList","@id":"https:\/\/villadelisle.re\/index.php\/legal-information\/?lang=en#breadcrumb","itemListElement":[{"@type":"ListItem","position":1,"name":"Accueil","item":"https:\/\/villadelisle.re\/"},{"@type":"ListItem","position":2,"name":"LEGAL INFORMATION"}]},{"@type":"WebSite","@id":"https:\/\/villadelisle.re\/#website","url":"https:\/\/villadelisle.re\/","name":"H\u00f4tel Villa Delisle - Ile de la R\u00e9union (974)","description":"G\u00e9n\u00e9rosit\u00e9, R\u00eave, Sourire","potentialAction":[{"@type":"SearchAction","target":{"@type":"EntryPoint","urlTemplate":"https:\/\/villadelisle.re\/?s={search_term_string}"},"query-input":{"@type":"PropertyValueSpecification","valueRequired":true,"valueName":"search_term_string"}}],"inLanguage":"fr-FR"}]}},"_links":{"self":[{"href":"https:\/\/villadelisle.re\/index.php\/wp-json\/wp\/v2\/pages\/1623","targetHints":{"allow":["GET"]}}],"collection":[{"href":"https:\/\/villadelisle.re\/index.php\/wp-json\/wp\/v2\/pages"}],"about":[{"href":"https:\/\/villadelisle.re\/index.php\/wp-json\/wp\/v2\/types\/page"}],"author":[{"embeddable":true,"href":"https:\/\/villadelisle.re\/index.php\/wp-json\/wp\/v2\/users\/1"}],"replies":[{"embeddable":true,"href":"https:\/\/villadelisle.re\/index.php\/wp-json\/wp\/v2\/comments?post=1623"}],"version-history":[{"count":1,"href":"https:\/\/villadelisle.re\/index.php\/wp-json\/wp\/v2\/pages\/1623\/revisions"}],"predecessor-version":[{"id":1771,"href":"https:\/\/villadelisle.re\/index.php\/wp-json\/wp\/v2\/pages\/1623\/revisions\/1771"}],"wp:attachment":[{"href":"https:\/\/villadelisle.re\/index.php\/wp-json\/wp\/v2\/media?parent=1623"}],"curies":[{"name":"wp","href":"https:\/\/api.w.org\/{rel}","templated":true}]}}