{"id":334,"date":"2018-07-12T12:30:58","date_gmt":"2018-07-12T08:30:58","guid":{"rendered":"http:\/\/www.cssigniter.com\/preview\/santorini\/?page_id=7"},"modified":"2025-01-08T16:26:56","modified_gmt":"2025-01-08T12:26:56","slug":"hotel-saint-pierre-la-reunion-974","status":"publish","type":"page","link":"https:\/\/villadelisle.re\/","title":{"rendered":"Accueil"},"content":{"rendered":"","protected":false},"excerpt":{"rendered":"","protected":false},"author":1,"featured_media":1433,"parent":0,"menu_order":0,"comment_status":"open","ping_status":"open","template":"template-homepage-1.php","meta":{"_monsterinsights_skip_tracking":false,"_monsterinsights_sitenote_active":false,"_monsterinsights_sitenote_note":"","_monsterinsights_sitenote_category":0,"footnotes":""},"class_list":["post-334","page","type-page","status-publish","has-post-thumbnail","hentry"],"yoast_head":"<!-- This site is optimized with the Yoast SEO plugin v26.6 - https:\/\/yoast.com\/wordpress\/plugins\/seo\/ -->\n<title>H\u00f4tel &amp; SPA Villa Delisle (4*): un h\u00f4tel \u00e0 l&#039;\u00eele de la R\u00e9union (974)<\/title>\n<meta name=\"description\" content=\"Situ\u00e9 \u00e0 proximit\u00e9 du lagon de Saint-Pierre \u00e0 l&#039;\u00eele de la R\u00e9union (974), notre h\u00f4tel &amp; SPA 4* saura vous s\u00e9duire. R\u00e9servez votre h\u00f4tel \u00e0 la R\u00e9union.\" \/>\n<meta name=\"robots\" content=\"index, follow, max-snippet:-1, max-image-preview:large, max-video-preview:-1\" \/>\n<link rel=\"canonical\" href=\"https:\/\/villadelisle.re\/\" \/>\n<meta property=\"og:locale\" content=\"fr_FR\" \/>\n<meta property=\"og:type\" content=\"article\" \/>\n<meta property=\"og:title\" content=\"H\u00f4tel &amp; SPA Villa Delisle (4*): un h\u00f4tel \u00e0 l&#039;\u00eele de la R\u00e9union (974)\" \/>\n<meta property=\"og:description\" content=\"Situ\u00e9 \u00e0 proximit\u00e9 du lagon de Saint-Pierre \u00e0 l&#039;\u00eele de la R\u00e9union (974), notre h\u00f4tel &amp; SPA 4* saura vous s\u00e9duire. R\u00e9servez votre h\u00f4tel \u00e0 la R\u00e9union.\" \/>\n<meta property=\"og:url\" content=\"https:\/\/villadelisle.re\/\" \/>\n<meta property=\"og:site_name\" content=\"H\u00f4tel Villa Delisle - Ile de la R\u00e9union (974)\" \/>\n<meta property=\"article:publisher\" content=\"https:\/\/www.facebook.com\/Hotel.Villa.Delisle\/\" \/>\n<meta property=\"article:modified_time\" content=\"2025-01-08T12:26:56+00:00\" \/>\n<meta property=\"og:image\" content=\"https:\/\/villadelisle.re\/wp-content\/uploads\/2022\/09\/DJI_000705-1024x576-1.jpeg\" \/>\n\t<meta property=\"og:image:width\" content=\"1024\" \/>\n\t<meta property=\"og:image:height\" content=\"576\" \/>\n\t<meta property=\"og:image:type\" content=\"image\/jpeg\" \/>\n<meta name=\"twitter:card\" content=\"summary_large_image\" \/>\n<meta name=\"twitter:label1\" content=\"Dur\u00e9e de lecture estim\u00e9e\" \/>\n\t<meta name=\"twitter:data1\" content=\"1 minute\" \/>\n<script type=\"application\/ld+json\" class=\"yoast-schema-graph\">{\"@context\":\"https:\/\/schema.org\",\"@graph\":[{\"@type\":\"WebPage\",\"@id\":\"https:\/\/villadelisle.re\/\",\"url\":\"https:\/\/villadelisle.re\/\",\"name\":\"H\u00f4tel & SPA Villa Delisle (4*): un h\u00f4tel \u00e0 l'\u00eele de la R\u00e9union (974)\",\"isPartOf\":{\"@id\":\"https:\/\/villadelisle.re\/#website\"},\"primaryImageOfPage\":{\"@id\":\"https:\/\/villadelisle.re\/#primaryimage\"},\"image\":{\"@id\":\"https:\/\/villadelisle.re\/#primaryimage\"},\"thumbnailUrl\":\"https:\/\/villadelisle.re\/wp-content\/uploads\/2022\/09\/DJI_000705-1024x576-1.jpeg\",\"datePublished\":\"2018-07-12T08:30:58+00:00\",\"dateModified\":\"2025-01-08T12:26:56+00:00\",\"description\":\"Situ\u00e9 \u00e0 proximit\u00e9 du lagon de Saint-Pierre \u00e0 l'\u00eele de la R\u00e9union (974), notre h\u00f4tel & SPA 4* saura vous s\u00e9duire. R\u00e9servez votre h\u00f4tel \u00e0 la R\u00e9union.\",\"breadcrumb\":{\"@id\":\"https:\/\/villadelisle.re\/#breadcrumb\"},\"inLanguage\":\"fr-FR\",\"potentialAction\":[{\"@type\":\"ReadAction\",\"target\":[\"https:\/\/villadelisle.re\/\"]}]},{\"@type\":\"ImageObject\",\"inLanguage\":\"fr-FR\",\"@id\":\"https:\/\/villadelisle.re\/#primaryimage\",\"url\":\"https:\/\/villadelisle.re\/wp-content\/uploads\/2022\/09\/DJI_000705-1024x576-1.jpeg\",\"contentUrl\":\"https:\/\/villadelisle.re\/wp-content\/uploads\/2022\/09\/DJI_000705-1024x576-1.jpeg\",\"width\":1024,\"height\":576,\"caption\":\"H\u00f4tel Villa Delisle sur Saint-Pierre de La R\u00e9union\"},{\"@type\":\"BreadcrumbList\",\"@id\":\"https:\/\/villadelisle.re\/#breadcrumb\",\"itemListElement\":[{\"@type\":\"ListItem\",\"position\":1,\"name\":\"Accueil\",\"item\":\"https:\/\/villadelisle.re\/\"},{\"@type\":\"ListItem\",\"position\":2,\"name\":\"Accueil\"}]},{\"@type\":\"WebSite\",\"@id\":\"https:\/\/villadelisle.re\/#website\",\"url\":\"https:\/\/villadelisle.re\/\",\"name\":\"H\u00f4tel Villa Delisle - Ile de la R\u00e9union (974)\",\"description\":\"G\u00e9n\u00e9rosit\u00e9, R\u00eave, Sourire\",\"potentialAction\":[{\"@type\":\"SearchAction\",\"target\":{\"@type\":\"EntryPoint\",\"urlTemplate\":\"https:\/\/villadelisle.re\/?s={search_term_string}\"},\"query-input\":{\"@type\":\"PropertyValueSpecification\",\"valueRequired\":true,\"valueName\":\"search_term_string\"}}],\"inLanguage\":\"fr-FR\"}]}<\/script>\n<!-- \/ Yoast SEO plugin. -->","yoast_head_json":{"title":"H\u00f4tel & SPA Villa Delisle (4*): un h\u00f4tel \u00e0 l'\u00eele de la R\u00e9union (974)","description":"Situ\u00e9 \u00e0 proximit\u00e9 du lagon de Saint-Pierre \u00e0 l'\u00eele de la R\u00e9union (974), notre h\u00f4tel & SPA 4* saura vous s\u00e9duire. R\u00e9servez votre h\u00f4tel \u00e0 la R\u00e9union.","robots":{"index":"index","follow":"follow","max-snippet":"max-snippet:-1","max-image-preview":"max-image-preview:large","max-video-preview":"max-video-preview:-1"},"canonical":"https:\/\/villadelisle.re\/","og_locale":"fr_FR","og_type":"article","og_title":"H\u00f4tel & SPA Villa Delisle (4*): un h\u00f4tel \u00e0 l'\u00eele de la R\u00e9union (974)","og_description":"Situ\u00e9 \u00e0 proximit\u00e9 du lagon de Saint-Pierre \u00e0 l'\u00eele de la R\u00e9union (974), notre h\u00f4tel & SPA 4* saura vous s\u00e9duire. R\u00e9servez votre h\u00f4tel \u00e0 la R\u00e9union.","og_url":"https:\/\/villadelisle.re\/","og_site_name":"H\u00f4tel Villa Delisle - Ile de la R\u00e9union (974)","article_publisher":"https:\/\/www.facebook.com\/Hotel.Villa.Delisle\/","article_modified_time":"2025-01-08T12:26:56+00:00","og_image":[{"width":1024,"height":576,"url":"https:\/\/villadelisle.re\/wp-content\/uploads\/2022\/09\/DJI_000705-1024x576-1.jpeg","type":"image\/jpeg"}],"twitter_card":"summary_large_image","twitter_misc":{"Dur\u00e9e de lecture estim\u00e9e":"1 minute"},"schema":{"@context":"https:\/\/schema.org","@graph":[{"@type":"WebPage","@id":"https:\/\/villadelisle.re\/","url":"https:\/\/villadelisle.re\/","name":"H\u00f4tel & SPA Villa Delisle (4*): un h\u00f4tel \u00e0 l'\u00eele de la R\u00e9union (974)","isPartOf":{"@id":"https:\/\/villadelisle.re\/#website"},"primaryImageOfPage":{"@id":"https:\/\/villadelisle.re\/#primaryimage"},"image":{"@id":"https:\/\/villadelisle.re\/#primaryimage"},"thumbnailUrl":"https:\/\/villadelisle.re\/wp-content\/uploads\/2022\/09\/DJI_000705-1024x576-1.jpeg","datePublished":"2018-07-12T08:30:58+00:00","dateModified":"2025-01-08T12:26:56+00:00","description":"Situ\u00e9 \u00e0 proximit\u00e9 du lagon de Saint-Pierre \u00e0 l'\u00eele de la R\u00e9union (974), notre h\u00f4tel & SPA 4* saura vous s\u00e9duire. R\u00e9servez votre h\u00f4tel \u00e0 la R\u00e9union.","breadcrumb":{"@id":"https:\/\/villadelisle.re\/#breadcrumb"},"inLanguage":"fr-FR","potentialAction":[{"@type":"ReadAction","target":["https:\/\/villadelisle.re\/"]}]},{"@type":"ImageObject","inLanguage":"fr-FR","@id":"https:\/\/villadelisle.re\/#primaryimage","url":"https:\/\/villadelisle.re\/wp-content\/uploads\/2022\/09\/DJI_000705-1024x576-1.jpeg","contentUrl":"https:\/\/villadelisle.re\/wp-content\/uploads\/2022\/09\/DJI_000705-1024x576-1.jpeg","width":1024,"height":576,"caption":"H\u00f4tel Villa Delisle sur Saint-Pierre de La R\u00e9union"},{"@type":"BreadcrumbList","@id":"https:\/\/villadelisle.re\/#breadcrumb","itemListElement":[{"@type":"ListItem","position":1,"name":"Accueil","item":"https:\/\/villadelisle.re\/"},{"@type":"ListItem","position":2,"name":"Accueil"}]},{"@type":"WebSite","@id":"https:\/\/villadelisle.re\/#website","url":"https:\/\/villadelisle.re\/","name":"H\u00f4tel Villa Delisle - Ile de la R\u00e9union (974)","description":"G\u00e9n\u00e9rosit\u00e9, R\u00eave, Sourire","potentialAction":[{"@type":"SearchAction","target":{"@type":"EntryPoint","urlTemplate":"https:\/\/villadelisle.re\/?s={search_term_string}"},"query-input":{"@type":"PropertyValueSpecification","valueRequired":true,"valueName":"search_term_string"}}],"inLanguage":"fr-FR"}]}},"_links":{"self":[{"href":"https:\/\/villadelisle.re\/index.php\/wp-json\/wp\/v2\/pages\/334","targetHints":{"allow":["GET"]}}],"collection":[{"href":"https:\/\/villadelisle.re\/index.php\/wp-json\/wp\/v2\/pages"}],"about":[{"href":"https:\/\/villadelisle.re\/index.php\/wp-json\/wp\/v2\/types\/page"}],"author":[{"embeddable":true,"href":"https:\/\/villadelisle.re\/index.php\/wp-json\/wp\/v2\/users\/1"}],"replies":[{"embeddable":true,"href":"https:\/\/villadelisle.re\/index.php\/wp-json\/wp\/v2\/comments?post=334"}],"version-history":[{"count":1,"href":"https:\/\/villadelisle.re\/index.php\/wp-json\/wp\/v2\/pages\/334\/revisions"}],"predecessor-version":[{"id":381,"href":"https:\/\/villadelisle.re\/index.php\/wp-json\/wp\/v2\/pages\/334\/revisions\/381"}],"wp:featuredmedia":[{"embeddable":true,"href":"https:\/\/villadelisle.re\/index.php\/wp-json\/wp\/v2\/media\/1433"}],"wp:attachment":[{"href":"https:\/\/villadelisle.re\/index.php\/wp-json\/wp\/v2\/media?parent=334"}],"curies":[{"name":"wp","href":"https:\/\/api.w.org\/{rel}","templated":true}]}}