{"id":416,"date":"2018-07-17T10:31:06","date_gmt":"2018-07-17T06:31:06","guid":{"rendered":"https:\/\/villadelisle.re\/?page_id=416"},"modified":"2018-11-30T17:51:20","modified_gmt":"2018-11-30T13:51:20","slug":"casino-du-sud-de-la-reunion-974","status":"publish","type":"page","link":"https:\/\/villadelisle.re\/index.php\/casino-du-sud-de-la-reunion-974\/","title":{"rendered":"CASINO"},"content":{"rendered":"<div><\/div>\n<h2><\/h2>\n<h2>Le Casino de Saint-Pierre<\/h2>\n<h3>Le frisson du jeu, l\u2019\u00e9motion de la chance<\/h3>\n<p><strong>La Villa Delisle est le seul h\u00f4tel dans le sud \u00e0 pouvoir offrir \u00e0 ses clients l\u2019acc\u00e8s \u00e0 un casino, proposant aussi bien ses tables de jeux que ses machines \u00e0 sous ou encore ses tournois de poker et autres jeux de cartes.\u00a0<\/strong><\/p>\n<h3>Casino du Sud<\/h3>\n<p>Avec ses 3 grandes salles, ses 2 bars et ses animations le\u00a0<em>Casino du Sud<\/em>\u00a0met \u00e0 votre disposition un cadre qui vous transporte dans l\u2019univers du r\u00eave. Deux ambiances vous attendent: rouge, avec ses jeux \u00e9lectroniques dernier cri, du poker \u00e0 la roulette en version num\u00e9rique et bleu, dans la grande salle de jeux traditionnels. C\u2019est l\u00e0 que vous trouverez les deux tables de Roulette anglaise, celle de Black Jack ainsi que plusieurs tables de poker.<\/p>\n<p>Site web:\u00a0http:\/\/www.casinodusud.re\/<\/p>\n","protected":false},"excerpt":{"rendered":"<p>Le Casino de Saint-Pierre Le frisson du jeu, l\u2019\u00e9motion de la chance La Villa Delisle est le seul h\u00f4tel dans le sud \u00e0 pouvoir offrir \u00e0 ses clients l\u2019acc\u00e8s \u00e0 un casino, proposant aussi bien ses tables de jeux que ses machines \u00e0 sous ou encore ses tournois de poker[&#8230;]<\/p>\n","protected":false},"author":1,"featured_media":0,"parent":0,"menu_order":0,"comment_status":"closed","ping_status":"closed","template":"template-fullwidth.php","meta":{"_monsterinsights_skip_tracking":false,"_monsterinsights_sitenote_active":false,"_monsterinsights_sitenote_note":"","_monsterinsights_sitenote_category":0,"footnotes":""},"class_list":["post-416","page","type-page","status-publish","hentry"],"yoast_head":"<!-- This site is optimized with the Yoast SEO plugin v26.6 - https:\/\/yoast.com\/wordpress\/plugins\/seo\/ -->\n<title>Casino du Sud - H\u00f4tel Villa Delisle - Ile de la R\u00e9union (974)<\/title>\n<meta name=\"description\" content=\"D\u00e9couvrez le casino du sud de l&#039;\u00eele de la R\u00e9union (974) situ\u00e9 \u00e0 Saint-Pierre. Le casino se situe \u00e0 proximit\u00e9 de l&#039;h\u00f4tel Villa Delisle \u00e0 la R\u00e9union.\" \/>\n<meta name=\"robots\" content=\"index, follow, max-snippet:-1, max-image-preview:large, max-video-preview:-1\" \/>\n<link rel=\"canonical\" href=\"https:\/\/villadelisle.re\/index.php\/casino-du-sud-de-la-reunion-974\/\" \/>\n<meta property=\"og:locale\" content=\"fr_FR\" \/>\n<meta property=\"og:type\" content=\"article\" \/>\n<meta property=\"og:title\" content=\"Casino du Sud - H\u00f4tel Villa Delisle - Ile de la R\u00e9union (974)\" \/>\n<meta property=\"og:description\" content=\"D\u00e9couvrez le casino du sud de l&#039;\u00eele de la R\u00e9union (974) situ\u00e9 \u00e0 Saint-Pierre. Le casino se situe \u00e0 proximit\u00e9 de l&#039;h\u00f4tel Villa Delisle \u00e0 la R\u00e9union.\" \/>\n<meta property=\"og:url\" content=\"https:\/\/villadelisle.re\/index.php\/casino-du-sud-de-la-reunion-974\/\" \/>\n<meta property=\"og:site_name\" content=\"H\u00f4tel Villa Delisle - Ile de la R\u00e9union (974)\" \/>\n<meta property=\"article:publisher\" content=\"https:\/\/www.facebook.com\/Hotel.Villa.Delisle\/\" \/>\n<meta property=\"article:modified_time\" content=\"2018-11-30T13:51:20+00:00\" \/>\n<meta name=\"twitter:card\" content=\"summary_large_image\" \/>\n<meta name=\"twitter:label1\" content=\"Dur\u00e9e de lecture estim\u00e9e\" \/>\n\t<meta name=\"twitter:data1\" content=\"1 minute\" \/>\n<script type=\"application\/ld+json\" class=\"yoast-schema-graph\">{\"@context\":\"https:\/\/schema.org\",\"@graph\":[{\"@type\":\"WebPage\",\"@id\":\"https:\/\/villadelisle.re\/index.php\/casino-du-sud-de-la-reunion-974\/\",\"url\":\"https:\/\/villadelisle.re\/index.php\/casino-du-sud-de-la-reunion-974\/\",\"name\":\"Casino du Sud - H\u00f4tel Villa Delisle - Ile de la R\u00e9union (974)\",\"isPartOf\":{\"@id\":\"https:\/\/villadelisle.re\/#website\"},\"datePublished\":\"2018-07-17T06:31:06+00:00\",\"dateModified\":\"2018-11-30T13:51:20+00:00\",\"description\":\"D\u00e9couvrez le casino du sud de l'\u00eele de la R\u00e9union (974) situ\u00e9 \u00e0 Saint-Pierre. Le casino se situe \u00e0 proximit\u00e9 de l'h\u00f4tel Villa Delisle \u00e0 la R\u00e9union.\",\"breadcrumb\":{\"@id\":\"https:\/\/villadelisle.re\/index.php\/casino-du-sud-de-la-reunion-974\/#breadcrumb\"},\"inLanguage\":\"fr-FR\",\"potentialAction\":[{\"@type\":\"ReadAction\",\"target\":[\"https:\/\/villadelisle.re\/index.php\/casino-du-sud-de-la-reunion-974\/\"]}]},{\"@type\":\"BreadcrumbList\",\"@id\":\"https:\/\/villadelisle.re\/index.php\/casino-du-sud-de-la-reunion-974\/#breadcrumb\",\"itemListElement\":[{\"@type\":\"ListItem\",\"position\":1,\"name\":\"Accueil\",\"item\":\"https:\/\/villadelisle.re\/\"},{\"@type\":\"ListItem\",\"position\":2,\"name\":\"CASINO\"}]},{\"@type\":\"WebSite\",\"@id\":\"https:\/\/villadelisle.re\/#website\",\"url\":\"https:\/\/villadelisle.re\/\",\"name\":\"H\u00f4tel Villa Delisle - Ile de la R\u00e9union (974)\",\"description\":\"G\u00e9n\u00e9rosit\u00e9, R\u00eave, Sourire\",\"potentialAction\":[{\"@type\":\"SearchAction\",\"target\":{\"@type\":\"EntryPoint\",\"urlTemplate\":\"https:\/\/villadelisle.re\/?s={search_term_string}\"},\"query-input\":{\"@type\":\"PropertyValueSpecification\",\"valueRequired\":true,\"valueName\":\"search_term_string\"}}],\"inLanguage\":\"fr-FR\"}]}<\/script>\n<!-- \/ Yoast SEO plugin. -->","yoast_head_json":{"title":"Casino du Sud - H\u00f4tel Villa Delisle - Ile de la R\u00e9union (974)","description":"D\u00e9couvrez le casino du sud de l'\u00eele de la R\u00e9union (974) situ\u00e9 \u00e0 Saint-Pierre. Le casino se situe \u00e0 proximit\u00e9 de l'h\u00f4tel Villa Delisle \u00e0 la R\u00e9union.","robots":{"index":"index","follow":"follow","max-snippet":"max-snippet:-1","max-image-preview":"max-image-preview:large","max-video-preview":"max-video-preview:-1"},"canonical":"https:\/\/villadelisle.re\/index.php\/casino-du-sud-de-la-reunion-974\/","og_locale":"fr_FR","og_type":"article","og_title":"Casino du Sud - H\u00f4tel Villa Delisle - Ile de la R\u00e9union (974)","og_description":"D\u00e9couvrez le casino du sud de l'\u00eele de la R\u00e9union (974) situ\u00e9 \u00e0 Saint-Pierre. Le casino se situe \u00e0 proximit\u00e9 de l'h\u00f4tel Villa Delisle \u00e0 la R\u00e9union.","og_url":"https:\/\/villadelisle.re\/index.php\/casino-du-sud-de-la-reunion-974\/","og_site_name":"H\u00f4tel Villa Delisle - Ile de la R\u00e9union (974)","article_publisher":"https:\/\/www.facebook.com\/Hotel.Villa.Delisle\/","article_modified_time":"2018-11-30T13:51:20+00:00","twitter_card":"summary_large_image","twitter_misc":{"Dur\u00e9e de lecture estim\u00e9e":"1 minute"},"schema":{"@context":"https:\/\/schema.org","@graph":[{"@type":"WebPage","@id":"https:\/\/villadelisle.re\/index.php\/casino-du-sud-de-la-reunion-974\/","url":"https:\/\/villadelisle.re\/index.php\/casino-du-sud-de-la-reunion-974\/","name":"Casino du Sud - H\u00f4tel Villa Delisle - Ile de la R\u00e9union (974)","isPartOf":{"@id":"https:\/\/villadelisle.re\/#website"},"datePublished":"2018-07-17T06:31:06+00:00","dateModified":"2018-11-30T13:51:20+00:00","description":"D\u00e9couvrez le casino du sud de l'\u00eele de la R\u00e9union (974) situ\u00e9 \u00e0 Saint-Pierre. Le casino se situe \u00e0 proximit\u00e9 de l'h\u00f4tel Villa Delisle \u00e0 la R\u00e9union.","breadcrumb":{"@id":"https:\/\/villadelisle.re\/index.php\/casino-du-sud-de-la-reunion-974\/#breadcrumb"},"inLanguage":"fr-FR","potentialAction":[{"@type":"ReadAction","target":["https:\/\/villadelisle.re\/index.php\/casino-du-sud-de-la-reunion-974\/"]}]},{"@type":"BreadcrumbList","@id":"https:\/\/villadelisle.re\/index.php\/casino-du-sud-de-la-reunion-974\/#breadcrumb","itemListElement":[{"@type":"ListItem","position":1,"name":"Accueil","item":"https:\/\/villadelisle.re\/"},{"@type":"ListItem","position":2,"name":"CASINO"}]},{"@type":"WebSite","@id":"https:\/\/villadelisle.re\/#website","url":"https:\/\/villadelisle.re\/","name":"H\u00f4tel Villa Delisle - Ile de la R\u00e9union (974)","description":"G\u00e9n\u00e9rosit\u00e9, R\u00eave, Sourire","potentialAction":[{"@type":"SearchAction","target":{"@type":"EntryPoint","urlTemplate":"https:\/\/villadelisle.re\/?s={search_term_string}"},"query-input":{"@type":"PropertyValueSpecification","valueRequired":true,"valueName":"search_term_string"}}],"inLanguage":"fr-FR"}]}},"_links":{"self":[{"href":"https:\/\/villadelisle.re\/index.php\/wp-json\/wp\/v2\/pages\/416","targetHints":{"allow":["GET"]}}],"collection":[{"href":"https:\/\/villadelisle.re\/index.php\/wp-json\/wp\/v2\/pages"}],"about":[{"href":"https:\/\/villadelisle.re\/index.php\/wp-json\/wp\/v2\/types\/page"}],"author":[{"embeddable":true,"href":"https:\/\/villadelisle.re\/index.php\/wp-json\/wp\/v2\/users\/1"}],"replies":[{"embeddable":true,"href":"https:\/\/villadelisle.re\/index.php\/wp-json\/wp\/v2\/comments?post=416"}],"version-history":[{"count":5,"href":"https:\/\/villadelisle.re\/index.php\/wp-json\/wp\/v2\/pages\/416\/revisions"}],"predecessor-version":[{"id":925,"href":"https:\/\/villadelisle.re\/index.php\/wp-json\/wp\/v2\/pages\/416\/revisions\/925"}],"wp:attachment":[{"href":"https:\/\/villadelisle.re\/index.php\/wp-json\/wp\/v2\/media?parent=416"}],"curies":[{"name":"wp","href":"https:\/\/api.w.org\/{rel}","templated":true}]}}