{"id":423,"date":"2018-07-17T16:43:06","date_gmt":"2018-07-17T12:43:06","guid":{"rendered":"https:\/\/villadelisle.re\/?page_id=423"},"modified":"2025-03-11T08:36:59","modified_gmt":"2025-03-11T04:36:59","slug":"le-spa-relaxation-detente-massage-la-reunion-974","status":"publish","type":"page","link":"https:\/\/villadelisle.re\/index.php\/hotel-saint-pierre-la-reunion-974\/le-spa-relaxation-detente-massage-la-reunion-974\/","title":{"rendered":"Le SPA"},"content":{"rendered":"<div id=\"pl-423\"  class=\"panel-layout\" ><div id=\"pg-423-0\"  class=\"panel-grid panel-no-style\" ><div id=\"pgc-423-0-0\"  class=\"panel-grid-cell\" ><div id=\"panel-423-0-0-0\" class=\"so-panel widget widget_sow-button panel-first-child panel-last-child\" data-index=\"0\" ><div\n\t\t\t\n\t\t\tclass=\"so-widget-sow-button so-widget-sow-button-flat-66466acb9e12-423\"\n\t\t\t\n\t\t><div class=\"ow-button-base ow-button-align-center\"\n>\n\t\t\t<a\n\t\t\t\t\thref=\"https:\/\/villadelisle.re\/wp-content\/uploads\/2025\/03\/Carte-des-Soins-Spa-Garden.pdf\"\n\t\t\t\t\tclass=\"sowb-button ow-icon-placement-left ow-button-hover\" target=\"_blank\" rel=\"noopener noreferrer\" \t>\n\t\t<span>\n\t\t\t\n\t\t\tCARTE DES SOINS\t\t<\/span>\n\t\t\t<\/a>\n\t<\/div>\n<\/div><\/div><\/div><\/div><div id=\"pg-423-1\"  class=\"panel-grid panel-no-style\" ><div id=\"pgc-423-1-0\"  class=\"panel-grid-cell\" ><div id=\"panel-423-1-0-0\" class=\"so-panel widget widget_sow-editor panel-first-child panel-last-child\" data-index=\"1\" ><div\n\t\t\t\n\t\t\tclass=\"so-widget-sow-editor so-widget-sow-editor-base\"\n\t\t\t\n\t\t>\n<div class=\"siteorigin-widget-tinymce textwidget\">\n\t<div style=\"margin-top:30px;\"><\/div>\n<\/div>\n<\/div><\/div><\/div><div id=\"pgc-423-1-1\"  class=\"panel-grid-cell\" ><div id=\"panel-423-1-1-0\" class=\"so-panel widget widget_sow-editor panel-first-child panel-last-child\" data-index=\"2\" ><div class=\"Slider-text panel-widget-style panel-widget-style-for-423-1-1-0\" ><div\n\t\t\t\n\t\t\tclass=\"so-widget-sow-editor so-widget-sow-editor-base\"\n\t\t\t\n\t\t>\n<div class=\"siteorigin-widget-tinymce textwidget\">\n\t<h2>A la d\u00e9couverte d\u2019un tr\u00e9sor cach\u00e9\u2026<\/h2>\n<p>Au c\u0153ur d\u2019un environnement zen rempli de douceurs, le Spa Garden s\u2019enrichit de la diversit\u00e9<br \/>\nculturelle pour vous accueillir dans un lieu unique.<br \/>\nCocon de douceur, le Spa Garden vous propose un espace hors du temps de 130 m2 sur le front de<br \/>\nmer de Saint Pierre \u00e0 La Villa Delisle o\u00f9 le plaisir des sens est le ma\u00eetre mot.<br \/>\nVous y trouverez :<br \/>\n- 1 jacuzzi privatif chauff\u00e9<br \/>\n- 1 cabine duo<br \/>\n- 2 cabines individuelles<br \/>\n- 1 cabine esth\u00e9tique<br \/>\n- 1 point de ventes et de conseils \u00ab Myspa \u00bb et \u00ab Sent\u00e9ales \u00bb.<\/p>\n<h2>Embarquement pour une escapade sensorielle\u2026<\/h2>\n<p>Univers raffin\u00e9 o\u00f9 se r\u00e9unissent tous les parfums de l\u2019Oc\u00e9an Indien tels que, la mangue, le coco, la<br \/>\nvanille ou encore la fleur de tiar\u00e9, vous aurez le plaisir de d\u00e9couvrir nos rituels inspir\u00e9s des quatre<br \/>\ncoins du monde.<br \/>\nNous vous proposons \u00e9galement de profiter de ce petit havre de paix entre amis, lors de vos<br \/>\ndiff\u00e9rents \u00e9v\u00e8nements, tels que les enterrements de vie de jeune fille ou les anniversaires, afin de<br \/>\nrendre ces moments uniques et inoubliables.<\/p>\n<h3>Pour toutes r\u00e9servations : <br \/>02 62 707 708 ou par email gardenspa@villadelisle.re<\/h3>\n<\/div>\n<\/div><\/div><\/div><\/div><\/div><\/div>","protected":false},"excerpt":{"rendered":"<p>A la d\u00e9couverte d\u2019un tr\u00e9sor cach\u00e9\u2026 Au c\u0153ur d\u2019un environnement zen rempli de douceurs, le Spa Garden s\u2019enrichit de la diversit\u00e9 culturelle pour vous accueillir dans un lieu unique. Cocon de douceur, le Spa Garden vous propose un espace hors du temps de 130 m2 sur le front de mer[&#8230;]<\/p>\n","protected":false},"author":1,"featured_media":0,"parent":334,"menu_order":0,"comment_status":"closed","ping_status":"closed","template":"template-fullwidth.php","meta":{"_monsterinsights_skip_tracking":false,"_monsterinsights_sitenote_active":false,"_monsterinsights_sitenote_note":"","_monsterinsights_sitenote_category":0,"footnotes":""},"class_list":["post-423","page","type-page","status-publish","hentry"],"yoast_head":"<!-- This site is optimized with the Yoast SEO plugin v26.6 - https:\/\/yoast.com\/wordpress\/plugins\/seo\/ -->\n<title>Notre SPA et son espace bien-\u00eatre - H\u00f4tel Villa Delisle - La R\u00e9union (974)<\/title>\n<meta name=\"description\" content=\"D\u00e9tendez-vous dans notre SPA situ\u00e9 \u00e0 l&#039;\u00eele de la R\u00e9union (974). Focalisez-vous sur votre bien-\u00eatre: relaxation, jacuzzi, massages, soins corporels...\" \/>\n<meta name=\"robots\" content=\"index, follow, max-snippet:-1, max-image-preview:large, max-video-preview:-1\" \/>\n<link rel=\"canonical\" href=\"https:\/\/villadelisle.re\/index.php\/hotel-saint-pierre-la-reunion-974\/le-spa-relaxation-detente-massage-la-reunion-974\/\" \/>\n<meta property=\"og:locale\" content=\"fr_FR\" \/>\n<meta property=\"og:type\" content=\"article\" \/>\n<meta property=\"og:title\" content=\"Notre SPA et son espace bien-\u00eatre - H\u00f4tel Villa Delisle - La R\u00e9union (974)\" \/>\n<meta property=\"og:description\" content=\"D\u00e9tendez-vous dans notre SPA situ\u00e9 \u00e0 l&#039;\u00eele de la R\u00e9union (974). Focalisez-vous sur votre bien-\u00eatre: relaxation, jacuzzi, massages, soins corporels...\" \/>\n<meta property=\"og:url\" content=\"https:\/\/villadelisle.re\/index.php\/hotel-saint-pierre-la-reunion-974\/le-spa-relaxation-detente-massage-la-reunion-974\/\" \/>\n<meta property=\"og:site_name\" content=\"H\u00f4tel Villa Delisle - Ile de la R\u00e9union (974)\" \/>\n<meta property=\"article:publisher\" content=\"https:\/\/www.facebook.com\/Hotel.Villa.Delisle\/\" \/>\n<meta property=\"article:modified_time\" content=\"2025-03-11T04:36:59+00:00\" \/>\n<meta name=\"twitter:card\" content=\"summary_large_image\" \/>\n<meta name=\"twitter:label1\" content=\"Dur\u00e9e de lecture estim\u00e9e\" \/>\n\t<meta name=\"twitter:data1\" content=\"2 minutes\" \/>\n<script type=\"application\/ld+json\" class=\"yoast-schema-graph\">{\"@context\":\"https:\/\/schema.org\",\"@graph\":[{\"@type\":\"WebPage\",\"@id\":\"https:\/\/villadelisle.re\/index.php\/hotel-saint-pierre-la-reunion-974\/le-spa-relaxation-detente-massage-la-reunion-974\/\",\"url\":\"https:\/\/villadelisle.re\/index.php\/hotel-saint-pierre-la-reunion-974\/le-spa-relaxation-detente-massage-la-reunion-974\/\",\"name\":\"Notre SPA et son espace bien-\u00eatre - H\u00f4tel Villa Delisle - La R\u00e9union (974)\",\"isPartOf\":{\"@id\":\"https:\/\/villadelisle.re\/#website\"},\"datePublished\":\"2018-07-17T12:43:06+00:00\",\"dateModified\":\"2025-03-11T04:36:59+00:00\",\"description\":\"D\u00e9tendez-vous dans notre SPA situ\u00e9 \u00e0 l'\u00eele de la R\u00e9union (974). Focalisez-vous sur votre bien-\u00eatre: relaxation, jacuzzi, massages, soins corporels...\",\"breadcrumb\":{\"@id\":\"https:\/\/villadelisle.re\/index.php\/hotel-saint-pierre-la-reunion-974\/le-spa-relaxation-detente-massage-la-reunion-974\/#breadcrumb\"},\"inLanguage\":\"fr-FR\",\"potentialAction\":[{\"@type\":\"ReadAction\",\"target\":[\"https:\/\/villadelisle.re\/index.php\/hotel-saint-pierre-la-reunion-974\/le-spa-relaxation-detente-massage-la-reunion-974\/\"]}]},{\"@type\":\"BreadcrumbList\",\"@id\":\"https:\/\/villadelisle.re\/index.php\/hotel-saint-pierre-la-reunion-974\/le-spa-relaxation-detente-massage-la-reunion-974\/#breadcrumb\",\"itemListElement\":[{\"@type\":\"ListItem\",\"position\":1,\"name\":\"Accueil\",\"item\":\"https:\/\/villadelisle.re\/\"},{\"@type\":\"ListItem\",\"position\":2,\"name\":\"Accueil\",\"item\":\"https:\/\/villadelisle.re\/\"},{\"@type\":\"ListItem\",\"position\":3,\"name\":\"Le SPA\"}]},{\"@type\":\"WebSite\",\"@id\":\"https:\/\/villadelisle.re\/#website\",\"url\":\"https:\/\/villadelisle.re\/\",\"name\":\"H\u00f4tel Villa Delisle - Ile de la R\u00e9union (974)\",\"description\":\"G\u00e9n\u00e9rosit\u00e9, R\u00eave, Sourire\",\"potentialAction\":[{\"@type\":\"SearchAction\",\"target\":{\"@type\":\"EntryPoint\",\"urlTemplate\":\"https:\/\/villadelisle.re\/?s={search_term_string}\"},\"query-input\":{\"@type\":\"PropertyValueSpecification\",\"valueRequired\":true,\"valueName\":\"search_term_string\"}}],\"inLanguage\":\"fr-FR\"}]}<\/script>\n<!-- \/ Yoast SEO plugin. -->","yoast_head_json":{"title":"Notre SPA et son espace bien-\u00eatre - H\u00f4tel Villa Delisle - La R\u00e9union (974)","description":"D\u00e9tendez-vous dans notre SPA situ\u00e9 \u00e0 l'\u00eele de la R\u00e9union (974). Focalisez-vous sur votre bien-\u00eatre: relaxation, jacuzzi, massages, soins corporels...","robots":{"index":"index","follow":"follow","max-snippet":"max-snippet:-1","max-image-preview":"max-image-preview:large","max-video-preview":"max-video-preview:-1"},"canonical":"https:\/\/villadelisle.re\/index.php\/hotel-saint-pierre-la-reunion-974\/le-spa-relaxation-detente-massage-la-reunion-974\/","og_locale":"fr_FR","og_type":"article","og_title":"Notre SPA et son espace bien-\u00eatre - H\u00f4tel Villa Delisle - La R\u00e9union (974)","og_description":"D\u00e9tendez-vous dans notre SPA situ\u00e9 \u00e0 l'\u00eele de la R\u00e9union (974). Focalisez-vous sur votre bien-\u00eatre: relaxation, jacuzzi, massages, soins corporels...","og_url":"https:\/\/villadelisle.re\/index.php\/hotel-saint-pierre-la-reunion-974\/le-spa-relaxation-detente-massage-la-reunion-974\/","og_site_name":"H\u00f4tel Villa Delisle - Ile de la R\u00e9union (974)","article_publisher":"https:\/\/www.facebook.com\/Hotel.Villa.Delisle\/","article_modified_time":"2025-03-11T04:36:59+00:00","twitter_card":"summary_large_image","twitter_misc":{"Dur\u00e9e de lecture estim\u00e9e":"2 minutes"},"schema":{"@context":"https:\/\/schema.org","@graph":[{"@type":"WebPage","@id":"https:\/\/villadelisle.re\/index.php\/hotel-saint-pierre-la-reunion-974\/le-spa-relaxation-detente-massage-la-reunion-974\/","url":"https:\/\/villadelisle.re\/index.php\/hotel-saint-pierre-la-reunion-974\/le-spa-relaxation-detente-massage-la-reunion-974\/","name":"Notre SPA et son espace bien-\u00eatre - H\u00f4tel Villa Delisle - La R\u00e9union (974)","isPartOf":{"@id":"https:\/\/villadelisle.re\/#website"},"datePublished":"2018-07-17T12:43:06+00:00","dateModified":"2025-03-11T04:36:59+00:00","description":"D\u00e9tendez-vous dans notre SPA situ\u00e9 \u00e0 l'\u00eele de la R\u00e9union (974). Focalisez-vous sur votre bien-\u00eatre: relaxation, jacuzzi, massages, soins corporels...","breadcrumb":{"@id":"https:\/\/villadelisle.re\/index.php\/hotel-saint-pierre-la-reunion-974\/le-spa-relaxation-detente-massage-la-reunion-974\/#breadcrumb"},"inLanguage":"fr-FR","potentialAction":[{"@type":"ReadAction","target":["https:\/\/villadelisle.re\/index.php\/hotel-saint-pierre-la-reunion-974\/le-spa-relaxation-detente-massage-la-reunion-974\/"]}]},{"@type":"BreadcrumbList","@id":"https:\/\/villadelisle.re\/index.php\/hotel-saint-pierre-la-reunion-974\/le-spa-relaxation-detente-massage-la-reunion-974\/#breadcrumb","itemListElement":[{"@type":"ListItem","position":1,"name":"Accueil","item":"https:\/\/villadelisle.re\/"},{"@type":"ListItem","position":2,"name":"Accueil","item":"https:\/\/villadelisle.re\/"},{"@type":"ListItem","position":3,"name":"Le SPA"}]},{"@type":"WebSite","@id":"https:\/\/villadelisle.re\/#website","url":"https:\/\/villadelisle.re\/","name":"H\u00f4tel Villa Delisle - Ile de la R\u00e9union (974)","description":"G\u00e9n\u00e9rosit\u00e9, R\u00eave, Sourire","potentialAction":[{"@type":"SearchAction","target":{"@type":"EntryPoint","urlTemplate":"https:\/\/villadelisle.re\/?s={search_term_string}"},"query-input":{"@type":"PropertyValueSpecification","valueRequired":true,"valueName":"search_term_string"}}],"inLanguage":"fr-FR"}]}},"_links":{"self":[{"href":"https:\/\/villadelisle.re\/index.php\/wp-json\/wp\/v2\/pages\/423","targetHints":{"allow":["GET"]}}],"collection":[{"href":"https:\/\/villadelisle.re\/index.php\/wp-json\/wp\/v2\/pages"}],"about":[{"href":"https:\/\/villadelisle.re\/index.php\/wp-json\/wp\/v2\/types\/page"}],"author":[{"embeddable":true,"href":"https:\/\/villadelisle.re\/index.php\/wp-json\/wp\/v2\/users\/1"}],"replies":[{"embeddable":true,"href":"https:\/\/villadelisle.re\/index.php\/wp-json\/wp\/v2\/comments?post=423"}],"version-history":[{"count":46,"href":"https:\/\/villadelisle.re\/index.php\/wp-json\/wp\/v2\/pages\/423\/revisions"}],"predecessor-version":[{"id":2174,"href":"https:\/\/villadelisle.re\/index.php\/wp-json\/wp\/v2\/pages\/423\/revisions\/2174"}],"up":[{"embeddable":true,"href":"https:\/\/villadelisle.re\/index.php\/wp-json\/wp\/v2\/pages\/334"}],"wp:attachment":[{"href":"https:\/\/villadelisle.re\/index.php\/wp-json\/wp\/v2\/media?parent=423"}],"curies":[{"name":"wp","href":"https:\/\/api.w.org\/{rel}","templated":true}]}}