{"id":491,"date":"2018-07-18T23:27:04","date_gmt":"2018-07-18T19:27:04","guid":{"rendered":"https:\/\/villadelisle.re\/?page_id=491"},"modified":"2024-11-04T20:35:10","modified_gmt":"2024-11-04T16:35:10","slug":"seminaires-banquets-entreprise-remise-diplome-la-reunion-974","status":"publish","type":"page","link":"https:\/\/villadelisle.re\/index.php\/seminaires-banquets-entreprise-remise-diplome-la-reunion-974\/","title":{"rendered":"SEMINAIRES"},"content":{"rendered":"<div id=\"pl-491\"  class=\"panel-layout\" ><div id=\"pg-491-0\"  class=\"panel-grid panel-no-style\" ><div id=\"pgc-491-0-0\"  class=\"panel-grid-cell\" ><div id=\"panel-491-0-0-0\" class=\"so-panel widget widget_sow-editor panel-first-child panel-last-child\" data-index=\"0\" ><div\n\t\t\t\n\t\t\tclass=\"so-widget-sow-editor so-widget-sow-editor-base\"\n\t\t\t\n\t\t>\n<div class=\"siteorigin-widget-tinymce textwidget\">\n\t<div><\/div>\n<\/div>\n<\/div><\/div><\/div><\/div><div id=\"pg-491-1\"  class=\"panel-grid panel-no-style\" ><div id=\"pgc-491-1-0\"  class=\"panel-grid-cell\" ><div id=\"panel-491-1-0-0\" class=\"so-panel widget widget_sow-editor panel-first-child panel-last-child\" data-index=\"1\" ><div\n\t\t\t\n\t\t\tclass=\"so-widget-sow-editor so-widget-sow-editor-base\"\n\t\t\t\n\t\t>\n<div class=\"siteorigin-widget-tinymce textwidget\">\n\t<h3><strong>SEMINAIRES ET BANQUETS<\/strong><\/h3>\n<p><b><i>La Villa Delisle H\u00f4tel &amp; Spa ****<\/i><\/b><span style=\"font-weight: 400;\"> situ\u00e9e en plein centre de Saint Pierre, se fera un plaisir de vous accueillir pour l\u2019organisation de conf\u00e9rences cocktails, de journ\u00e9es d\u2019\u00e9tudes ou tout simplement une location de salle.\u00a0<\/span><span style=\"font-weight: 400;\">Notre \u00e9quipe professionnelle et enti\u00e8rement d\u00e9di\u00e9e \u00e0 votre demande, fera de cet \u00e9v\u00e9nement un instant inoubliable.<\/span><\/p>\n<p>&nbsp;<\/p>\n<h3><b>SALLES ET CAPACITES D\u2019ACCUEIL<\/b><\/h3>\n<p><span style=\"font-weight: 400;\">Nos salles de r\u00e9union allient efficacit\u00e9, confort et modernit\u00e9.<\/span><\/p>\n<p><span style=\"font-weight: 400;\">Pour vous accueillir, trois salles sont \u00e0 votre disposition\u00a0:<\/span><\/p>\n<ul>\n<li style=\"font-weight: 400;\"><span style=\"font-weight: 400;\">Notre salle <\/span><b>Louis Henry<\/b><span style=\"font-weight: 400;\"> de 150 m<\/span><span style=\"font-weight: 400;\">2<\/span> <span style=\"font-weight: 400;\">avec acc\u00e8s direct sur une grande terrasse surplombant le port de Saint Pierre, modulable en deux salles de 75m<\/span><span style=\"font-weight: 400;\">2<\/span><span style=\"font-weight: 400;\">, \u00a0lumi\u00e8re naturelle, toutes deux tr\u00e8s spacieuses, climatis\u00e9es et \u00e9quip\u00e9es de vid\u00e9o projecteur, \u00e9cran de projection, sonorisation, microphones sans fils et paperboards. Elles prendront la disposition qui convient le mieux \u00e0 votre \u00e9v\u00e9nement\u00a0: th\u00e9\u00e2tre, \u00e9cole ou encore en U.<\/span><\/li>\n<li style=\"font-weight: 400;\"><span style=\"font-weight: 400;\">Notre salle <\/span><b>Oc\u00e9an<\/b><span style=\"font-weight: 400;\"> de 28 m<\/span><span style=\"font-weight: 400;\">2<\/span><span style=\"font-weight: 400;\">, lumi\u00e8re naturelle, climatis\u00e9e et \u00e9quip\u00e9e d\u2019un \u00e9cran plat connexion HDMI et paperboards.<\/span><\/li>\n<\/ul>\n<p>&nbsp;<\/p>\n<table style=\"border: 1px solid black;\">\n<tbody>\n<tr style=\"text-align: center; border: 1px solid black;\">\n<td style=\"border: 1px solid black;\"><b>Salles<\/b><\/td>\n<td style=\"border: 1px solid black;\"><b>Superficies<\/b><\/td>\n<td style=\"border: 1px solid black;\" colspan=\"3\"><b>Capacit\u00e9 d\u2019accueil<\/b><\/td>\n<td style=\"border: 1px solid black;\" colspan=\"3\"><b>Tarifs TTC en \u20ac<\/b><\/td>\n<\/tr>\n<tr style=\"text-align: center; border: 1px solid black;\">\n<td style=\"border: 1px solid black;\"><\/td>\n<td style=\"border: 1px solid black;\"><\/td>\n<td style=\"border: 1px solid black;\"><b>U<\/b><\/td>\n<td style=\"border: 1px solid black;\"><b>ECOLIER<\/b><\/td>\n<td style=\"border: 1px solid black;\"><b>THEATRE<\/b><\/td>\n<td style=\"border: 1px solid black;\"><b>JOURNEE COMPLETE<\/b><\/td>\n<\/tr>\n<tr style=\"text-align: center; border: 1px solid black;\">\n<td style=\"border: 1px solid black;\"><b>LOUIS<\/b><\/td>\n<td style=\"border: 1px solid black;\"><b>75m<\/b><b>2<\/b><\/td>\n<td style=\"border: 1px solid black;\"><b>25<\/b><\/td>\n<td style=\"border: 1px solid black;\"><b>10<\/b><\/td>\n<td style=\"border: 1px solid black;\"><b>60<\/b><\/td>\n<td style=\"border: 1px solid black;\"><b>390,00\u20ac<\/b><\/td>\n<\/tr>\n<tr style=\"text-align: center; border: 1px solid black;\">\n<td style=\"border: 1px solid black;\"><b>HENRY<\/b><\/td>\n<td style=\"border: 1px solid black;\"><b>75m<\/b><b>2<\/b><\/td>\n<td style=\"border: 1px solid black;\"><b>25<\/b><\/td>\n<td style=\"border: 1px solid black;\"><b>10<\/b><\/td>\n<td style=\"border: 1px solid black;\"><b>60<\/b><\/td>\n<td style=\"border: 1px solid black;\"><b>390,00\u20ac<\/b><\/td>\n<\/tr>\n<tr style=\"text-align: center; border: 1px solid black;\">\n<td style=\"border: 1px solid black;\"><b>LOUIS+HENRY<\/b><\/td>\n<td style=\"border: 1px solid black;\"><b>150m<\/b><b>2<\/b><\/td>\n<td style=\"border: 1px solid black;\"><b>30<\/b><\/td>\n<td style=\"border: 1px solid black;\"><b>20<\/b><\/td>\n<td style=\"border: 1px solid black;\"><b>120<\/b><\/td>\n<td style=\"border: 1px solid black;\"><b>550,00\u20ac<\/b><\/td>\n<\/tr>\n<tr style=\"text-align: center; border: 1px solid black;\">\n<td style=\"border: 1px solid black;\"><b>OCEAN INDIEN<\/b><\/td>\n<td style=\"border: 1px solid black;\"><b>28m<\/b><b>2<\/b><\/td>\n<td style=\"border: 1px solid black;\"><b>15<\/b><\/td>\n<td style=\"border: 1px solid black;\"><b>-<\/b><\/td>\n<td style=\"border: 1px solid black;\"><b>-<\/b><\/td>\n<td style=\"border: 1px solid black;\"><b>200,00\u20ac<\/b><\/td>\n<\/tr>\n<\/tbody>\n<\/table>\n<p>&nbsp;<\/p>\n<h3><strong>NOS FORMULES JOURNEE D\u2019ETUDE <\/strong><\/h3>\n<p><span style=\"font-weight: 400;\">Faites de vos s\u00e9minaires et \u00e9v\u00e9nements professionnels des moments inoubliables en choisissant<\/span><b><i> La Villa Delisle H\u00f4tel &amp; Spa ****<\/i><\/b>.\u00a0<span style=\"font-weight: 400;\">Situ\u00e9 aux portes du sud sauvage, La Villa Delisle H\u00f4tel &amp; Spa offre un lieu exclusif et convivial puisant dans les richesses naturelles du sud R\u00e9unionnais et dans une histoire faite de voyages et d\u2019\u00e9changes. <\/span><span style=\"font-weight: 400;\">Un lieu authentique et traditionnel qui donnera une autre dimension \u00e0 vos rencontres.<\/span><span style=\"font-weight: 400;\">Nous proposons diff\u00e9rentes formules pour vous satisfaire.<\/span><\/p>\n<p>&nbsp;<\/p>\n<h3><strong>BANQUETS<\/strong><\/h3>\n<p><span style=\"font-weight: 400;\">Ajoutez une touche de douceur sucr\u00e9e \u00e0 vos r\u00e9unions et conf\u00e9rences\u00a0; nous proposons des pauses gourmandes et mignardises r\u00e9alis\u00e9es avec soin par notre \u00e9quipe que vous n\u2019oublierez pas de sit\u00f4t.\u00a0<\/span><span style=\"font-weight: 400;\">Nous organisons \u00e9galement vos d\u00e9jeuners et d\u00eeners de famille ou d\u2019affaires, ap\u00e9ritifs ou cocktails, ou encore des buffets \u00e0 th\u00e8mes selon vos envies.<\/span><\/p>\n<p><span style=\"font-weight: 400;\">Pour toutes demandes, contactez notre attach\u00e9e commerciale qui \u00e9laborera une proposition personnalis\u00e9e et vous accompagnera tout au long de votre \u00e9v\u00e8nement.<\/span><\/p>\n<p><span style=\"font-weight: 400;\">Vous pouvez \u00e9galement consulter notre brochure ci-dessous<\/span><\/p>\n<p>&nbsp;<\/p>\n<\/div>\n<\/div><\/div><\/div><\/div><div id=\"pg-491-2\"  class=\"panel-grid panel-no-style\" ><div id=\"pgc-491-2-0\"  class=\"panel-grid-cell\" ><div id=\"panel-491-2-0-0\" class=\"so-panel widget widget_sow-button panel-first-child panel-last-child\" data-index=\"2\" ><div\n\t\t\t\n\t\t\tclass=\"so-widget-sow-button so-widget-sow-button-flat-66466acb9e12-491\"\n\t\t\t\n\t\t><div class=\"ow-button-base ow-button-align-center\"\n>\n\t\t\t<a\n\t\t\t\t\thref=\"https:\/\/villadelisle.re\/wp-content\/uploads\/2024\/11\/Prestations-Seminaires-2024-VillaDelisle.pdf\"\n\t\t\t\t\tclass=\"sowb-button ow-icon-placement-left ow-button-hover\" target=\"_blank\" rel=\"noopener noreferrer\" \t>\n\t\t<span>\n\t\t\t\n\t\t\tBROCHURE \"SEMINAIRE\"\t\t<\/span>\n\t\t\t<\/a>\n\t<\/div>\n<\/div><\/div><\/div><div id=\"pgc-491-2-1\"  class=\"panel-grid-cell panel-grid-cell-empty\" ><\/div><div id=\"pgc-491-2-2\"  class=\"panel-grid-cell\" ><div id=\"panel-491-2-2-0\" class=\"so-panel widget widget_sow-button panel-first-child panel-last-child\" data-index=\"3\" ><div\n\t\t\t\n\t\t\tclass=\"so-widget-sow-button so-widget-sow-button-atom-f54c0409268f-491\"\n\t\t\t\n\t\t><div class=\"ow-button-base ow-button-align-center\"\n>\n\t\t\t<a\n\t\t\t\t\thref=\"https:\/\/villadelisle.re\/index.php\/contacter-un-commercial\/\"\n\t\t\t\t\tclass=\"sowb-button ow-icon-placement-left ow-button-hover\" \t>\n\t\t<span>\n\t\t\t\n\t\t\tCONTACTER UN COMMERCIAL\t\t<\/span>\n\t\t\t<\/a>\n\t<\/div>\n<\/div><\/div><\/div><\/div><\/div>","protected":false},"excerpt":{"rendered":"<p>SEMINAIRES ET BANQUETS La Villa Delisle H\u00f4tel &amp; Spa **** situ\u00e9e en plein centre de Saint Pierre, se fera un plaisir de vous accueillir pour l\u2019organisation de conf\u00e9rences cocktails, de journ\u00e9es d\u2019\u00e9tudes ou tout simplement une location de salle.\u00a0Notre \u00e9quipe professionnelle et enti\u00e8rement d\u00e9di\u00e9e \u00e0 votre demande, fera de cet[&#8230;]<\/p>\n","protected":false},"author":1,"featured_media":0,"parent":0,"menu_order":0,"comment_status":"closed","ping_status":"closed","template":"template-fullwidth.php","meta":{"_monsterinsights_skip_tracking":false,"_monsterinsights_sitenote_active":false,"_monsterinsights_sitenote_note":"","_monsterinsights_sitenote_category":0,"footnotes":""},"class_list":["post-491","page","type-page","status-publish","hentry"],"yoast_head":"<!-- This site is optimized with the Yoast SEO plugin v26.6 - https:\/\/yoast.com\/wordpress\/plugins\/seo\/ -->\n<title>Seminaires entreprise - H\u00f4tel Villa Delisle - Ile de la R\u00e9union (974)<\/title>\n<meta name=\"description\" content=\"Vous recherchez un lieu dans le sud de la R\u00e9union afin d&#039;organiser une r\u00e9union d&#039;entreprise, un \u00e9v\u00e9nement, une remise de dipl\u00f4mes, des conf\u00e9rences?\" \/>\n<meta name=\"robots\" content=\"index, follow, max-snippet:-1, max-image-preview:large, max-video-preview:-1\" \/>\n<link rel=\"canonical\" href=\"https:\/\/villadelisle.re\/index.php\/seminaires-banquets-entreprise-remise-diplome-la-reunion-974\/\" \/>\n<meta property=\"og:locale\" content=\"fr_FR\" \/>\n<meta property=\"og:type\" content=\"article\" \/>\n<meta property=\"og:title\" content=\"Seminaires entreprise - H\u00f4tel Villa Delisle - Ile de la R\u00e9union (974)\" \/>\n<meta property=\"og:description\" content=\"Vous recherchez un lieu dans le sud de la R\u00e9union afin d&#039;organiser une r\u00e9union d&#039;entreprise, un \u00e9v\u00e9nement, une remise de dipl\u00f4mes, des conf\u00e9rences?\" \/>\n<meta property=\"og:url\" content=\"https:\/\/villadelisle.re\/index.php\/seminaires-banquets-entreprise-remise-diplome-la-reunion-974\/\" \/>\n<meta property=\"og:site_name\" content=\"H\u00f4tel Villa Delisle - Ile de la R\u00e9union (974)\" \/>\n<meta property=\"article:publisher\" content=\"https:\/\/www.facebook.com\/Hotel.Villa.Delisle\/\" \/>\n<meta property=\"article:modified_time\" content=\"2024-11-04T16:35:10+00:00\" \/>\n<meta name=\"twitter:card\" content=\"summary_large_image\" \/>\n<meta name=\"twitter:label1\" content=\"Dur\u00e9e de lecture estim\u00e9e\" \/>\n\t<meta name=\"twitter:data1\" content=\"3 minutes\" \/>\n<script type=\"application\/ld+json\" class=\"yoast-schema-graph\">{\"@context\":\"https:\/\/schema.org\",\"@graph\":[{\"@type\":\"WebPage\",\"@id\":\"https:\/\/villadelisle.re\/index.php\/seminaires-banquets-entreprise-remise-diplome-la-reunion-974\/\",\"url\":\"https:\/\/villadelisle.re\/index.php\/seminaires-banquets-entreprise-remise-diplome-la-reunion-974\/\",\"name\":\"Seminaires entreprise - H\u00f4tel Villa Delisle - Ile de la R\u00e9union (974)\",\"isPartOf\":{\"@id\":\"https:\/\/villadelisle.re\/#website\"},\"datePublished\":\"2018-07-18T19:27:04+00:00\",\"dateModified\":\"2024-11-04T16:35:10+00:00\",\"description\":\"Vous recherchez un lieu dans le sud de la R\u00e9union afin d'organiser une r\u00e9union d'entreprise, un \u00e9v\u00e9nement, une remise de dipl\u00f4mes, des conf\u00e9rences?\",\"breadcrumb\":{\"@id\":\"https:\/\/villadelisle.re\/index.php\/seminaires-banquets-entreprise-remise-diplome-la-reunion-974\/#breadcrumb\"},\"inLanguage\":\"fr-FR\",\"potentialAction\":[{\"@type\":\"ReadAction\",\"target\":[\"https:\/\/villadelisle.re\/index.php\/seminaires-banquets-entreprise-remise-diplome-la-reunion-974\/\"]}]},{\"@type\":\"BreadcrumbList\",\"@id\":\"https:\/\/villadelisle.re\/index.php\/seminaires-banquets-entreprise-remise-diplome-la-reunion-974\/#breadcrumb\",\"itemListElement\":[{\"@type\":\"ListItem\",\"position\":1,\"name\":\"Accueil\",\"item\":\"https:\/\/villadelisle.re\/\"},{\"@type\":\"ListItem\",\"position\":2,\"name\":\"SEMINAIRES\"}]},{\"@type\":\"WebSite\",\"@id\":\"https:\/\/villadelisle.re\/#website\",\"url\":\"https:\/\/villadelisle.re\/\",\"name\":\"H\u00f4tel Villa Delisle - Ile de la R\u00e9union (974)\",\"description\":\"G\u00e9n\u00e9rosit\u00e9, R\u00eave, Sourire\",\"potentialAction\":[{\"@type\":\"SearchAction\",\"target\":{\"@type\":\"EntryPoint\",\"urlTemplate\":\"https:\/\/villadelisle.re\/?s={search_term_string}\"},\"query-input\":{\"@type\":\"PropertyValueSpecification\",\"valueRequired\":true,\"valueName\":\"search_term_string\"}}],\"inLanguage\":\"fr-FR\"}]}<\/script>\n<!-- \/ Yoast SEO plugin. -->","yoast_head_json":{"title":"Seminaires entreprise - H\u00f4tel Villa Delisle - Ile de la R\u00e9union (974)","description":"Vous recherchez un lieu dans le sud de la R\u00e9union afin d'organiser une r\u00e9union d'entreprise, un \u00e9v\u00e9nement, une remise de dipl\u00f4mes, des conf\u00e9rences?","robots":{"index":"index","follow":"follow","max-snippet":"max-snippet:-1","max-image-preview":"max-image-preview:large","max-video-preview":"max-video-preview:-1"},"canonical":"https:\/\/villadelisle.re\/index.php\/seminaires-banquets-entreprise-remise-diplome-la-reunion-974\/","og_locale":"fr_FR","og_type":"article","og_title":"Seminaires entreprise - H\u00f4tel Villa Delisle - Ile de la R\u00e9union (974)","og_description":"Vous recherchez un lieu dans le sud de la R\u00e9union afin d'organiser une r\u00e9union d'entreprise, un \u00e9v\u00e9nement, une remise de dipl\u00f4mes, des conf\u00e9rences?","og_url":"https:\/\/villadelisle.re\/index.php\/seminaires-banquets-entreprise-remise-diplome-la-reunion-974\/","og_site_name":"H\u00f4tel Villa Delisle - Ile de la R\u00e9union (974)","article_publisher":"https:\/\/www.facebook.com\/Hotel.Villa.Delisle\/","article_modified_time":"2024-11-04T16:35:10+00:00","twitter_card":"summary_large_image","twitter_misc":{"Dur\u00e9e de lecture estim\u00e9e":"3 minutes"},"schema":{"@context":"https:\/\/schema.org","@graph":[{"@type":"WebPage","@id":"https:\/\/villadelisle.re\/index.php\/seminaires-banquets-entreprise-remise-diplome-la-reunion-974\/","url":"https:\/\/villadelisle.re\/index.php\/seminaires-banquets-entreprise-remise-diplome-la-reunion-974\/","name":"Seminaires entreprise - H\u00f4tel Villa Delisle - Ile de la R\u00e9union (974)","isPartOf":{"@id":"https:\/\/villadelisle.re\/#website"},"datePublished":"2018-07-18T19:27:04+00:00","dateModified":"2024-11-04T16:35:10+00:00","description":"Vous recherchez un lieu dans le sud de la R\u00e9union afin d'organiser une r\u00e9union d'entreprise, un \u00e9v\u00e9nement, une remise de dipl\u00f4mes, des conf\u00e9rences?","breadcrumb":{"@id":"https:\/\/villadelisle.re\/index.php\/seminaires-banquets-entreprise-remise-diplome-la-reunion-974\/#breadcrumb"},"inLanguage":"fr-FR","potentialAction":[{"@type":"ReadAction","target":["https:\/\/villadelisle.re\/index.php\/seminaires-banquets-entreprise-remise-diplome-la-reunion-974\/"]}]},{"@type":"BreadcrumbList","@id":"https:\/\/villadelisle.re\/index.php\/seminaires-banquets-entreprise-remise-diplome-la-reunion-974\/#breadcrumb","itemListElement":[{"@type":"ListItem","position":1,"name":"Accueil","item":"https:\/\/villadelisle.re\/"},{"@type":"ListItem","position":2,"name":"SEMINAIRES"}]},{"@type":"WebSite","@id":"https:\/\/villadelisle.re\/#website","url":"https:\/\/villadelisle.re\/","name":"H\u00f4tel Villa Delisle - Ile de la R\u00e9union (974)","description":"G\u00e9n\u00e9rosit\u00e9, R\u00eave, Sourire","potentialAction":[{"@type":"SearchAction","target":{"@type":"EntryPoint","urlTemplate":"https:\/\/villadelisle.re\/?s={search_term_string}"},"query-input":{"@type":"PropertyValueSpecification","valueRequired":true,"valueName":"search_term_string"}}],"inLanguage":"fr-FR"}]}},"_links":{"self":[{"href":"https:\/\/villadelisle.re\/index.php\/wp-json\/wp\/v2\/pages\/491","targetHints":{"allow":["GET"]}}],"collection":[{"href":"https:\/\/villadelisle.re\/index.php\/wp-json\/wp\/v2\/pages"}],"about":[{"href":"https:\/\/villadelisle.re\/index.php\/wp-json\/wp\/v2\/types\/page"}],"author":[{"embeddable":true,"href":"https:\/\/villadelisle.re\/index.php\/wp-json\/wp\/v2\/users\/1"}],"replies":[{"embeddable":true,"href":"https:\/\/villadelisle.re\/index.php\/wp-json\/wp\/v2\/comments?post=491"}],"version-history":[{"count":36,"href":"https:\/\/villadelisle.re\/index.php\/wp-json\/wp\/v2\/pages\/491\/revisions"}],"predecessor-version":[{"id":1825,"href":"https:\/\/villadelisle.re\/index.php\/wp-json\/wp\/v2\/pages\/491\/revisions\/1825"}],"wp:attachment":[{"href":"https:\/\/villadelisle.re\/index.php\/wp-json\/wp\/v2\/media?parent=491"}],"curies":[{"name":"wp","href":"https:\/\/api.w.org\/{rel}","templated":true}]}}