{"id":496,"date":"2018-07-18T23:29:38","date_gmt":"2018-07-18T19:29:38","guid":{"rendered":"https:\/\/villadelisle.re\/?page_id=496"},"modified":"2025-07-17T20:51:16","modified_gmt":"2025-07-17T16:51:16","slug":"le-bistrot-chic-le-pierre-restaurant","status":"publish","type":"page","link":"https:\/\/villadelisle.re\/index.php\/bar-restauration-la-reunion-974\/le-bistrot-chic-le-pierre-restaurant\/","title":{"rendered":"LE PIERRE"},"content":{"rendered":"<div id=\"pl-496\"  class=\"panel-layout\" ><div id=\"pg-496-0\"  class=\"panel-grid panel-no-style\" ><div id=\"pgc-496-0-0\"  class=\"panel-grid-cell\" ><div id=\"panel-496-0-0-0\" class=\"so-panel widget widget_sow-button panel-first-child panel-last-child\" data-index=\"0\" ><div\n\t\t\t\n\t\t\tclass=\"so-widget-sow-button so-widget-sow-button-flat-66466acb9e12-496\"\n\t\t\t\n\t\t><div class=\"ow-button-base ow-button-align-center\"\n>\n\t\t\t<a\n\t\t\t\t\thref=\"https:\/\/carrieresvd.my.canva.site\/carte-pierre\"\n\t\t\t\t\tclass=\"sowb-button ow-icon-placement-left ow-button-hover\" target=\"_blank\" rel=\"noopener noreferrer\" \t>\n\t\t<span>\n\t\t\t\n\t\t\tLA CARTE\t\t<\/span>\n\t\t\t<\/a>\n\t<\/div>\n<\/div><\/div><\/div><div id=\"pgc-496-0-1\"  class=\"panel-grid-cell\" ><div id=\"panel-496-0-1-0\" class=\"so-panel widget widget_sow-button panel-first-child panel-last-child\" data-index=\"1\" ><div\n\t\t\t\n\t\t\tclass=\"so-widget-sow-button so-widget-sow-button-flat-66466acb9e12-496\"\n\t\t\t\n\t\t><div class=\"ow-button-base ow-button-align-center\"\n>\n\t\t\t<a\n\t\t\t\t\thref=\"https:\/\/ib.guestonline.fr\/instabook\/bookings\/RalLBBJ\"\n\t\t\t\t\tclass=\"sowb-button ow-icon-placement-left ow-button-hover\" target=\"_blank\" rel=\"noopener noreferrer\" \t>\n\t\t<span>\n\t\t\t\n\t\t\tRESERVER\t\t<\/span>\n\t\t\t<\/a>\n\t<\/div>\n<\/div><\/div><\/div><\/div><div id=\"pg-496-1\"  class=\"panel-grid panel-no-style\" ><div id=\"pgc-496-1-0\"  class=\"panel-grid-cell\" ><div id=\"panel-496-1-0-0\" class=\"so-panel widget widget_sow-editor panel-first-child panel-last-child\" data-index=\"2\" ><div\n\t\t\t\n\t\t\tclass=\"so-widget-sow-editor so-widget-sow-editor-base\"\n\t\t\t\n\t\t>\n<div class=\"siteorigin-widget-tinymce textwidget\">\n\t<div style=\"margin-top:30px;\"><\/div>\n<\/div>\n<\/div><\/div><\/div><div id=\"pgc-496-1-1\"  class=\"panel-grid-cell\" ><div id=\"panel-496-1-1-0\" class=\"so-panel widget widget_sow-editor panel-first-child panel-last-child\" data-index=\"3\" ><div class=\"Slider-text panel-widget-style panel-widget-style-for-496-1-1-0\" ><div\n\t\t\t\n\t\t\tclass=\"so-widget-sow-editor so-widget-sow-editor-base\"\n\t\t\t\n\t\t>\n<div class=\"siteorigin-widget-tinymce textwidget\">\n\t<h2>D\u00e9couvrez Le Pierre,<\/h2>\n<div class=\"page\" title=\"Page 3\">\n<div class=\"section\">\n<div class=\"layoutArea\">\n<div class=\"column\">\n<div>Bienvenue au Restaurant Le Pierre, ouvert tous les midis et du jeudi au samedi soir.<\/div>\n<div>Le Pierre offre une cuisine raffin\u00e9e, accessible et d\u00e9complex\u00e9e aux accents cr\u00e9oles qui fait la part belle aux produits frais et locaux.<\/div>\n<div>Une carte raffin\u00e9e, laissant s\u2019exprimer la cr\u00e9ativit\u00e9 des \u00e9quipes.<\/div>\n<div>Profitez aussi de l\u2019agr\u00e9able terrasse, nich\u00e9e dans les jardins de l\u2019h\u00f4tel, pour sociabiliser et se d\u00e9tendre en fin de semaine, autour de Cocktails &amp; Tapas...<\/div>\n<\/div>\n<\/div>\n<\/div>\n<\/div>\n<\/div>\n<\/div><\/div><\/div><\/div><\/div><\/div>","protected":false},"excerpt":{"rendered":"<p>D\u00e9couvrez Le Pierre, Bienvenue au Restaurant Le Pierre, ouvert tous les midis et du jeudi au samedi soir. Le Pierre offre une cuisine raffin\u00e9e, accessible et d\u00e9complex\u00e9e aux accents cr\u00e9oles qui fait la part belle aux produits frais et locaux. Une carte raffin\u00e9e, laissant s\u2019exprimer la cr\u00e9ativit\u00e9 des \u00e9quipes. Profitez[&#8230;]<\/p>\n","protected":false},"author":1,"featured_media":0,"parent":631,"menu_order":0,"comment_status":"closed","ping_status":"closed","template":"template-fullwidth.php","meta":{"_monsterinsights_skip_tracking":false,"_monsterinsights_sitenote_active":false,"_monsterinsights_sitenote_note":"","_monsterinsights_sitenote_category":0,"footnotes":""},"class_list":["post-496","page","type-page","status-publish","hentry"],"yoast_head":"<!-- This site is optimized with the Yoast SEO plugin v26.6 - https:\/\/yoast.com\/wordpress\/plugins\/seo\/ -->\n<title>&quot;Le Pierre&quot; - H\u00f4tel Villa Delisle - Ile de la R\u00e9union (974)<\/title>\n<meta name=\"description\" content=\"D\u00e9gustez nos meilleurs plats dans notre restaurant &quot;Le Pierre&quot; situ\u00e9 \u00e0 Saint-Pierre de la R\u00e9union. Faites fr\u00e9mir vos papilles!\" \/>\n<meta name=\"robots\" content=\"index, follow, max-snippet:-1, max-image-preview:large, max-video-preview:-1\" \/>\n<link rel=\"canonical\" href=\"https:\/\/villadelisle.re\/index.php\/bar-restauration-la-reunion-974\/le-bistrot-chic-le-pierre-restaurant\/\" \/>\n<meta property=\"og:locale\" content=\"fr_FR\" \/>\n<meta property=\"og:type\" content=\"article\" \/>\n<meta property=\"og:title\" content=\"&quot;Le Pierre&quot; - H\u00f4tel Villa Delisle - Ile de la R\u00e9union (974)\" \/>\n<meta property=\"og:description\" content=\"D\u00e9gustez nos meilleurs plats dans notre restaurant &quot;Le Pierre&quot; situ\u00e9 \u00e0 Saint-Pierre de la R\u00e9union. Faites fr\u00e9mir vos papilles!\" \/>\n<meta property=\"og:url\" content=\"https:\/\/villadelisle.re\/index.php\/bar-restauration-la-reunion-974\/le-bistrot-chic-le-pierre-restaurant\/\" \/>\n<meta property=\"og:site_name\" content=\"H\u00f4tel Villa Delisle - Ile de la R\u00e9union (974)\" \/>\n<meta property=\"article:publisher\" content=\"https:\/\/www.facebook.com\/Hotel.Villa.Delisle\/\" \/>\n<meta property=\"article:modified_time\" content=\"2025-07-17T16:51:16+00:00\" \/>\n<meta name=\"twitter:card\" content=\"summary_large_image\" \/>\n<meta name=\"twitter:label1\" content=\"Dur\u00e9e de lecture estim\u00e9e\" \/>\n\t<meta name=\"twitter:data1\" content=\"1 minute\" \/>\n<script type=\"application\/ld+json\" class=\"yoast-schema-graph\">{\"@context\":\"https:\/\/schema.org\",\"@graph\":[{\"@type\":\"WebPage\",\"@id\":\"https:\/\/villadelisle.re\/index.php\/bar-restauration-la-reunion-974\/le-bistrot-chic-le-pierre-restaurant\/\",\"url\":\"https:\/\/villadelisle.re\/index.php\/bar-restauration-la-reunion-974\/le-bistrot-chic-le-pierre-restaurant\/\",\"name\":\"\\\"Le Pierre\\\" - H\u00f4tel Villa Delisle - Ile de la R\u00e9union (974)\",\"isPartOf\":{\"@id\":\"https:\/\/villadelisle.re\/#website\"},\"datePublished\":\"2018-07-18T19:29:38+00:00\",\"dateModified\":\"2025-07-17T16:51:16+00:00\",\"description\":\"D\u00e9gustez nos meilleurs plats dans notre restaurant \\\"Le Pierre\\\" situ\u00e9 \u00e0 Saint-Pierre de la R\u00e9union. Faites fr\u00e9mir vos papilles!\",\"breadcrumb\":{\"@id\":\"https:\/\/villadelisle.re\/index.php\/bar-restauration-la-reunion-974\/le-bistrot-chic-le-pierre-restaurant\/#breadcrumb\"},\"inLanguage\":\"fr-FR\",\"potentialAction\":[{\"@type\":\"ReadAction\",\"target\":[\"https:\/\/villadelisle.re\/index.php\/bar-restauration-la-reunion-974\/le-bistrot-chic-le-pierre-restaurant\/\"]}]},{\"@type\":\"BreadcrumbList\",\"@id\":\"https:\/\/villadelisle.re\/index.php\/bar-restauration-la-reunion-974\/le-bistrot-chic-le-pierre-restaurant\/#breadcrumb\",\"itemListElement\":[{\"@type\":\"ListItem\",\"position\":1,\"name\":\"Accueil\",\"item\":\"https:\/\/villadelisle.re\/\"},{\"@type\":\"ListItem\",\"position\":2,\"name\":\"BAR &#038; RESTAURATION\",\"item\":\"https:\/\/villadelisle.re\/index.php\/bar-restauration-la-reunion-974\/\"},{\"@type\":\"ListItem\",\"position\":3,\"name\":\"LE PIERRE\"}]},{\"@type\":\"WebSite\",\"@id\":\"https:\/\/villadelisle.re\/#website\",\"url\":\"https:\/\/villadelisle.re\/\",\"name\":\"H\u00f4tel Villa Delisle - Ile de la R\u00e9union (974)\",\"description\":\"G\u00e9n\u00e9rosit\u00e9, R\u00eave, Sourire\",\"potentialAction\":[{\"@type\":\"SearchAction\",\"target\":{\"@type\":\"EntryPoint\",\"urlTemplate\":\"https:\/\/villadelisle.re\/?s={search_term_string}\"},\"query-input\":{\"@type\":\"PropertyValueSpecification\",\"valueRequired\":true,\"valueName\":\"search_term_string\"}}],\"inLanguage\":\"fr-FR\"}]}<\/script>\n<!-- \/ Yoast SEO plugin. -->","yoast_head_json":{"title":"\"Le Pierre\" - H\u00f4tel Villa Delisle - Ile de la R\u00e9union (974)","description":"D\u00e9gustez nos meilleurs plats dans notre restaurant \"Le Pierre\" situ\u00e9 \u00e0 Saint-Pierre de la R\u00e9union. Faites fr\u00e9mir vos papilles!","robots":{"index":"index","follow":"follow","max-snippet":"max-snippet:-1","max-image-preview":"max-image-preview:large","max-video-preview":"max-video-preview:-1"},"canonical":"https:\/\/villadelisle.re\/index.php\/bar-restauration-la-reunion-974\/le-bistrot-chic-le-pierre-restaurant\/","og_locale":"fr_FR","og_type":"article","og_title":"\"Le Pierre\" - H\u00f4tel Villa Delisle - Ile de la R\u00e9union (974)","og_description":"D\u00e9gustez nos meilleurs plats dans notre restaurant \"Le Pierre\" situ\u00e9 \u00e0 Saint-Pierre de la R\u00e9union. Faites fr\u00e9mir vos papilles!","og_url":"https:\/\/villadelisle.re\/index.php\/bar-restauration-la-reunion-974\/le-bistrot-chic-le-pierre-restaurant\/","og_site_name":"H\u00f4tel Villa Delisle - Ile de la R\u00e9union (974)","article_publisher":"https:\/\/www.facebook.com\/Hotel.Villa.Delisle\/","article_modified_time":"2025-07-17T16:51:16+00:00","twitter_card":"summary_large_image","twitter_misc":{"Dur\u00e9e de lecture estim\u00e9e":"1 minute"},"schema":{"@context":"https:\/\/schema.org","@graph":[{"@type":"WebPage","@id":"https:\/\/villadelisle.re\/index.php\/bar-restauration-la-reunion-974\/le-bistrot-chic-le-pierre-restaurant\/","url":"https:\/\/villadelisle.re\/index.php\/bar-restauration-la-reunion-974\/le-bistrot-chic-le-pierre-restaurant\/","name":"\"Le Pierre\" - H\u00f4tel Villa Delisle - Ile de la R\u00e9union (974)","isPartOf":{"@id":"https:\/\/villadelisle.re\/#website"},"datePublished":"2018-07-18T19:29:38+00:00","dateModified":"2025-07-17T16:51:16+00:00","description":"D\u00e9gustez nos meilleurs plats dans notre restaurant \"Le Pierre\" situ\u00e9 \u00e0 Saint-Pierre de la R\u00e9union. Faites fr\u00e9mir vos papilles!","breadcrumb":{"@id":"https:\/\/villadelisle.re\/index.php\/bar-restauration-la-reunion-974\/le-bistrot-chic-le-pierre-restaurant\/#breadcrumb"},"inLanguage":"fr-FR","potentialAction":[{"@type":"ReadAction","target":["https:\/\/villadelisle.re\/index.php\/bar-restauration-la-reunion-974\/le-bistrot-chic-le-pierre-restaurant\/"]}]},{"@type":"BreadcrumbList","@id":"https:\/\/villadelisle.re\/index.php\/bar-restauration-la-reunion-974\/le-bistrot-chic-le-pierre-restaurant\/#breadcrumb","itemListElement":[{"@type":"ListItem","position":1,"name":"Accueil","item":"https:\/\/villadelisle.re\/"},{"@type":"ListItem","position":2,"name":"BAR &#038; RESTAURATION","item":"https:\/\/villadelisle.re\/index.php\/bar-restauration-la-reunion-974\/"},{"@type":"ListItem","position":3,"name":"LE PIERRE"}]},{"@type":"WebSite","@id":"https:\/\/villadelisle.re\/#website","url":"https:\/\/villadelisle.re\/","name":"H\u00f4tel Villa Delisle - Ile de la R\u00e9union (974)","description":"G\u00e9n\u00e9rosit\u00e9, R\u00eave, Sourire","potentialAction":[{"@type":"SearchAction","target":{"@type":"EntryPoint","urlTemplate":"https:\/\/villadelisle.re\/?s={search_term_string}"},"query-input":{"@type":"PropertyValueSpecification","valueRequired":true,"valueName":"search_term_string"}}],"inLanguage":"fr-FR"}]}},"_links":{"self":[{"href":"https:\/\/villadelisle.re\/index.php\/wp-json\/wp\/v2\/pages\/496","targetHints":{"allow":["GET"]}}],"collection":[{"href":"https:\/\/villadelisle.re\/index.php\/wp-json\/wp\/v2\/pages"}],"about":[{"href":"https:\/\/villadelisle.re\/index.php\/wp-json\/wp\/v2\/types\/page"}],"author":[{"embeddable":true,"href":"https:\/\/villadelisle.re\/index.php\/wp-json\/wp\/v2\/users\/1"}],"replies":[{"embeddable":true,"href":"https:\/\/villadelisle.re\/index.php\/wp-json\/wp\/v2\/comments?post=496"}],"version-history":[{"count":54,"href":"https:\/\/villadelisle.re\/index.php\/wp-json\/wp\/v2\/pages\/496\/revisions"}],"predecessor-version":[{"id":2193,"href":"https:\/\/villadelisle.re\/index.php\/wp-json\/wp\/v2\/pages\/496\/revisions\/2193"}],"up":[{"embeddable":true,"href":"https:\/\/villadelisle.re\/index.php\/wp-json\/wp\/v2\/pages\/631"}],"wp:attachment":[{"href":"https:\/\/villadelisle.re\/index.php\/wp-json\/wp\/v2\/media?parent=496"}],"curies":[{"name":"wp","href":"https:\/\/api.w.org\/{rel}","templated":true}]}}