{"id":498,"date":"2018-07-18T23:29:57","date_gmt":"2018-07-18T19:29:57","guid":{"rendered":"https:\/\/villadelisle.re\/?page_id=498"},"modified":"2025-11-29T16:57:11","modified_gmt":"2025-11-29T12:57:11","slug":"la-voile-blanche-restaurant-piscine","status":"publish","type":"page","link":"https:\/\/villadelisle.re\/index.php\/bar-restauration-la-reunion-974\/la-voile-blanche-restaurant-piscine\/","title":{"rendered":"LA VOILE BLANCHE"},"content":{"rendered":"<div id=\"pl-498\"  class=\"panel-layout\" ><div id=\"pg-498-0\"  class=\"panel-grid panel-no-style\" ><div id=\"pgc-498-0-0\"  class=\"panel-grid-cell\" ><div id=\"panel-498-0-0-0\" class=\"so-panel widget widget_sow-button panel-first-child panel-last-child\" data-index=\"0\" ><div\n\t\t\t\n\t\t\tclass=\"so-widget-sow-button so-widget-sow-button-flat-66466acb9e12-498\"\n\t\t\t\n\t\t><div class=\"ow-button-base ow-button-align-center\"\n>\n\t\t\t<a\n\t\t\t\t\thref=\"https:\/\/villadelisle.re\/wp-content\/uploads\/2025\/11\/CARTE-DES-BOISSONS_compressed.pdf\"\n\t\t\t\t\tclass=\"sowb-button ow-icon-placement-left ow-button-hover\" target=\"_blank\" rel=\"noopener noreferrer\" \t>\n\t\t<span>\n\t\t\t\n\t\t\tCARTE DES BOISSONS\t\t<\/span>\n\t\t\t<\/a>\n\t<\/div>\n<\/div><\/div><\/div><\/div><div id=\"pg-498-1\"  class=\"panel-grid panel-no-style\" ><div id=\"pgc-498-1-0\"  class=\"panel-grid-cell\" ><div id=\"panel-498-1-0-0\" class=\"so-panel widget widget_sow-editor panel-first-child panel-last-child\" data-index=\"1\" ><div\n\t\t\t\n\t\t\tclass=\"so-widget-sow-editor so-widget-sow-editor-base\"\n\t\t\t\n\t\t>\n<div class=\"siteorigin-widget-tinymce textwidget\">\n\t<div style=\"margin-top:30px;\"><\/div>\n<\/div>\n<\/div><\/div><\/div><div id=\"pgc-498-1-1\"  class=\"panel-grid-cell\" ><div id=\"panel-498-1-1-0\" class=\"so-panel widget widget_sow-editor panel-first-child panel-last-child\" data-index=\"2\" ><div class=\"Slider-text panel-widget-style panel-widget-style-for-498-1-1-0\" ><div\n\t\t\t\n\t\t\tclass=\"so-widget-sow-editor so-widget-sow-editor-base\"\n\t\t\t\n\t\t>\n<div class=\"siteorigin-widget-tinymce textwidget\">\n\t<h2 style=\"text-align: center;\"><b>Petit-d\u00e9jeuner et bar<\/b><\/h2>\n<div>\n<div>C\u2019est au bord de la piscine de l\u2019h\u00f4tel, que la Voile Blanche vous attend pour vos moments de d\u00e9tente.<\/div>\n<div>La Voile Blanche est le lieu id\u00e9al pour commencer la journ\u00e9e dans les matins ensoleill\u00e9s ainsi que pour la finir sous les ciels rougeoyants. A l\u2019ombre de palmiers, a\u0300 l\u2019abri des aliz\u00e9s, vous profiterez au mieux d\u2019un cocktail au bord de notre piscine tout en d\u00e9gustant des tapas.<\/div>\n<\/div>\n<\/div>\n<\/div><\/div><\/div><\/div><\/div><\/div>","protected":false},"excerpt":{"rendered":"<p>Petit-d\u00e9jeuner et bar C\u2019est au bord de la piscine de l\u2019h\u00f4tel, que la Voile Blanche vous attend pour vos moments de d\u00e9tente. La Voile Blanche est le lieu id\u00e9al pour commencer la journ\u00e9e dans les matins ensoleill\u00e9s ainsi que pour la finir sous les ciels rougeoyants. A l\u2019ombre de palmiers,[&#8230;]<\/p>\n","protected":false},"author":1,"featured_media":0,"parent":631,"menu_order":0,"comment_status":"closed","ping_status":"closed","template":"template-fullwidth.php","meta":{"_monsterinsights_skip_tracking":false,"_monsterinsights_sitenote_active":false,"_monsterinsights_sitenote_note":"","_monsterinsights_sitenote_category":0,"footnotes":""},"class_list":["post-498","page","type-page","status-publish","hentry"],"yoast_head":"<!-- This site is optimized with the Yoast SEO plugin v26.6 - https:\/\/yoast.com\/wordpress\/plugins\/seo\/ -->\n<title>La Voile Blanche et sa piscine - H\u00f4tel Villa Delisle - Ile de la R\u00e9union (974)<\/title>\n<meta name=\"description\" content=\"Un petit d\u00e9jeuner en bord de piscine \u00e7a vous tente? C&#039;est ce que nous vous proposons dans notre restaurant situ\u00e9 \u00e0 proximit\u00e9 du lagon de Saint-Pierre (974).\" \/>\n<meta name=\"robots\" content=\"index, follow, max-snippet:-1, max-image-preview:large, max-video-preview:-1\" \/>\n<link rel=\"canonical\" href=\"https:\/\/villadelisle.re\/index.php\/bar-restauration-la-reunion-974\/la-voile-blanche-restaurant-piscine\/\" \/>\n<meta property=\"og:locale\" content=\"fr_FR\" \/>\n<meta property=\"og:type\" content=\"article\" \/>\n<meta property=\"og:title\" content=\"La Voile Blanche et sa piscine - H\u00f4tel Villa Delisle - Ile de la R\u00e9union (974)\" \/>\n<meta property=\"og:description\" content=\"Un petit d\u00e9jeuner en bord de piscine \u00e7a vous tente? C&#039;est ce que nous vous proposons dans notre restaurant situ\u00e9 \u00e0 proximit\u00e9 du lagon de Saint-Pierre (974).\" \/>\n<meta property=\"og:url\" content=\"https:\/\/villadelisle.re\/index.php\/bar-restauration-la-reunion-974\/la-voile-blanche-restaurant-piscine\/\" \/>\n<meta property=\"og:site_name\" content=\"H\u00f4tel Villa Delisle - Ile de la R\u00e9union (974)\" \/>\n<meta property=\"article:publisher\" content=\"https:\/\/www.facebook.com\/Hotel.Villa.Delisle\/\" \/>\n<meta property=\"article:modified_time\" content=\"2025-11-29T12:57:11+00:00\" \/>\n<meta name=\"twitter:card\" content=\"summary_large_image\" \/>\n<meta name=\"twitter:label1\" content=\"Dur\u00e9e de lecture estim\u00e9e\" \/>\n\t<meta name=\"twitter:data1\" content=\"2 minutes\" \/>\n<script type=\"application\/ld+json\" class=\"yoast-schema-graph\">{\"@context\":\"https:\/\/schema.org\",\"@graph\":[{\"@type\":\"WebPage\",\"@id\":\"https:\/\/villadelisle.re\/index.php\/bar-restauration-la-reunion-974\/la-voile-blanche-restaurant-piscine\/\",\"url\":\"https:\/\/villadelisle.re\/index.php\/bar-restauration-la-reunion-974\/la-voile-blanche-restaurant-piscine\/\",\"name\":\"La Voile Blanche et sa piscine - H\u00f4tel Villa Delisle - Ile de la R\u00e9union (974)\",\"isPartOf\":{\"@id\":\"https:\/\/villadelisle.re\/#website\"},\"datePublished\":\"2018-07-18T19:29:57+00:00\",\"dateModified\":\"2025-11-29T12:57:11+00:00\",\"description\":\"Un petit d\u00e9jeuner en bord de piscine \u00e7a vous tente? C'est ce que nous vous proposons dans notre restaurant situ\u00e9 \u00e0 proximit\u00e9 du lagon de Saint-Pierre (974).\",\"breadcrumb\":{\"@id\":\"https:\/\/villadelisle.re\/index.php\/bar-restauration-la-reunion-974\/la-voile-blanche-restaurant-piscine\/#breadcrumb\"},\"inLanguage\":\"fr-FR\",\"potentialAction\":[{\"@type\":\"ReadAction\",\"target\":[\"https:\/\/villadelisle.re\/index.php\/bar-restauration-la-reunion-974\/la-voile-blanche-restaurant-piscine\/\"]}]},{\"@type\":\"BreadcrumbList\",\"@id\":\"https:\/\/villadelisle.re\/index.php\/bar-restauration-la-reunion-974\/la-voile-blanche-restaurant-piscine\/#breadcrumb\",\"itemListElement\":[{\"@type\":\"ListItem\",\"position\":1,\"name\":\"Accueil\",\"item\":\"https:\/\/villadelisle.re\/\"},{\"@type\":\"ListItem\",\"position\":2,\"name\":\"BAR &#038; RESTAURATION\",\"item\":\"https:\/\/villadelisle.re\/index.php\/bar-restauration-la-reunion-974\/\"},{\"@type\":\"ListItem\",\"position\":3,\"name\":\"LA VOILE BLANCHE\"}]},{\"@type\":\"WebSite\",\"@id\":\"https:\/\/villadelisle.re\/#website\",\"url\":\"https:\/\/villadelisle.re\/\",\"name\":\"H\u00f4tel Villa Delisle - Ile de la R\u00e9union (974)\",\"description\":\"G\u00e9n\u00e9rosit\u00e9, R\u00eave, Sourire\",\"potentialAction\":[{\"@type\":\"SearchAction\",\"target\":{\"@type\":\"EntryPoint\",\"urlTemplate\":\"https:\/\/villadelisle.re\/?s={search_term_string}\"},\"query-input\":{\"@type\":\"PropertyValueSpecification\",\"valueRequired\":true,\"valueName\":\"search_term_string\"}}],\"inLanguage\":\"fr-FR\"}]}<\/script>\n<!-- \/ Yoast SEO plugin. -->","yoast_head_json":{"title":"La Voile Blanche et sa piscine - H\u00f4tel Villa Delisle - Ile de la R\u00e9union (974)","description":"Un petit d\u00e9jeuner en bord de piscine \u00e7a vous tente? C'est ce que nous vous proposons dans notre restaurant situ\u00e9 \u00e0 proximit\u00e9 du lagon de Saint-Pierre (974).","robots":{"index":"index","follow":"follow","max-snippet":"max-snippet:-1","max-image-preview":"max-image-preview:large","max-video-preview":"max-video-preview:-1"},"canonical":"https:\/\/villadelisle.re\/index.php\/bar-restauration-la-reunion-974\/la-voile-blanche-restaurant-piscine\/","og_locale":"fr_FR","og_type":"article","og_title":"La Voile Blanche et sa piscine - H\u00f4tel Villa Delisle - Ile de la R\u00e9union (974)","og_description":"Un petit d\u00e9jeuner en bord de piscine \u00e7a vous tente? C'est ce que nous vous proposons dans notre restaurant situ\u00e9 \u00e0 proximit\u00e9 du lagon de Saint-Pierre (974).","og_url":"https:\/\/villadelisle.re\/index.php\/bar-restauration-la-reunion-974\/la-voile-blanche-restaurant-piscine\/","og_site_name":"H\u00f4tel Villa Delisle - Ile de la R\u00e9union (974)","article_publisher":"https:\/\/www.facebook.com\/Hotel.Villa.Delisle\/","article_modified_time":"2025-11-29T12:57:11+00:00","twitter_card":"summary_large_image","twitter_misc":{"Dur\u00e9e de lecture estim\u00e9e":"2 minutes"},"schema":{"@context":"https:\/\/schema.org","@graph":[{"@type":"WebPage","@id":"https:\/\/villadelisle.re\/index.php\/bar-restauration-la-reunion-974\/la-voile-blanche-restaurant-piscine\/","url":"https:\/\/villadelisle.re\/index.php\/bar-restauration-la-reunion-974\/la-voile-blanche-restaurant-piscine\/","name":"La Voile Blanche et sa piscine - H\u00f4tel Villa Delisle - Ile de la R\u00e9union (974)","isPartOf":{"@id":"https:\/\/villadelisle.re\/#website"},"datePublished":"2018-07-18T19:29:57+00:00","dateModified":"2025-11-29T12:57:11+00:00","description":"Un petit d\u00e9jeuner en bord de piscine \u00e7a vous tente? C'est ce que nous vous proposons dans notre restaurant situ\u00e9 \u00e0 proximit\u00e9 du lagon de Saint-Pierre (974).","breadcrumb":{"@id":"https:\/\/villadelisle.re\/index.php\/bar-restauration-la-reunion-974\/la-voile-blanche-restaurant-piscine\/#breadcrumb"},"inLanguage":"fr-FR","potentialAction":[{"@type":"ReadAction","target":["https:\/\/villadelisle.re\/index.php\/bar-restauration-la-reunion-974\/la-voile-blanche-restaurant-piscine\/"]}]},{"@type":"BreadcrumbList","@id":"https:\/\/villadelisle.re\/index.php\/bar-restauration-la-reunion-974\/la-voile-blanche-restaurant-piscine\/#breadcrumb","itemListElement":[{"@type":"ListItem","position":1,"name":"Accueil","item":"https:\/\/villadelisle.re\/"},{"@type":"ListItem","position":2,"name":"BAR &#038; RESTAURATION","item":"https:\/\/villadelisle.re\/index.php\/bar-restauration-la-reunion-974\/"},{"@type":"ListItem","position":3,"name":"LA VOILE BLANCHE"}]},{"@type":"WebSite","@id":"https:\/\/villadelisle.re\/#website","url":"https:\/\/villadelisle.re\/","name":"H\u00f4tel Villa Delisle - Ile de la R\u00e9union (974)","description":"G\u00e9n\u00e9rosit\u00e9, R\u00eave, Sourire","potentialAction":[{"@type":"SearchAction","target":{"@type":"EntryPoint","urlTemplate":"https:\/\/villadelisle.re\/?s={search_term_string}"},"query-input":{"@type":"PropertyValueSpecification","valueRequired":true,"valueName":"search_term_string"}}],"inLanguage":"fr-FR"}]}},"_links":{"self":[{"href":"https:\/\/villadelisle.re\/index.php\/wp-json\/wp\/v2\/pages\/498","targetHints":{"allow":["GET"]}}],"collection":[{"href":"https:\/\/villadelisle.re\/index.php\/wp-json\/wp\/v2\/pages"}],"about":[{"href":"https:\/\/villadelisle.re\/index.php\/wp-json\/wp\/v2\/types\/page"}],"author":[{"embeddable":true,"href":"https:\/\/villadelisle.re\/index.php\/wp-json\/wp\/v2\/users\/1"}],"replies":[{"embeddable":true,"href":"https:\/\/villadelisle.re\/index.php\/wp-json\/wp\/v2\/comments?post=498"}],"version-history":[{"count":63,"href":"https:\/\/villadelisle.re\/index.php\/wp-json\/wp\/v2\/pages\/498\/revisions"}],"predecessor-version":[{"id":2202,"href":"https:\/\/villadelisle.re\/index.php\/wp-json\/wp\/v2\/pages\/498\/revisions\/2202"}],"up":[{"embeddable":true,"href":"https:\/\/villadelisle.re\/index.php\/wp-json\/wp\/v2\/pages\/631"}],"wp:attachment":[{"href":"https:\/\/villadelisle.re\/index.php\/wp-json\/wp\/v2\/media?parent=498"}],"curies":[{"name":"wp","href":"https:\/\/api.w.org\/{rel}","templated":true}]}}