{"id":505,"date":"2018-07-18T23:31:49","date_gmt":"2018-07-18T19:31:49","guid":{"rendered":"https:\/\/villadelisle.re\/?page_id=505"},"modified":"2025-12-06T15:13:30","modified_gmt":"2025-12-06T11:13:30","slug":"hebergement-chambre-superieure","status":"publish","type":"page","link":"https:\/\/villadelisle.re\/index.php\/hotel-saint-pierre-la-reunion-974\/hebergement-chambres\/hebergement-chambre-superieure\/","title":{"rendered":"HEBERGEMENT : CHAMBRE SUPERIEURE"},"content":{"rendered":"<div id=\"pl-505\"  class=\"panel-layout\" ><div id=\"pg-505-0\"  class=\"panel-grid panel-no-style\" ><div id=\"pgc-505-0-0\"  class=\"panel-grid-cell\" ><div id=\"panel-505-0-0-0\" class=\"so-panel widget widget_sow-editor panel-first-child panel-last-child\" data-index=\"0\" ><div\n\t\t\t\n\t\t\tclass=\"so-widget-sow-editor so-widget-sow-editor-base\"\n\t\t\t\n\t\t>\n<div class=\"siteorigin-widget-tinymce textwidget\">\n\t<p style=\"text-align: center;\">C\u2019est en r\u00eavant d\u2019une belle maison cr\u00e9ole dans l\u2019Oc\u00e9an Indien que les id\u00e9es pour la Villa Delisle sont apparues. Des mat\u00e9riaux, des couleurs, des lumi\u00e8res et un grand jardin pour y laisser s\u2019exprimer la flore end\u00e9mique, \u00e0 quelques pas d\u2019un lagon bleu. Avec ce cadre tropical au c\u0153ur de la belle ville de Saint Pierre, la Villa Delisle vous propose plus qu\u2019une identit\u00e9: une \u00e2me.<\/p>\n<\/div>\n<\/div><\/div><\/div><\/div><div id=\"pg-505-1\"  class=\"panel-grid panel-no-style\" ><div id=\"pgc-505-1-0\"  class=\"panel-grid-cell\" ><div id=\"panel-505-1-0-0\" class=\"so-panel widget widget_sow-editor panel-first-child panel-last-child\" data-index=\"1\" ><div\n\t\t\t\n\t\t\tclass=\"so-widget-sow-editor so-widget-sow-editor-base\"\n\t\t\t\n\t\t>\n<div class=\"siteorigin-widget-tinymce textwidget\">\n\t<table style=\"margin:auto; text-align:center;\">\n<tbody>\n<tr>\n<td><i class=\"fa fa-tv \" ><\/i> TV<\/td>\n<td><i class=\"fa fa-wifi \" ><\/i> Wifi<\/td>\n<td><i class=\"fa fa-car \" ><\/i> Parking<\/td>\n<td><i class=\"fa fa-lock \" ><\/i> Coffre<\/td>\n<td><i class=\"fa fa-building \" ><\/i> Balcon<\/td>\n<td style=\"width:170px;\"><i class=\"fa fa-tint \" ><\/i> Air conditionn\u00e9<\/td>\n<td style=\"width:170px;\"><i class=\"fa fa-coffee \" ><\/i> Room Service<\/td>\n<\/tr>\n<\/tbody>\n<\/table>\n<\/div>\n<\/div><\/div><\/div><\/div><div id=\"pg-505-2\"  class=\"panel-grid panel-no-style\" ><div id=\"pgc-505-2-0\"  class=\"panel-grid-cell\" ><div id=\"panel-505-2-0-0\" class=\"so-panel widget widget_sow-editor panel-first-child panel-last-child\" data-index=\"2\" ><div\n\t\t\t\n\t\t\tclass=\"so-widget-sow-editor so-widget-sow-editor-base\"\n\t\t\t\n\t\t>\n<div class=\"siteorigin-widget-tinymce textwidget\">\n\t<div style=\"margin-top:30px;\"><\/div>\n<\/div>\n<\/div><\/div><\/div><div id=\"pgc-505-2-1\"  class=\"panel-grid-cell\" ><div id=\"panel-505-2-1-0\" class=\"so-panel widget widget_sow-editor panel-first-child panel-last-child\" data-index=\"3\" ><div class=\"Slider-text panel-widget-style panel-widget-style-for-505-2-1-0\" ><div\n\t\t\t\n\t\t\tclass=\"so-widget-sow-editor so-widget-sow-editor-base\"\n\t\t\t\n\t\t>\n<div class=\"siteorigin-widget-tinymce textwidget\">\n\t<h2>Les chambres sup\u00e9rieures de la Villa Delisle<\/h2>\n<p>Les chambres sup\u00e9rieures offrent toutes le confort et le style de la Villa Delisle avec une attention particuli\u00e8re port\u00e9e \u00e0 leur d\u00e9coration. Disposant toutes de balcons dont certains abrit\u00e9s par des jalousies et d'autres ouverts sur le jardin, elles proposent un espace intime et facile \u00e0 vivre pour profiter au mieux de votre s\u00e9jour. Toutes ces chambres sont \u00e9quip\u00e9es de douches \u00e0 l\u2019italienne.<\/p>\n<p>Comme pour les suites junior, les chambres sup\u00e9rieures sont propos\u00e9es dans les deux ailes de l\u2019h\u00f4tel. C\u2019est cette fois un choix entre l\u2019ambiance lagon de l\u2019espace Oc\u00e9an Indien et celle \u00ab\u00a0jardin cr\u00e9ole\u00a0\u00bb de l\u2019espace Bananiers o\u00f9 la v\u00e9g\u00e9tation vous procure une fra\u00eecheur bienvenue sous nos latitudes.<\/p>\n<h3>Descriptif<\/h3>\n<ul>\n<li>Surface 22 m\u00b2<\/li>\n<li>Capacit\u00e9 maximum 2 personnes<\/li>\n<li>Vue Jardin \/ Centre-Ville<\/li>\n<li>Lit Queen size ou Twin<\/li>\n<li>Large\u00a0bureau<\/li>\n<\/ul>\n<\/div>\n<\/div><\/div><\/div><\/div><\/div><div id=\"pg-505-3\"  class=\"panel-grid panel-no-style\" ><div id=\"pgc-505-3-0\"  class=\"panel-grid-cell\" ><div id=\"panel-505-3-0-0\" class=\"so-panel widget widget_sow-editor panel-first-child panel-last-child\" data-index=\"4\" ><div\n\t\t\t\n\t\t\tclass=\"so-widget-sow-editor so-widget-sow-editor-base\"\n\t\t\t\n\t\t>\n<div class=\"siteorigin-widget-tinymce textwidget\">\n\t<h3 style=\"text-align: center;\"><strong>Faites une simulation du co\u00fbt de votre h\u00e9bergement:\u00a0<a href=\"https:\/\/www.secure-hotel-booking.com\/smart\/Villa-Delisle\/2VBX\/fr\/\" target=\"_blank\" rel=\"noopener\">SIMULER<\/a><\/strong><\/h3>\n<\/div>\n<\/div><\/div><\/div><\/div><div id=\"pg-505-4\"  class=\"panel-grid panel-no-style\" ><div id=\"pgc-505-4-0\"  class=\"panel-grid-cell\" ><div id=\"panel-505-4-0-0\" class=\"so-panel widget widget_sow-button panel-first-child panel-last-child\" data-index=\"5\" ><div\n\t\t\t\n\t\t\tclass=\"so-widget-sow-button so-widget-sow-button-atom-f54c0409268f-505\"\n\t\t\t\n\t\t><div class=\"ow-button-base ow-button-align-center\"\n>\n\t\t\t<a\n\t\t\t\t\thref=\"https:\/\/villadelisle.re\/index.php\/hotel-saint-pierre-la-reunion-974\/hebergement-chambres\/hebergement-chambre-standard\/\"\n\t\t\t\t\tclass=\"sowb-button ow-icon-placement-left ow-button-hover\" \t>\n\t\t<span>\n\t\t\t\n\t\t\tCHAMBRE STANDARD\t\t<\/span>\n\t\t\t<\/a>\n\t<\/div>\n<\/div><\/div><\/div><div id=\"pgc-505-4-1\"  class=\"panel-grid-cell\" ><div id=\"panel-505-4-1-0\" class=\"so-panel widget widget_sow-button panel-first-child panel-last-child\" data-index=\"6\" ><div\n\t\t\t\n\t\t\tclass=\"so-widget-sow-button so-widget-sow-button-atom-f54c0409268f-505\"\n\t\t\t\n\t\t><div class=\"ow-button-base ow-button-align-center\"\n>\n\t\t\t<a\n\t\t\t\t\thref=\"https:\/\/villadelisle.re\/index.php\/hotel-saint-pierre-la-reunion-974\/hebergement-chambres\/hebergement-suite-junior\/\"\n\t\t\t\t\tclass=\"sowb-button ow-icon-placement-left ow-button-hover\" \t>\n\t\t<span>\n\t\t\t\n\t\t\tSUITE JUNIOR\t\t<\/span>\n\t\t\t<\/a>\n\t<\/div>\n<\/div><\/div><\/div><\/div><\/div>","protected":false},"excerpt":{"rendered":"<p>C\u2019est en r\u00eavant d\u2019une belle maison cr\u00e9ole dans l\u2019Oc\u00e9an Indien que les id\u00e9es pour la Villa Delisle sont apparues. Des mat\u00e9riaux, des couleurs, des lumi\u00e8res et un grand jardin pour y laisser s\u2019exprimer la flore end\u00e9mique, \u00e0 quelques pas d\u2019un lagon bleu. Avec ce cadre tropical au c\u0153ur de la[&#8230;]<\/p>\n","protected":false},"author":1,"featured_media":0,"parent":629,"menu_order":0,"comment_status":"closed","ping_status":"closed","template":"template-fullwidth.php","meta":{"_monsterinsights_skip_tracking":false,"_monsterinsights_sitenote_active":false,"_monsterinsights_sitenote_note":"","_monsterinsights_sitenote_category":0,"footnotes":""},"class_list":["post-505","page","type-page","status-publish","hentry"],"yoast_head":"<!-- This site is optimized with the Yoast SEO plugin v26.6 - https:\/\/yoast.com\/wordpress\/plugins\/seo\/ -->\n<title>Nos chambres sup\u00e9rieures - H\u00f4tel Villa Delisle - Ile de la R\u00e9union (974)<\/title>\n<meta name=\"description\" content=\"Les chambres sup\u00e9rieures offrent toutes le confort et le style de la Villa Delisle avec une attention particuli\u00e8re port\u00e9e \u00e0 leur orientation avec balcon.\" \/>\n<meta name=\"robots\" content=\"index, follow, max-snippet:-1, max-image-preview:large, max-video-preview:-1\" \/>\n<link rel=\"canonical\" href=\"https:\/\/villadelisle.re\/index.php\/hotel-saint-pierre-la-reunion-974\/hebergement-chambres\/hebergement-chambre-superieure\/\" \/>\n<meta property=\"og:locale\" content=\"fr_FR\" \/>\n<meta property=\"og:type\" content=\"article\" \/>\n<meta property=\"og:title\" content=\"Nos chambres sup\u00e9rieures - H\u00f4tel Villa Delisle - Ile de la R\u00e9union (974)\" \/>\n<meta property=\"og:description\" content=\"Les chambres sup\u00e9rieures offrent toutes le confort et le style de la Villa Delisle avec une attention particuli\u00e8re port\u00e9e \u00e0 leur orientation avec balcon.\" \/>\n<meta property=\"og:url\" content=\"https:\/\/villadelisle.re\/index.php\/hotel-saint-pierre-la-reunion-974\/hebergement-chambres\/hebergement-chambre-superieure\/\" \/>\n<meta property=\"og:site_name\" content=\"H\u00f4tel Villa Delisle - Ile de la R\u00e9union (974)\" \/>\n<meta property=\"article:publisher\" content=\"https:\/\/www.facebook.com\/Hotel.Villa.Delisle\/\" \/>\n<meta property=\"article:modified_time\" content=\"2025-12-06T11:13:30+00:00\" \/>\n<meta name=\"twitter:card\" content=\"summary_large_image\" \/>\n<meta name=\"twitter:label1\" content=\"Dur\u00e9e de lecture estim\u00e9e\" \/>\n\t<meta name=\"twitter:data1\" content=\"3 minutes\" \/>\n<script type=\"application\/ld+json\" class=\"yoast-schema-graph\">{\"@context\":\"https:\/\/schema.org\",\"@graph\":[{\"@type\":\"WebPage\",\"@id\":\"https:\/\/villadelisle.re\/index.php\/hotel-saint-pierre-la-reunion-974\/hebergement-chambres\/hebergement-chambre-superieure\/\",\"url\":\"https:\/\/villadelisle.re\/index.php\/hotel-saint-pierre-la-reunion-974\/hebergement-chambres\/hebergement-chambre-superieure\/\",\"name\":\"Nos chambres sup\u00e9rieures - H\u00f4tel Villa Delisle - Ile de la R\u00e9union (974)\",\"isPartOf\":{\"@id\":\"https:\/\/villadelisle.re\/#website\"},\"datePublished\":\"2018-07-18T19:31:49+00:00\",\"dateModified\":\"2025-12-06T11:13:30+00:00\",\"description\":\"Les chambres sup\u00e9rieures offrent toutes le confort et le style de la Villa Delisle avec une attention particuli\u00e8re port\u00e9e \u00e0 leur orientation avec balcon.\",\"breadcrumb\":{\"@id\":\"https:\/\/villadelisle.re\/index.php\/hotel-saint-pierre-la-reunion-974\/hebergement-chambres\/hebergement-chambre-superieure\/#breadcrumb\"},\"inLanguage\":\"fr-FR\",\"potentialAction\":[{\"@type\":\"ReadAction\",\"target\":[\"https:\/\/villadelisle.re\/index.php\/hotel-saint-pierre-la-reunion-974\/hebergement-chambres\/hebergement-chambre-superieure\/\"]}]},{\"@type\":\"BreadcrumbList\",\"@id\":\"https:\/\/villadelisle.re\/index.php\/hotel-saint-pierre-la-reunion-974\/hebergement-chambres\/hebergement-chambre-superieure\/#breadcrumb\",\"itemListElement\":[{\"@type\":\"ListItem\",\"position\":1,\"name\":\"Accueil\",\"item\":\"https:\/\/villadelisle.re\/\"},{\"@type\":\"ListItem\",\"position\":2,\"name\":\"Accueil\",\"item\":\"https:\/\/villadelisle.re\/\"},{\"@type\":\"ListItem\",\"position\":3,\"name\":\"HEBERGEMENT\",\"item\":\"https:\/\/villadelisle.re\/index.php\/hotel-saint-pierre-la-reunion-974\/hebergement-chambres\/\"},{\"@type\":\"ListItem\",\"position\":4,\"name\":\"HEBERGEMENT : CHAMBRE SUPERIEURE\"}]},{\"@type\":\"WebSite\",\"@id\":\"https:\/\/villadelisle.re\/#website\",\"url\":\"https:\/\/villadelisle.re\/\",\"name\":\"H\u00f4tel Villa Delisle - Ile de la R\u00e9union (974)\",\"description\":\"G\u00e9n\u00e9rosit\u00e9, R\u00eave, Sourire\",\"potentialAction\":[{\"@type\":\"SearchAction\",\"target\":{\"@type\":\"EntryPoint\",\"urlTemplate\":\"https:\/\/villadelisle.re\/?s={search_term_string}\"},\"query-input\":{\"@type\":\"PropertyValueSpecification\",\"valueRequired\":true,\"valueName\":\"search_term_string\"}}],\"inLanguage\":\"fr-FR\"}]}<\/script>\n<!-- \/ Yoast SEO plugin. -->","yoast_head_json":{"title":"Nos chambres sup\u00e9rieures - H\u00f4tel Villa Delisle - Ile de la R\u00e9union (974)","description":"Les chambres sup\u00e9rieures offrent toutes le confort et le style de la Villa Delisle avec une attention particuli\u00e8re port\u00e9e \u00e0 leur orientation avec balcon.","robots":{"index":"index","follow":"follow","max-snippet":"max-snippet:-1","max-image-preview":"max-image-preview:large","max-video-preview":"max-video-preview:-1"},"canonical":"https:\/\/villadelisle.re\/index.php\/hotel-saint-pierre-la-reunion-974\/hebergement-chambres\/hebergement-chambre-superieure\/","og_locale":"fr_FR","og_type":"article","og_title":"Nos chambres sup\u00e9rieures - H\u00f4tel Villa Delisle - Ile de la R\u00e9union (974)","og_description":"Les chambres sup\u00e9rieures offrent toutes le confort et le style de la Villa Delisle avec une attention particuli\u00e8re port\u00e9e \u00e0 leur orientation avec balcon.","og_url":"https:\/\/villadelisle.re\/index.php\/hotel-saint-pierre-la-reunion-974\/hebergement-chambres\/hebergement-chambre-superieure\/","og_site_name":"H\u00f4tel Villa Delisle - Ile de la R\u00e9union (974)","article_publisher":"https:\/\/www.facebook.com\/Hotel.Villa.Delisle\/","article_modified_time":"2025-12-06T11:13:30+00:00","twitter_card":"summary_large_image","twitter_misc":{"Dur\u00e9e de lecture estim\u00e9e":"3 minutes"},"schema":{"@context":"https:\/\/schema.org","@graph":[{"@type":"WebPage","@id":"https:\/\/villadelisle.re\/index.php\/hotel-saint-pierre-la-reunion-974\/hebergement-chambres\/hebergement-chambre-superieure\/","url":"https:\/\/villadelisle.re\/index.php\/hotel-saint-pierre-la-reunion-974\/hebergement-chambres\/hebergement-chambre-superieure\/","name":"Nos chambres sup\u00e9rieures - H\u00f4tel Villa Delisle - Ile de la R\u00e9union (974)","isPartOf":{"@id":"https:\/\/villadelisle.re\/#website"},"datePublished":"2018-07-18T19:31:49+00:00","dateModified":"2025-12-06T11:13:30+00:00","description":"Les chambres sup\u00e9rieures offrent toutes le confort et le style de la Villa Delisle avec une attention particuli\u00e8re port\u00e9e \u00e0 leur orientation avec balcon.","breadcrumb":{"@id":"https:\/\/villadelisle.re\/index.php\/hotel-saint-pierre-la-reunion-974\/hebergement-chambres\/hebergement-chambre-superieure\/#breadcrumb"},"inLanguage":"fr-FR","potentialAction":[{"@type":"ReadAction","target":["https:\/\/villadelisle.re\/index.php\/hotel-saint-pierre-la-reunion-974\/hebergement-chambres\/hebergement-chambre-superieure\/"]}]},{"@type":"BreadcrumbList","@id":"https:\/\/villadelisle.re\/index.php\/hotel-saint-pierre-la-reunion-974\/hebergement-chambres\/hebergement-chambre-superieure\/#breadcrumb","itemListElement":[{"@type":"ListItem","position":1,"name":"Accueil","item":"https:\/\/villadelisle.re\/"},{"@type":"ListItem","position":2,"name":"Accueil","item":"https:\/\/villadelisle.re\/"},{"@type":"ListItem","position":3,"name":"HEBERGEMENT","item":"https:\/\/villadelisle.re\/index.php\/hotel-saint-pierre-la-reunion-974\/hebergement-chambres\/"},{"@type":"ListItem","position":4,"name":"HEBERGEMENT : CHAMBRE SUPERIEURE"}]},{"@type":"WebSite","@id":"https:\/\/villadelisle.re\/#website","url":"https:\/\/villadelisle.re\/","name":"H\u00f4tel Villa Delisle - Ile de la R\u00e9union (974)","description":"G\u00e9n\u00e9rosit\u00e9, R\u00eave, Sourire","potentialAction":[{"@type":"SearchAction","target":{"@type":"EntryPoint","urlTemplate":"https:\/\/villadelisle.re\/?s={search_term_string}"},"query-input":{"@type":"PropertyValueSpecification","valueRequired":true,"valueName":"search_term_string"}}],"inLanguage":"fr-FR"}]}},"_links":{"self":[{"href":"https:\/\/villadelisle.re\/index.php\/wp-json\/wp\/v2\/pages\/505","targetHints":{"allow":["GET"]}}],"collection":[{"href":"https:\/\/villadelisle.re\/index.php\/wp-json\/wp\/v2\/pages"}],"about":[{"href":"https:\/\/villadelisle.re\/index.php\/wp-json\/wp\/v2\/types\/page"}],"author":[{"embeddable":true,"href":"https:\/\/villadelisle.re\/index.php\/wp-json\/wp\/v2\/users\/1"}],"replies":[{"embeddable":true,"href":"https:\/\/villadelisle.re\/index.php\/wp-json\/wp\/v2\/comments?post=505"}],"version-history":[{"count":20,"href":"https:\/\/villadelisle.re\/index.php\/wp-json\/wp\/v2\/pages\/505\/revisions"}],"predecessor-version":[{"id":2203,"href":"https:\/\/villadelisle.re\/index.php\/wp-json\/wp\/v2\/pages\/505\/revisions\/2203"}],"up":[{"embeddable":true,"href":"https:\/\/villadelisle.re\/index.php\/wp-json\/wp\/v2\/pages\/629"}],"wp:attachment":[{"href":"https:\/\/villadelisle.re\/index.php\/wp-json\/wp\/v2\/media?parent=505"}],"curies":[{"name":"wp","href":"https:\/\/api.w.org\/{rel}","templated":true}]}}