{"id":507,"date":"2018-07-18T23:32:07","date_gmt":"2018-07-18T19:32:07","guid":{"rendered":"https:\/\/villadelisle.re\/?page_id=507"},"modified":"2024-11-09T10:09:29","modified_gmt":"2024-11-09T06:09:29","slug":"hebergement-suite-junior","status":"publish","type":"page","link":"https:\/\/villadelisle.re\/index.php\/hotel-saint-pierre-la-reunion-974\/hebergement-chambres\/hebergement-suite-junior\/","title":{"rendered":"HEBERGEMENT : SUITE JUNIOR"},"content":{"rendered":"<div id=\"pl-507\"  class=\"panel-layout\" ><div id=\"pg-507-0\"  class=\"panel-grid panel-no-style\" ><div id=\"pgc-507-0-0\"  class=\"panel-grid-cell\" ><div id=\"panel-507-0-0-0\" class=\"so-panel widget widget_sow-editor panel-first-child panel-last-child\" data-index=\"0\" ><div\n\t\t\t\n\t\t\tclass=\"so-widget-sow-editor so-widget-sow-editor-base\"\n\t\t\t\n\t\t>\n<div class=\"siteorigin-widget-tinymce textwidget\">\n\t<p style=\"text-align: center;\">C\u2019est en r\u00eavant d\u2019une belle maison cr\u00e9ole dans l\u2019Oc\u00e9an Indien que les id\u00e9es pour la Villa Delisle sont apparues. Des mat\u00e9riaux, des couleurs, des lumi\u00e8res et un grand jardin pour y laisser s\u2019exprimer la flore end\u00e9mique, \u00e0 quelques pas d\u2019un lagon bleu. Avec ce cadre tropical au c\u0153ur de la belle ville de Saint Pierre, la Villa Delisle vous propose plus qu\u2019une identit\u00e9: une \u00e2me.<\/p>\n<\/div>\n<\/div><\/div><\/div><\/div><div id=\"pg-507-1\"  class=\"panel-grid panel-no-style\" ><div id=\"pgc-507-1-0\"  class=\"panel-grid-cell\" ><div id=\"panel-507-1-0-0\" class=\"so-panel widget widget_sow-editor panel-first-child panel-last-child\" data-index=\"1\" ><div\n\t\t\t\n\t\t\tclass=\"so-widget-sow-editor so-widget-sow-editor-base\"\n\t\t\t\n\t\t>\n<div class=\"siteorigin-widget-tinymce textwidget\">\n\t<table style=\"margin: auto; text-align: center;\">\n<tbody>\n<tr>\n<td><i class=\"fa fa-tv \" ><\/i> TV<\/td>\n<td><i class=\"fa fa-wifi \" ><\/i> Wifi<\/td>\n<td><i class=\"fa fa-car \" ><\/i> Parking<\/td>\n<td><i class=\"fa fa-lock \" ><\/i> Coffre<\/td>\n<td><i class=\"fa fa-building \" ><\/i> Balcon<\/td>\n<td><i class=\"fa fa-bath \" ><\/i> Baignoire<\/td>\n<td style=\"width: 170px;\"><i class=\"fa fa-tint \" ><\/i> Air conditionn\u00e9<\/td>\n<td style=\"width: 170px;\"><i class=\"fa fa-coffee \" ><\/i> Room Service<\/td>\n<\/tr>\n<\/tbody>\n<\/table>\n<\/div>\n<\/div><\/div><\/div><\/div><div id=\"pg-507-2\"  class=\"panel-grid panel-no-style\" ><div id=\"pgc-507-2-0\"  class=\"panel-grid-cell\" ><div id=\"panel-507-2-0-0\" class=\"so-panel widget widget_sow-editor panel-first-child panel-last-child\" data-index=\"2\" ><div\n\t\t\t\n\t\t\tclass=\"so-widget-sow-editor so-widget-sow-editor-base\"\n\t\t\t\n\t\t>\n<div class=\"siteorigin-widget-tinymce textwidget\">\n\t<div style=\"margin-top:30px;\"><\/div>\n<\/div>\n<\/div><\/div><\/div><div id=\"pgc-507-2-1\"  class=\"panel-grid-cell\" ><div id=\"panel-507-2-1-0\" class=\"so-panel widget widget_sow-editor panel-first-child panel-last-child\" data-index=\"3\" ><div class=\"Slider-text panel-widget-style panel-widget-style-for-507-2-1-0\" ><div\n\t\t\t\n\t\t\tclass=\"so-widget-sow-editor so-widget-sow-editor-base\"\n\t\t\t\n\t\t>\n<div class=\"siteorigin-widget-tinymce textwidget\">\n\t<h2>Les suites junior de la Villa Delisle<\/h2>\n<p>Les suites junior sont des chambres spacieuses et confortables, toutes id\u00e9alement orient\u00e9es pour profiter au mieux du site exceptionnel de la Villa Delisle. Offrant un large espace de vie avec un balcon privatif, un petit salon et une luxueuse salle de bain, chacune des suites a pourtant son caract\u00e8re, notamment gr\u00e2ce \u00e0 une \u00a0d\u00e9coration unique. Les suites junior de la Villa Delisle sont la plus belle fa\u00e7on de vous faire plaisir lors de votre s\u00e9jour \u00e0 Saint Pierre.<\/p>\n<p>Deux ailes de l\u2019H\u00f4tel comportent des suites junior. C\u2019est donc deux ambiances qui vous sont propos\u00e9es pour profiter de votre s\u00e9jour comme vous l\u2019aimez. \u00a0L\u2019espace Perroquets et ses tons chauds surplombe le jardin alors que \u00a0l\u2019espace Oc\u00e9an Indien, aux couleurs de lagon, vous invite vers la piscine et ses couchers de soleil.<\/p>\n<h3>Descriptif<\/h3>\n<ul>\n<li>Surface 44 m\u00b2<\/li>\n<li>Capacit\u00e9 maximum 2 adultes + 2 enfants<\/li>\n<li>Vue jardin ou piscine<\/li>\n<li>Balcon privatif<\/li>\n<li>Lit Queen size<\/li>\n<li>Large\u00a0bureau<\/li>\n<li>Canap\u00e9 cuir convertible 2 enfants<\/li>\n<\/ul>\n<\/div>\n<\/div><\/div><\/div><\/div><\/div><div id=\"pg-507-3\"  class=\"panel-grid panel-no-style\" ><div id=\"pgc-507-3-0\"  class=\"panel-grid-cell\" ><div id=\"panel-507-3-0-0\" class=\"so-panel widget widget_sow-editor panel-first-child panel-last-child\" data-index=\"4\" ><div\n\t\t\t\n\t\t\tclass=\"so-widget-sow-editor so-widget-sow-editor-base\"\n\t\t\t\n\t\t>\n<div class=\"siteorigin-widget-tinymce textwidget\">\n\t<h3 style=\"text-align: center;\"><strong>Faites une simulation du co\u00fbt de votre h\u00e9bergement:\u00a0<a href=\"https:\/\/www.secure-hotel-booking.com\/smart\/Villa-Delisle\/2VBX\/fr\/\" target=\"_blank\" rel=\"noopener\">SIMULER<\/a><\/strong><\/h3>\n<\/div>\n<\/div><\/div><\/div><\/div><div id=\"pg-507-4\"  class=\"panel-grid panel-no-style\" ><div id=\"pgc-507-4-0\"  class=\"panel-grid-cell\" ><div id=\"panel-507-4-0-0\" class=\"so-panel widget widget_sow-button panel-first-child panel-last-child\" data-index=\"5\" ><div\n\t\t\t\n\t\t\tclass=\"so-widget-sow-button so-widget-sow-button-atom-f54c0409268f-507\"\n\t\t\t\n\t\t><div class=\"ow-button-base ow-button-align-center\"\n>\n\t\t\t<a\n\t\t\t\t\thref=\"https:\/\/villadelisle.re\/index.php\/hotel-saint-pierre-la-reunion-974\/hebergement-chambres\/hebergement-chambre-standard\/\"\n\t\t\t\t\tclass=\"sowb-button ow-icon-placement-left ow-button-hover\" \t>\n\t\t<span>\n\t\t\t\n\t\t\tCHAMBRE STANDARD\t\t<\/span>\n\t\t\t<\/a>\n\t<\/div>\n<\/div><\/div><\/div><div id=\"pgc-507-4-1\"  class=\"panel-grid-cell\" ><div id=\"panel-507-4-1-0\" class=\"so-panel widget widget_sow-button panel-first-child panel-last-child\" data-index=\"6\" ><div\n\t\t\t\n\t\t\tclass=\"so-widget-sow-button so-widget-sow-button-atom-f54c0409268f-507\"\n\t\t\t\n\t\t><div class=\"ow-button-base ow-button-align-center\"\n>\n\t\t\t<a\n\t\t\t\t\thref=\"https:\/\/villadelisle.re\/index.php\/hotel-saint-pierre-la-reunion-974\/hebergement-chambres\/hebergement-chambre-superieure\/\"\n\t\t\t\t\tclass=\"sowb-button ow-icon-placement-left ow-button-hover\" \t>\n\t\t<span>\n\t\t\t\n\t\t\tCHAMBRE SUPERIEURE\t\t<\/span>\n\t\t\t<\/a>\n\t<\/div>\n<\/div><\/div><\/div><\/div><\/div>","protected":false},"excerpt":{"rendered":"<p>C\u2019est en r\u00eavant d\u2019une belle maison cr\u00e9ole dans l\u2019Oc\u00e9an Indien que les id\u00e9es pour la Villa Delisle sont apparues. Des mat\u00e9riaux, des couleurs, des lumi\u00e8res et un grand jardin pour y laisser s\u2019exprimer la flore end\u00e9mique, \u00e0 quelques pas d\u2019un lagon bleu. Avec ce cadre tropical au c\u0153ur de la[&#8230;]<\/p>\n","protected":false},"author":1,"featured_media":0,"parent":629,"menu_order":0,"comment_status":"closed","ping_status":"closed","template":"template-fullwidth.php","meta":{"_monsterinsights_skip_tracking":false,"_monsterinsights_sitenote_active":false,"_monsterinsights_sitenote_note":"","_monsterinsights_sitenote_category":0,"footnotes":""},"class_list":["post-507","page","type-page","status-publish","hentry"],"yoast_head":"<!-- This site is optimized with the Yoast SEO plugin v26.6 - https:\/\/yoast.com\/wordpress\/plugins\/seo\/ -->\n<title>Nos suites &quot;Junior&quot; - H\u00f4tel Villa Delisle - Ile de la R\u00e9union (974)<\/title>\n<meta name=\"description\" content=\"Les suites junior sont des chambres spacieuses et confortables, toutes id\u00e9alement orient\u00e9es pour profiter au mieux du site exceptionnel de la Villa Delisle.\" \/>\n<meta name=\"robots\" content=\"index, follow, max-snippet:-1, max-image-preview:large, max-video-preview:-1\" \/>\n<link rel=\"canonical\" href=\"https:\/\/villadelisle.re\/index.php\/hotel-saint-pierre-la-reunion-974\/hebergement-chambres\/hebergement-suite-junior\/\" \/>\n<meta property=\"og:locale\" content=\"fr_FR\" \/>\n<meta property=\"og:type\" content=\"article\" \/>\n<meta property=\"og:title\" content=\"Nos suites &quot;Junior&quot; - H\u00f4tel Villa Delisle - Ile de la R\u00e9union (974)\" \/>\n<meta property=\"og:description\" content=\"Les suites junior sont des chambres spacieuses et confortables, toutes id\u00e9alement orient\u00e9es pour profiter au mieux du site exceptionnel de la Villa Delisle.\" \/>\n<meta property=\"og:url\" content=\"https:\/\/villadelisle.re\/index.php\/hotel-saint-pierre-la-reunion-974\/hebergement-chambres\/hebergement-suite-junior\/\" \/>\n<meta property=\"og:site_name\" content=\"H\u00f4tel Villa Delisle - Ile de la R\u00e9union (974)\" \/>\n<meta property=\"article:publisher\" content=\"https:\/\/www.facebook.com\/Hotel.Villa.Delisle\/\" \/>\n<meta property=\"article:modified_time\" content=\"2024-11-09T06:09:29+00:00\" \/>\n<meta name=\"twitter:card\" content=\"summary_large_image\" \/>\n<meta name=\"twitter:label1\" content=\"Dur\u00e9e de lecture estim\u00e9e\" \/>\n\t<meta name=\"twitter:data1\" content=\"3 minutes\" \/>\n<script type=\"application\/ld+json\" class=\"yoast-schema-graph\">{\"@context\":\"https:\/\/schema.org\",\"@graph\":[{\"@type\":\"WebPage\",\"@id\":\"https:\/\/villadelisle.re\/index.php\/hotel-saint-pierre-la-reunion-974\/hebergement-chambres\/hebergement-suite-junior\/\",\"url\":\"https:\/\/villadelisle.re\/index.php\/hotel-saint-pierre-la-reunion-974\/hebergement-chambres\/hebergement-suite-junior\/\",\"name\":\"Nos suites \\\"Junior\\\" - H\u00f4tel Villa Delisle - Ile de la R\u00e9union (974)\",\"isPartOf\":{\"@id\":\"https:\/\/villadelisle.re\/#website\"},\"datePublished\":\"2018-07-18T19:32:07+00:00\",\"dateModified\":\"2024-11-09T06:09:29+00:00\",\"description\":\"Les suites junior sont des chambres spacieuses et confortables, toutes id\u00e9alement orient\u00e9es pour profiter au mieux du site exceptionnel de la Villa Delisle.\",\"breadcrumb\":{\"@id\":\"https:\/\/villadelisle.re\/index.php\/hotel-saint-pierre-la-reunion-974\/hebergement-chambres\/hebergement-suite-junior\/#breadcrumb\"},\"inLanguage\":\"fr-FR\",\"potentialAction\":[{\"@type\":\"ReadAction\",\"target\":[\"https:\/\/villadelisle.re\/index.php\/hotel-saint-pierre-la-reunion-974\/hebergement-chambres\/hebergement-suite-junior\/\"]}]},{\"@type\":\"BreadcrumbList\",\"@id\":\"https:\/\/villadelisle.re\/index.php\/hotel-saint-pierre-la-reunion-974\/hebergement-chambres\/hebergement-suite-junior\/#breadcrumb\",\"itemListElement\":[{\"@type\":\"ListItem\",\"position\":1,\"name\":\"Accueil\",\"item\":\"https:\/\/villadelisle.re\/\"},{\"@type\":\"ListItem\",\"position\":2,\"name\":\"Accueil\",\"item\":\"https:\/\/villadelisle.re\/\"},{\"@type\":\"ListItem\",\"position\":3,\"name\":\"HEBERGEMENT\",\"item\":\"https:\/\/villadelisle.re\/index.php\/hotel-saint-pierre-la-reunion-974\/hebergement-chambres\/\"},{\"@type\":\"ListItem\",\"position\":4,\"name\":\"HEBERGEMENT : SUITE JUNIOR\"}]},{\"@type\":\"WebSite\",\"@id\":\"https:\/\/villadelisle.re\/#website\",\"url\":\"https:\/\/villadelisle.re\/\",\"name\":\"H\u00f4tel Villa Delisle - Ile de la R\u00e9union (974)\",\"description\":\"G\u00e9n\u00e9rosit\u00e9, R\u00eave, Sourire\",\"potentialAction\":[{\"@type\":\"SearchAction\",\"target\":{\"@type\":\"EntryPoint\",\"urlTemplate\":\"https:\/\/villadelisle.re\/?s={search_term_string}\"},\"query-input\":{\"@type\":\"PropertyValueSpecification\",\"valueRequired\":true,\"valueName\":\"search_term_string\"}}],\"inLanguage\":\"fr-FR\"}]}<\/script>\n<!-- \/ Yoast SEO plugin. -->","yoast_head_json":{"title":"Nos suites \"Junior\" - H\u00f4tel Villa Delisle - Ile de la R\u00e9union (974)","description":"Les suites junior sont des chambres spacieuses et confortables, toutes id\u00e9alement orient\u00e9es pour profiter au mieux du site exceptionnel de la Villa Delisle.","robots":{"index":"index","follow":"follow","max-snippet":"max-snippet:-1","max-image-preview":"max-image-preview:large","max-video-preview":"max-video-preview:-1"},"canonical":"https:\/\/villadelisle.re\/index.php\/hotel-saint-pierre-la-reunion-974\/hebergement-chambres\/hebergement-suite-junior\/","og_locale":"fr_FR","og_type":"article","og_title":"Nos suites \"Junior\" - H\u00f4tel Villa Delisle - Ile de la R\u00e9union (974)","og_description":"Les suites junior sont des chambres spacieuses et confortables, toutes id\u00e9alement orient\u00e9es pour profiter au mieux du site exceptionnel de la Villa Delisle.","og_url":"https:\/\/villadelisle.re\/index.php\/hotel-saint-pierre-la-reunion-974\/hebergement-chambres\/hebergement-suite-junior\/","og_site_name":"H\u00f4tel Villa Delisle - Ile de la R\u00e9union (974)","article_publisher":"https:\/\/www.facebook.com\/Hotel.Villa.Delisle\/","article_modified_time":"2024-11-09T06:09:29+00:00","twitter_card":"summary_large_image","twitter_misc":{"Dur\u00e9e de lecture estim\u00e9e":"3 minutes"},"schema":{"@context":"https:\/\/schema.org","@graph":[{"@type":"WebPage","@id":"https:\/\/villadelisle.re\/index.php\/hotel-saint-pierre-la-reunion-974\/hebergement-chambres\/hebergement-suite-junior\/","url":"https:\/\/villadelisle.re\/index.php\/hotel-saint-pierre-la-reunion-974\/hebergement-chambres\/hebergement-suite-junior\/","name":"Nos suites \"Junior\" - H\u00f4tel Villa Delisle - Ile de la R\u00e9union (974)","isPartOf":{"@id":"https:\/\/villadelisle.re\/#website"},"datePublished":"2018-07-18T19:32:07+00:00","dateModified":"2024-11-09T06:09:29+00:00","description":"Les suites junior sont des chambres spacieuses et confortables, toutes id\u00e9alement orient\u00e9es pour profiter au mieux du site exceptionnel de la Villa Delisle.","breadcrumb":{"@id":"https:\/\/villadelisle.re\/index.php\/hotel-saint-pierre-la-reunion-974\/hebergement-chambres\/hebergement-suite-junior\/#breadcrumb"},"inLanguage":"fr-FR","potentialAction":[{"@type":"ReadAction","target":["https:\/\/villadelisle.re\/index.php\/hotel-saint-pierre-la-reunion-974\/hebergement-chambres\/hebergement-suite-junior\/"]}]},{"@type":"BreadcrumbList","@id":"https:\/\/villadelisle.re\/index.php\/hotel-saint-pierre-la-reunion-974\/hebergement-chambres\/hebergement-suite-junior\/#breadcrumb","itemListElement":[{"@type":"ListItem","position":1,"name":"Accueil","item":"https:\/\/villadelisle.re\/"},{"@type":"ListItem","position":2,"name":"Accueil","item":"https:\/\/villadelisle.re\/"},{"@type":"ListItem","position":3,"name":"HEBERGEMENT","item":"https:\/\/villadelisle.re\/index.php\/hotel-saint-pierre-la-reunion-974\/hebergement-chambres\/"},{"@type":"ListItem","position":4,"name":"HEBERGEMENT : SUITE JUNIOR"}]},{"@type":"WebSite","@id":"https:\/\/villadelisle.re\/#website","url":"https:\/\/villadelisle.re\/","name":"H\u00f4tel Villa Delisle - Ile de la R\u00e9union (974)","description":"G\u00e9n\u00e9rosit\u00e9, R\u00eave, Sourire","potentialAction":[{"@type":"SearchAction","target":{"@type":"EntryPoint","urlTemplate":"https:\/\/villadelisle.re\/?s={search_term_string}"},"query-input":{"@type":"PropertyValueSpecification","valueRequired":true,"valueName":"search_term_string"}}],"inLanguage":"fr-FR"}]}},"_links":{"self":[{"href":"https:\/\/villadelisle.re\/index.php\/wp-json\/wp\/v2\/pages\/507","targetHints":{"allow":["GET"]}}],"collection":[{"href":"https:\/\/villadelisle.re\/index.php\/wp-json\/wp\/v2\/pages"}],"about":[{"href":"https:\/\/villadelisle.re\/index.php\/wp-json\/wp\/v2\/types\/page"}],"author":[{"embeddable":true,"href":"https:\/\/villadelisle.re\/index.php\/wp-json\/wp\/v2\/users\/1"}],"replies":[{"embeddable":true,"href":"https:\/\/villadelisle.re\/index.php\/wp-json\/wp\/v2\/comments?post=507"}],"version-history":[{"count":17,"href":"https:\/\/villadelisle.re\/index.php\/wp-json\/wp\/v2\/pages\/507\/revisions"}],"predecessor-version":[{"id":1974,"href":"https:\/\/villadelisle.re\/index.php\/wp-json\/wp\/v2\/pages\/507\/revisions\/1974"}],"up":[{"embeddable":true,"href":"https:\/\/villadelisle.re\/index.php\/wp-json\/wp\/v2\/pages\/629"}],"wp:attachment":[{"href":"https:\/\/villadelisle.re\/index.php\/wp-json\/wp\/v2\/media?parent=507"}],"curies":[{"name":"wp","href":"https:\/\/api.w.org\/{rel}","templated":true}]}}