{"id":580,"date":"2018-07-20T21:57:29","date_gmt":"2018-07-20T17:57:29","guid":{"rendered":"https:\/\/villadelisle.re\/?page_id=580"},"modified":"2024-09-06T20:58:56","modified_gmt":"2024-09-06T16:58:56","slug":"mentions-legales","status":"publish","type":"page","link":"https:\/\/villadelisle.re\/index.php\/mentions-legales\/","title":{"rendered":"MENTIONS LEGALES"},"content":{"rendered":"<p>Droits d\u2019auteurs<br \/>\nEn application du Code fran\u00e7ais de la Propri\u00e9t\u00e9 Intellectuelle et, plus g\u00e9n\u00e9ralement, des trait\u00e9s et accords internationaux comportant des dispositions relatives \u00e0 la protection des droits d\u2019auteurs, vous vous interdirez de reproduire pour un usage autre que priv\u00e9 mais aussi de vendre, distribuer, \u00e9mettre, diffuser, adapter, modifier, publier, communiquer int\u00e9gralement ou partiellement, sous quelque forme que ce soit, les donn\u00e9es, la pr\u00e9sentation, les informations donn\u00e9es sur le site ou l\u2019organisation du site sans l\u2019autorisation \u00e9crite pr\u00e9alable de notre soci\u00e9t\u00e9.<\/p>\n<p>L\u00e9gislation fran\u00e7aise relative au droit d\u2019acc\u00e8s au fichier informatis\u00e9<br \/>\nConform\u00e9ment \u00e0 la loi fran\u00e7aise N\u00b0 78-17 du 6 janvier 1978 relative \u00e0 l \u00bbinformatique, aux fichiers et aux libert\u00e9s (CNIL), tout utilisateur ayant d\u00e9pos\u00e9 sur ce site des informations directement ou indirectement nominatives, peut demander la communication des informations nominatives le concernant en s\u2019adressant \u00e0 notre soci\u00e9t\u00e9 et les faire rectifier le cas \u00e9ch\u00e9ant.<\/p>\n<p>D\u00e9charge de responsabilit\u00e9<br \/>\nAlors que nous avons effectu\u00e9 toutes les d\u00e9marches pour nous assurer de la fiabilit\u00e9 des informations contenues sur ce site internet, notre soci\u00e9t\u00e9 ne peut encourir aucune responsabilit\u00e9 du fait d\u2019erreurs, d\u2019omissions, ou pour les r\u00e9sultats qui pourraient \u00eatre obtenus par l\u2019usage de ces informations.<br \/>\nNotre soci\u00e9t\u00e9 n\u2019est tenue que d\u2019une obligation de moyens concernant les informations qu\u2019il met \u00e0 disposition des personnes qui acc\u00e8dent \u00e0 son site internet.<br \/>\nPar ailleurs, l\u2019usage de liens hypertextes peut conduire votre consultation de notre site vers d\u2019autres serveurs, serveurs sur lesquels notre soci\u00e9t\u00e9 n\u2019a aucun contr\u00f4le.<\/p>\n<p>*******************************************<br \/>\nDirecteur de publication:<br \/>\nM. David VESEL<br \/>\n42 Boulevard Hubert Delisle<br \/>\n97410 ST PIERRE<\/p>\n<p>Webmaster:<br \/>\nM. David VESEL<br \/>\n42 Boulevard Hubert Delisle<br \/>\n97410 ST PIERRE<\/p>\n<p>H\u00e9bergement:<br \/>\nOVH \u20132 rue Kellermann &#8211; 59100 Roubaix &#8211; FRANCE<br \/>\nSite internet : www.ovh.com<\/p>\n<p>*******************************************<br \/>\nInformation sur la soci\u00e9t\u00e9<\/p>\n<p>Soci\u00e9t\u00e9 VILLA DELISLE<br \/>\nSASU Soci\u00e9t\u00e9 par actions simplifi\u00e9e \u00e0 associ\u00e9 unique<\/p>\n<p>Num\u00e9ro de t\u00e9l\u00e9phone: +262 (0)2 62 707 708<br \/>\nAdresse email : <a href=\"mailto:info@villadelisle.re\" target=\"_blank\" rel=\"noopener\">info@villadelisle.re<\/a><\/p>\n<p>Activit\u00e9 H\u00f4tels et h\u00e9bergement similaire<br \/>\n5510Z<br \/>\nCat\u00e9gorie H\u00e9bergement<br \/>\nSi\u00e8ge social 42 Boulevard Hubert Delisle<br \/>\n97410 ST PIERRE<br \/>\nForme juridique SASU Soci\u00e9t\u00e9 par actions simplifi\u00e9e \u00e0 associ\u00e9 unique<br \/>\nSIRET 75320061700011<br \/>\nRCS St-Pierre de la Reunion B 753 200 617<br \/>\nTVA FR 55753200617<br \/>\nCapital social 1.700.000,00 EURO<br \/>\nImmatriculation 16-08-2012<br \/>\nNationalit\u00e9 France<\/p>\n<p>*******************************************<br \/>\nInformations g\u00e9n\u00e9rales<\/p>\n<p>Le montant de la taxe de s\u00e9jour est de 1,50\u20ac par nuit et par personne.<\/p>\n<p>La taxe locale est \u00e0 r\u00e9gler sur place.<\/p>\n","protected":false},"excerpt":{"rendered":"<p>Droits d\u2019auteurs En application du Code fran\u00e7ais de la Propri\u00e9t\u00e9 Intellectuelle et, plus g\u00e9n\u00e9ralement, des trait\u00e9s et accords internationaux comportant des dispositions relatives \u00e0 la protection des droits d\u2019auteurs, vous vous interdirez de reproduire pour un usage autre que priv\u00e9 mais aussi de vendre, distribuer, \u00e9mettre, diffuser, adapter, modifier, publier,[&#8230;]<\/p>\n","protected":false},"author":1,"featured_media":0,"parent":0,"menu_order":0,"comment_status":"closed","ping_status":"closed","template":"template-fullwidth.php","meta":{"_monsterinsights_skip_tracking":false,"_monsterinsights_sitenote_active":false,"_monsterinsights_sitenote_note":"","_monsterinsights_sitenote_category":0,"footnotes":""},"class_list":["post-580","page","type-page","status-publish","hentry"],"yoast_head":"<!-- This site is optimized with the Yoast SEO plugin v26.6 - https:\/\/yoast.com\/wordpress\/plugins\/seo\/ -->\n<title>Mentions l\u00e9gales - H\u00f4tel Villa Delisle - Ile de la R\u00e9union (974)<\/title>\n<meta name=\"description\" content=\"H\u00f4tel Villa Delisle - 4 \u00e9toiles situ\u00e9 \u00e0 proximit\u00e9 du lagon de Saint-Pierre de la R\u00e9union (974). D\u00e9couvrez aussi notre SPA Garden avec jacuzzi et nos soins.\" \/>\n<meta name=\"robots\" content=\"index, follow, max-snippet:-1, max-image-preview:large, max-video-preview:-1\" \/>\n<link rel=\"canonical\" href=\"https:\/\/villadelisle.re\/index.php\/mentions-legales\/\" \/>\n<meta property=\"og:locale\" content=\"fr_FR\" \/>\n<meta property=\"og:type\" content=\"article\" \/>\n<meta property=\"og:title\" content=\"Mentions l\u00e9gales - H\u00f4tel Villa Delisle - Ile de la R\u00e9union (974)\" \/>\n<meta property=\"og:description\" content=\"H\u00f4tel Villa Delisle - 4 \u00e9toiles situ\u00e9 \u00e0 proximit\u00e9 du lagon de Saint-Pierre de la R\u00e9union (974). D\u00e9couvrez aussi notre SPA Garden avec jacuzzi et nos soins.\" \/>\n<meta property=\"og:url\" content=\"https:\/\/villadelisle.re\/index.php\/mentions-legales\/\" \/>\n<meta property=\"og:site_name\" content=\"H\u00f4tel Villa Delisle - Ile de la R\u00e9union (974)\" \/>\n<meta property=\"article:publisher\" content=\"https:\/\/www.facebook.com\/Hotel.Villa.Delisle\/\" \/>\n<meta property=\"article:modified_time\" content=\"2024-09-06T16:58:56+00:00\" \/>\n<meta name=\"twitter:card\" content=\"summary_large_image\" \/>\n<meta name=\"twitter:label1\" content=\"Dur\u00e9e de lecture estim\u00e9e\" \/>\n\t<meta name=\"twitter:data1\" content=\"2 minutes\" \/>\n<script type=\"application\/ld+json\" class=\"yoast-schema-graph\">{\"@context\":\"https:\/\/schema.org\",\"@graph\":[{\"@type\":\"WebPage\",\"@id\":\"https:\/\/villadelisle.re\/index.php\/mentions-legales\/\",\"url\":\"https:\/\/villadelisle.re\/index.php\/mentions-legales\/\",\"name\":\"Mentions l\u00e9gales - H\u00f4tel Villa Delisle - Ile de la R\u00e9union (974)\",\"isPartOf\":{\"@id\":\"https:\/\/villadelisle.re\/#website\"},\"datePublished\":\"2018-07-20T17:57:29+00:00\",\"dateModified\":\"2024-09-06T16:58:56+00:00\",\"description\":\"H\u00f4tel Villa Delisle - 4 \u00e9toiles situ\u00e9 \u00e0 proximit\u00e9 du lagon de Saint-Pierre de la R\u00e9union (974). D\u00e9couvrez aussi notre SPA Garden avec jacuzzi et nos soins.\",\"breadcrumb\":{\"@id\":\"https:\/\/villadelisle.re\/index.php\/mentions-legales\/#breadcrumb\"},\"inLanguage\":\"fr-FR\",\"potentialAction\":[{\"@type\":\"ReadAction\",\"target\":[\"https:\/\/villadelisle.re\/index.php\/mentions-legales\/\"]}]},{\"@type\":\"BreadcrumbList\",\"@id\":\"https:\/\/villadelisle.re\/index.php\/mentions-legales\/#breadcrumb\",\"itemListElement\":[{\"@type\":\"ListItem\",\"position\":1,\"name\":\"Accueil\",\"item\":\"https:\/\/villadelisle.re\/\"},{\"@type\":\"ListItem\",\"position\":2,\"name\":\"MENTIONS LEGALES\"}]},{\"@type\":\"WebSite\",\"@id\":\"https:\/\/villadelisle.re\/#website\",\"url\":\"https:\/\/villadelisle.re\/\",\"name\":\"H\u00f4tel Villa Delisle - Ile de la R\u00e9union (974)\",\"description\":\"G\u00e9n\u00e9rosit\u00e9, R\u00eave, Sourire\",\"potentialAction\":[{\"@type\":\"SearchAction\",\"target\":{\"@type\":\"EntryPoint\",\"urlTemplate\":\"https:\/\/villadelisle.re\/?s={search_term_string}\"},\"query-input\":{\"@type\":\"PropertyValueSpecification\",\"valueRequired\":true,\"valueName\":\"search_term_string\"}}],\"inLanguage\":\"fr-FR\"}]}<\/script>\n<!-- \/ Yoast SEO plugin. -->","yoast_head_json":{"title":"Mentions l\u00e9gales - H\u00f4tel Villa Delisle - Ile de la R\u00e9union (974)","description":"H\u00f4tel Villa Delisle - 4 \u00e9toiles situ\u00e9 \u00e0 proximit\u00e9 du lagon de Saint-Pierre de la R\u00e9union (974). D\u00e9couvrez aussi notre SPA Garden avec jacuzzi et nos soins.","robots":{"index":"index","follow":"follow","max-snippet":"max-snippet:-1","max-image-preview":"max-image-preview:large","max-video-preview":"max-video-preview:-1"},"canonical":"https:\/\/villadelisle.re\/index.php\/mentions-legales\/","og_locale":"fr_FR","og_type":"article","og_title":"Mentions l\u00e9gales - H\u00f4tel Villa Delisle - Ile de la R\u00e9union (974)","og_description":"H\u00f4tel Villa Delisle - 4 \u00e9toiles situ\u00e9 \u00e0 proximit\u00e9 du lagon de Saint-Pierre de la R\u00e9union (974). D\u00e9couvrez aussi notre SPA Garden avec jacuzzi et nos soins.","og_url":"https:\/\/villadelisle.re\/index.php\/mentions-legales\/","og_site_name":"H\u00f4tel Villa Delisle - Ile de la R\u00e9union (974)","article_publisher":"https:\/\/www.facebook.com\/Hotel.Villa.Delisle\/","article_modified_time":"2024-09-06T16:58:56+00:00","twitter_card":"summary_large_image","twitter_misc":{"Dur\u00e9e de lecture estim\u00e9e":"2 minutes"},"schema":{"@context":"https:\/\/schema.org","@graph":[{"@type":"WebPage","@id":"https:\/\/villadelisle.re\/index.php\/mentions-legales\/","url":"https:\/\/villadelisle.re\/index.php\/mentions-legales\/","name":"Mentions l\u00e9gales - H\u00f4tel Villa Delisle - Ile de la R\u00e9union (974)","isPartOf":{"@id":"https:\/\/villadelisle.re\/#website"},"datePublished":"2018-07-20T17:57:29+00:00","dateModified":"2024-09-06T16:58:56+00:00","description":"H\u00f4tel Villa Delisle - 4 \u00e9toiles situ\u00e9 \u00e0 proximit\u00e9 du lagon de Saint-Pierre de la R\u00e9union (974). D\u00e9couvrez aussi notre SPA Garden avec jacuzzi et nos soins.","breadcrumb":{"@id":"https:\/\/villadelisle.re\/index.php\/mentions-legales\/#breadcrumb"},"inLanguage":"fr-FR","potentialAction":[{"@type":"ReadAction","target":["https:\/\/villadelisle.re\/index.php\/mentions-legales\/"]}]},{"@type":"BreadcrumbList","@id":"https:\/\/villadelisle.re\/index.php\/mentions-legales\/#breadcrumb","itemListElement":[{"@type":"ListItem","position":1,"name":"Accueil","item":"https:\/\/villadelisle.re\/"},{"@type":"ListItem","position":2,"name":"MENTIONS LEGALES"}]},{"@type":"WebSite","@id":"https:\/\/villadelisle.re\/#website","url":"https:\/\/villadelisle.re\/","name":"H\u00f4tel Villa Delisle - Ile de la R\u00e9union (974)","description":"G\u00e9n\u00e9rosit\u00e9, R\u00eave, Sourire","potentialAction":[{"@type":"SearchAction","target":{"@type":"EntryPoint","urlTemplate":"https:\/\/villadelisle.re\/?s={search_term_string}"},"query-input":{"@type":"PropertyValueSpecification","valueRequired":true,"valueName":"search_term_string"}}],"inLanguage":"fr-FR"}]}},"_links":{"self":[{"href":"https:\/\/villadelisle.re\/index.php\/wp-json\/wp\/v2\/pages\/580","targetHints":{"allow":["GET"]}}],"collection":[{"href":"https:\/\/villadelisle.re\/index.php\/wp-json\/wp\/v2\/pages"}],"about":[{"href":"https:\/\/villadelisle.re\/index.php\/wp-json\/wp\/v2\/types\/page"}],"author":[{"embeddable":true,"href":"https:\/\/villadelisle.re\/index.php\/wp-json\/wp\/v2\/users\/1"}],"replies":[{"embeddable":true,"href":"https:\/\/villadelisle.re\/index.php\/wp-json\/wp\/v2\/comments?post=580"}],"version-history":[{"count":5,"href":"https:\/\/villadelisle.re\/index.php\/wp-json\/wp\/v2\/pages\/580\/revisions"}],"predecessor-version":[{"id":1770,"href":"https:\/\/villadelisle.re\/index.php\/wp-json\/wp\/v2\/pages\/580\/revisions\/1770"}],"wp:attachment":[{"href":"https:\/\/villadelisle.re\/index.php\/wp-json\/wp\/v2\/media?parent=580"}],"curies":[{"name":"wp","href":"https:\/\/api.w.org\/{rel}","templated":true}]}}