{"id":629,"date":"2018-07-21T18:34:15","date_gmt":"2018-07-21T14:34:15","guid":{"rendered":"https:\/\/villadelisle.re\/?page_id=629"},"modified":"2024-11-04T21:22:22","modified_gmt":"2024-11-04T17:22:22","slug":"hebergement-chambres","status":"publish","type":"page","link":"https:\/\/villadelisle.re\/index.php\/hotel-saint-pierre-la-reunion-974\/hebergement-chambres\/","title":{"rendered":"HEBERGEMENT"},"content":{"rendered":"<div id=\"pl-629\"  class=\"panel-layout\" ><div id=\"pg-629-0\"  class=\"panel-grid panel-no-style\" ><div id=\"pgc-629-0-0\"  class=\"panel-grid-cell\" ><div id=\"panel-629-0-0-0\" class=\"so-panel widget widget_sow-editor panel-first-child panel-last-child\" data-index=\"0\" ><div\n\t\t\t\n\t\t\tclass=\"so-widget-sow-editor so-widget-sow-editor-base\"\n\t\t\t\n\t\t>\n<div class=\"siteorigin-widget-tinymce textwidget\">\n\t<p style=\"text-align: center;\">C\u2019est en r\u00eavant d\u2019une belle maison cr\u00e9ole dans l\u2019Oc\u00e9an Indien que les id\u00e9es pour la Villa Delisle sont apparues. Des mat\u00e9riaux, des couleurs, des lumi\u00e8res et un grand jardin pour y laisser s\u2019exprimer la flore end\u00e9mique, \u00e0 quelques pas d\u2019un lagon bleu. Avec ce cadre tropical au c\u0153ur de la belle ville de Saint Pierre, la Villa Delisle et ses 41 chambres vous proposent plus qu\u2019une identit\u00e9: une \u00e2me.<\/p>\n<\/div>\n<\/div><\/div><\/div><\/div><div id=\"pg-629-1\"  class=\"panel-grid panel-no-style\" ><div id=\"pgc-629-1-0\"  class=\"panel-grid-cell\" ><div id=\"panel-629-1-0-0\" class=\"so-panel widget widget_sow-button panel-first-child panel-last-child\" data-index=\"1\" ><div\n\t\t\t\n\t\t\tclass=\"so-widget-sow-button so-widget-sow-button-atom-f54c0409268f-629\"\n\t\t\t\n\t\t><div class=\"ow-button-base ow-button-align-center\"\n>\n\t\t\t<a\n\t\t\t\t\thref=\"https:\/\/villadelisle.re\/index.php\/hotel-saint-pierre-la-reunion-974\/hebergement-chambres\/hebergement-chambre-standard\/\"\n\t\t\t\t\tclass=\"sowb-button ow-icon-placement-left ow-button-hover\" \t>\n\t\t<span>\n\t\t\t\n\t\t\tCHAMBRE STANDARD\t\t<\/span>\n\t\t\t<\/a>\n\t<\/div>\n<\/div><\/div><\/div><div id=\"pgc-629-1-1\"  class=\"panel-grid-cell\" ><div id=\"panel-629-1-1-0\" class=\"so-panel widget widget_sow-button panel-first-child panel-last-child\" data-index=\"2\" ><div\n\t\t\t\n\t\t\tclass=\"so-widget-sow-button so-widget-sow-button-atom-f54c0409268f-629\"\n\t\t\t\n\t\t><div class=\"ow-button-base ow-button-align-center\"\n>\n\t\t\t<a\n\t\t\t\t\thref=\"https:\/\/villadelisle.re\/index.php\/hotel-saint-pierre-la-reunion-974\/hebergement-chambres\/hebergement-chambre-superieure\/\"\n\t\t\t\t\tclass=\"sowb-button ow-icon-placement-left ow-button-hover\" \t>\n\t\t<span>\n\t\t\t\n\t\t\tCHAMBRE SUPERIEURE\t\t<\/span>\n\t\t\t<\/a>\n\t<\/div>\n<\/div><\/div><\/div><div id=\"pgc-629-1-2\"  class=\"panel-grid-cell\" ><div id=\"panel-629-1-2-0\" class=\"so-panel widget widget_sow-button panel-first-child panel-last-child\" data-index=\"3\" ><div\n\t\t\t\n\t\t\tclass=\"so-widget-sow-button so-widget-sow-button-atom-f54c0409268f-629\"\n\t\t\t\n\t\t><div class=\"ow-button-base ow-button-align-center\"\n>\n\t\t\t<a\n\t\t\t\t\thref=\"https:\/\/villadelisle.re\/index.php\/hotel-saint-pierre-la-reunion-974\/hebergement-chambres\/hebergement-suite-junior\/\"\n\t\t\t\t\tclass=\"sowb-button ow-icon-placement-left ow-button-hover\" \t>\n\t\t<span>\n\t\t\t\n\t\t\tSUITE JUNIOR\t\t<\/span>\n\t\t\t<\/a>\n\t<\/div>\n<\/div><\/div><\/div><\/div><div id=\"pg-629-2\"  class=\"panel-grid panel-no-style\" ><div id=\"pgc-629-2-0\"  class=\"panel-grid-cell\" ><div id=\"panel-629-2-0-0\" class=\"so-panel widget widget_sow-editor panel-first-child panel-last-child\" data-index=\"4\" ><div\n\t\t\t\n\t\t\tclass=\"so-widget-sow-editor so-widget-sow-editor-base\"\n\t\t\t\n\t\t>\n<div class=\"siteorigin-widget-tinymce textwidget\">\n\t<div><\/div>\n<\/div>\n<\/div><\/div><\/div><\/div><\/div>","protected":false},"excerpt":{"rendered":"<p>C\u2019est en r\u00eavant d\u2019une belle maison cr\u00e9ole dans l\u2019Oc\u00e9an Indien que les id\u00e9es pour la Villa Delisle sont apparues. Des mat\u00e9riaux, des couleurs, des lumi\u00e8res et un grand jardin pour y laisser s\u2019exprimer la flore end\u00e9mique, \u00e0 quelques pas d\u2019un lagon bleu. Avec ce cadre tropical au c\u0153ur de la[&#8230;]<\/p>\n","protected":false},"author":1,"featured_media":0,"parent":334,"menu_order":0,"comment_status":"closed","ping_status":"closed","template":"template-fullwidth.php","meta":{"_monsterinsights_skip_tracking":false,"_monsterinsights_sitenote_active":false,"_monsterinsights_sitenote_note":"","_monsterinsights_sitenote_category":0,"footnotes":""},"class_list":["post-629","page","type-page","status-publish","hentry"],"yoast_head":"<!-- This site is optimized with the Yoast SEO plugin v26.6 - https:\/\/yoast.com\/wordpress\/plugins\/seo\/ -->\n<title>H\u00e9bergement \/ Nos chambres - H\u00f4tel Villa Delisle - Ile de la R\u00e9union (974)<\/title>\n<meta name=\"description\" content=\"Venez d\u00e9couvrir les chambres de notre h\u00f4tel \u00e0 l&#039;\u00eele de la R\u00e9union (974). Retrouvez nos chambres standard, sup\u00e9rieures ou encore nos suites &quot;Junior&quot;.\" \/>\n<meta name=\"robots\" content=\"index, follow, max-snippet:-1, max-image-preview:large, max-video-preview:-1\" \/>\n<link rel=\"canonical\" href=\"https:\/\/villadelisle.re\/index.php\/hotel-saint-pierre-la-reunion-974\/hebergement-chambres\/\" \/>\n<meta property=\"og:locale\" content=\"fr_FR\" \/>\n<meta property=\"og:type\" content=\"article\" \/>\n<meta property=\"og:title\" content=\"H\u00e9bergement \/ Nos chambres - H\u00f4tel Villa Delisle - Ile de la R\u00e9union (974)\" \/>\n<meta property=\"og:description\" content=\"Venez d\u00e9couvrir les chambres de notre h\u00f4tel \u00e0 l&#039;\u00eele de la R\u00e9union (974). Retrouvez nos chambres standard, sup\u00e9rieures ou encore nos suites &quot;Junior&quot;.\" \/>\n<meta property=\"og:url\" content=\"https:\/\/villadelisle.re\/index.php\/hotel-saint-pierre-la-reunion-974\/hebergement-chambres\/\" \/>\n<meta property=\"og:site_name\" content=\"H\u00f4tel Villa Delisle - Ile de la R\u00e9union (974)\" \/>\n<meta property=\"article:publisher\" content=\"https:\/\/www.facebook.com\/Hotel.Villa.Delisle\/\" \/>\n<meta property=\"article:modified_time\" content=\"2024-11-04T17:22:22+00:00\" \/>\n<meta name=\"twitter:card\" content=\"summary_large_image\" \/>\n<meta name=\"twitter:label1\" content=\"Dur\u00e9e de lecture estim\u00e9e\" \/>\n\t<meta name=\"twitter:data1\" content=\"1 minute\" \/>\n<script type=\"application\/ld+json\" class=\"yoast-schema-graph\">{\"@context\":\"https:\/\/schema.org\",\"@graph\":[{\"@type\":\"WebPage\",\"@id\":\"https:\/\/villadelisle.re\/index.php\/hotel-saint-pierre-la-reunion-974\/hebergement-chambres\/\",\"url\":\"https:\/\/villadelisle.re\/index.php\/hotel-saint-pierre-la-reunion-974\/hebergement-chambres\/\",\"name\":\"H\u00e9bergement \/ Nos chambres - H\u00f4tel Villa Delisle - Ile de la R\u00e9union (974)\",\"isPartOf\":{\"@id\":\"https:\/\/villadelisle.re\/#website\"},\"datePublished\":\"2018-07-21T14:34:15+00:00\",\"dateModified\":\"2024-11-04T17:22:22+00:00\",\"description\":\"Venez d\u00e9couvrir les chambres de notre h\u00f4tel \u00e0 l'\u00eele de la R\u00e9union (974). Retrouvez nos chambres standard, sup\u00e9rieures ou encore nos suites \\\"Junior\\\".\",\"breadcrumb\":{\"@id\":\"https:\/\/villadelisle.re\/index.php\/hotel-saint-pierre-la-reunion-974\/hebergement-chambres\/#breadcrumb\"},\"inLanguage\":\"fr-FR\",\"potentialAction\":[{\"@type\":\"ReadAction\",\"target\":[\"https:\/\/villadelisle.re\/index.php\/hotel-saint-pierre-la-reunion-974\/hebergement-chambres\/\"]}]},{\"@type\":\"BreadcrumbList\",\"@id\":\"https:\/\/villadelisle.re\/index.php\/hotel-saint-pierre-la-reunion-974\/hebergement-chambres\/#breadcrumb\",\"itemListElement\":[{\"@type\":\"ListItem\",\"position\":1,\"name\":\"Accueil\",\"item\":\"https:\/\/villadelisle.re\/\"},{\"@type\":\"ListItem\",\"position\":2,\"name\":\"Accueil\",\"item\":\"https:\/\/villadelisle.re\/\"},{\"@type\":\"ListItem\",\"position\":3,\"name\":\"HEBERGEMENT\"}]},{\"@type\":\"WebSite\",\"@id\":\"https:\/\/villadelisle.re\/#website\",\"url\":\"https:\/\/villadelisle.re\/\",\"name\":\"H\u00f4tel Villa Delisle - Ile de la R\u00e9union (974)\",\"description\":\"G\u00e9n\u00e9rosit\u00e9, R\u00eave, Sourire\",\"potentialAction\":[{\"@type\":\"SearchAction\",\"target\":{\"@type\":\"EntryPoint\",\"urlTemplate\":\"https:\/\/villadelisle.re\/?s={search_term_string}\"},\"query-input\":{\"@type\":\"PropertyValueSpecification\",\"valueRequired\":true,\"valueName\":\"search_term_string\"}}],\"inLanguage\":\"fr-FR\"}]}<\/script>\n<!-- \/ Yoast SEO plugin. -->","yoast_head_json":{"title":"H\u00e9bergement \/ Nos chambres - H\u00f4tel Villa Delisle - Ile de la R\u00e9union (974)","description":"Venez d\u00e9couvrir les chambres de notre h\u00f4tel \u00e0 l'\u00eele de la R\u00e9union (974). Retrouvez nos chambres standard, sup\u00e9rieures ou encore nos suites \"Junior\".","robots":{"index":"index","follow":"follow","max-snippet":"max-snippet:-1","max-image-preview":"max-image-preview:large","max-video-preview":"max-video-preview:-1"},"canonical":"https:\/\/villadelisle.re\/index.php\/hotel-saint-pierre-la-reunion-974\/hebergement-chambres\/","og_locale":"fr_FR","og_type":"article","og_title":"H\u00e9bergement \/ Nos chambres - H\u00f4tel Villa Delisle - Ile de la R\u00e9union (974)","og_description":"Venez d\u00e9couvrir les chambres de notre h\u00f4tel \u00e0 l'\u00eele de la R\u00e9union (974). Retrouvez nos chambres standard, sup\u00e9rieures ou encore nos suites \"Junior\".","og_url":"https:\/\/villadelisle.re\/index.php\/hotel-saint-pierre-la-reunion-974\/hebergement-chambres\/","og_site_name":"H\u00f4tel Villa Delisle - Ile de la R\u00e9union (974)","article_publisher":"https:\/\/www.facebook.com\/Hotel.Villa.Delisle\/","article_modified_time":"2024-11-04T17:22:22+00:00","twitter_card":"summary_large_image","twitter_misc":{"Dur\u00e9e de lecture estim\u00e9e":"1 minute"},"schema":{"@context":"https:\/\/schema.org","@graph":[{"@type":"WebPage","@id":"https:\/\/villadelisle.re\/index.php\/hotel-saint-pierre-la-reunion-974\/hebergement-chambres\/","url":"https:\/\/villadelisle.re\/index.php\/hotel-saint-pierre-la-reunion-974\/hebergement-chambres\/","name":"H\u00e9bergement \/ Nos chambres - H\u00f4tel Villa Delisle - Ile de la R\u00e9union (974)","isPartOf":{"@id":"https:\/\/villadelisle.re\/#website"},"datePublished":"2018-07-21T14:34:15+00:00","dateModified":"2024-11-04T17:22:22+00:00","description":"Venez d\u00e9couvrir les chambres de notre h\u00f4tel \u00e0 l'\u00eele de la R\u00e9union (974). Retrouvez nos chambres standard, sup\u00e9rieures ou encore nos suites \"Junior\".","breadcrumb":{"@id":"https:\/\/villadelisle.re\/index.php\/hotel-saint-pierre-la-reunion-974\/hebergement-chambres\/#breadcrumb"},"inLanguage":"fr-FR","potentialAction":[{"@type":"ReadAction","target":["https:\/\/villadelisle.re\/index.php\/hotel-saint-pierre-la-reunion-974\/hebergement-chambres\/"]}]},{"@type":"BreadcrumbList","@id":"https:\/\/villadelisle.re\/index.php\/hotel-saint-pierre-la-reunion-974\/hebergement-chambres\/#breadcrumb","itemListElement":[{"@type":"ListItem","position":1,"name":"Accueil","item":"https:\/\/villadelisle.re\/"},{"@type":"ListItem","position":2,"name":"Accueil","item":"https:\/\/villadelisle.re\/"},{"@type":"ListItem","position":3,"name":"HEBERGEMENT"}]},{"@type":"WebSite","@id":"https:\/\/villadelisle.re\/#website","url":"https:\/\/villadelisle.re\/","name":"H\u00f4tel Villa Delisle - Ile de la R\u00e9union (974)","description":"G\u00e9n\u00e9rosit\u00e9, R\u00eave, Sourire","potentialAction":[{"@type":"SearchAction","target":{"@type":"EntryPoint","urlTemplate":"https:\/\/villadelisle.re\/?s={search_term_string}"},"query-input":{"@type":"PropertyValueSpecification","valueRequired":true,"valueName":"search_term_string"}}],"inLanguage":"fr-FR"}]}},"_links":{"self":[{"href":"https:\/\/villadelisle.re\/index.php\/wp-json\/wp\/v2\/pages\/629","targetHints":{"allow":["GET"]}}],"collection":[{"href":"https:\/\/villadelisle.re\/index.php\/wp-json\/wp\/v2\/pages"}],"about":[{"href":"https:\/\/villadelisle.re\/index.php\/wp-json\/wp\/v2\/types\/page"}],"author":[{"embeddable":true,"href":"https:\/\/villadelisle.re\/index.php\/wp-json\/wp\/v2\/users\/1"}],"replies":[{"embeddable":true,"href":"https:\/\/villadelisle.re\/index.php\/wp-json\/wp\/v2\/comments?post=629"}],"version-history":[{"count":8,"href":"https:\/\/villadelisle.re\/index.php\/wp-json\/wp\/v2\/pages\/629\/revisions"}],"predecessor-version":[{"id":1836,"href":"https:\/\/villadelisle.re\/index.php\/wp-json\/wp\/v2\/pages\/629\/revisions\/1836"}],"up":[{"embeddable":true,"href":"https:\/\/villadelisle.re\/index.php\/wp-json\/wp\/v2\/pages\/334"}],"wp:attachment":[{"href":"https:\/\/villadelisle.re\/index.php\/wp-json\/wp\/v2\/media?parent=629"}],"curies":[{"name":"wp","href":"https:\/\/api.w.org\/{rel}","templated":true}]}}