{"id":631,"date":"2018-07-21T18:34:38","date_gmt":"2018-07-21T14:34:38","guid":{"rendered":"https:\/\/villadelisle.re\/?page_id=631"},"modified":"2025-01-08T15:52:05","modified_gmt":"2025-01-08T11:52:05","slug":"bar-restauration-la-reunion-974","status":"publish","type":"page","link":"https:\/\/villadelisle.re\/index.php\/bar-restauration-la-reunion-974\/","title":{"rendered":"BAR &#038; RESTAURATION"},"content":{"rendered":"<div id=\"pl-631\"  class=\"panel-layout\" ><div id=\"pg-631-0\"  class=\"panel-grid panel-no-style\" ><div id=\"pgc-631-0-0\"  class=\"panel-grid-cell\" ><div id=\"panel-631-0-0-0\" class=\"so-panel widget widget_sow-button panel-first-child panel-last-child\" data-index=\"0\" ><div\n\t\t\t\n\t\t\tclass=\"so-widget-sow-button so-widget-sow-button-flat-66466acb9e12-631\"\n\t\t\t\n\t\t><div class=\"ow-button-base ow-button-align-center\"\n>\n\t\t\t<a\n\t\t\t\t\thref=\"https:\/\/villadelisle.re\/index.php\/bar-restauration-la-reunion-974\/la-voile-blanche-restaurant-piscine\/\"\n\t\t\t\t\tclass=\"sowb-button ow-icon-placement-left ow-button-hover\" \t>\n\t\t<span>\n\t\t\t\n\t\t\tLA VOILE BLANCHE\t\t<\/span>\n\t\t\t<\/a>\n\t<\/div>\n<\/div><\/div><\/div><div id=\"pgc-631-0-1\"  class=\"panel-grid-cell\" ><div id=\"panel-631-0-1-0\" class=\"so-panel widget widget_sow-button panel-first-child panel-last-child\" data-index=\"1\" ><div\n\t\t\t\n\t\t\tclass=\"so-widget-sow-button so-widget-sow-button-flat-66466acb9e12-631\"\n\t\t\t\n\t\t><div class=\"ow-button-base ow-button-align-center\"\n>\n\t\t\t<a\n\t\t\t\t\thref=\"https:\/\/villadelisle.re\/index.php\/bar-restauration-la-reunion-974\/le-bistrot-chic-le-pierre-restaurant\/\"\n\t\t\t\t\tclass=\"sowb-button ow-icon-placement-left ow-button-hover\" \t>\n\t\t<span>\n\t\t\t\n\t\t\tLE PIERRE\t\t<\/span>\n\t\t\t<\/a>\n\t<\/div>\n<\/div><\/div><\/div><\/div><div id=\"pg-631-1\"  class=\"panel-grid panel-no-style\" ><div id=\"pgc-631-1-0\"  class=\"panel-grid-cell\" ><div id=\"panel-631-1-0-0\" class=\"so-panel widget widget_sow-editor panel-first-child panel-last-child\" data-index=\"2\" ><div\n\t\t\t\n\t\t\tclass=\"so-widget-sow-editor so-widget-sow-editor-base\"\n\t\t\t\n\t\t>\n<div class=\"siteorigin-widget-tinymce textwidget\">\n\t\n<\/div>\n<\/div><\/div><\/div><\/div><\/div>","protected":false},"excerpt":{"rendered":"<p>LA VOILE BLANCHE LE PIERRE<\/p>\n","protected":false},"author":1,"featured_media":0,"parent":0,"menu_order":0,"comment_status":"closed","ping_status":"closed","template":"template-fullwidth.php","meta":{"_monsterinsights_skip_tracking":false,"_monsterinsights_sitenote_active":false,"_monsterinsights_sitenote_note":"","_monsterinsights_sitenote_category":0,"footnotes":""},"class_list":["post-631","page","type-page","status-publish","hentry"],"yoast_head":"<!-- This site is optimized with the Yoast SEO plugin v26.6 - https:\/\/yoast.com\/wordpress\/plugins\/seo\/ -->\n<title>Bar et Restauration - H\u00f4tel Villa Delisle - Ile de la R\u00e9union (974)<\/title>\n<meta name=\"description\" content=\"Sirotez un cocktail au bord de notre piscine ou d\u00e9gustez nos meilleurs plats au bistrot chic &quot;Le Pierre&quot;. H\u00f4tel Villa Delisle \u00e0 Saint-Pierre de la R\u00e9union.\" \/>\n<meta name=\"robots\" content=\"index, follow, max-snippet:-1, max-image-preview:large, max-video-preview:-1\" \/>\n<link rel=\"canonical\" href=\"https:\/\/villadelisle.re\/index.php\/bar-restauration-la-reunion-974\/\" \/>\n<meta property=\"og:locale\" content=\"fr_FR\" \/>\n<meta property=\"og:type\" content=\"article\" \/>\n<meta property=\"og:title\" content=\"Bar et Restauration - H\u00f4tel Villa Delisle - Ile de la R\u00e9union (974)\" \/>\n<meta property=\"og:description\" content=\"Sirotez un cocktail au bord de notre piscine ou d\u00e9gustez nos meilleurs plats au bistrot chic &quot;Le Pierre&quot;. H\u00f4tel Villa Delisle \u00e0 Saint-Pierre de la R\u00e9union.\" \/>\n<meta property=\"og:url\" content=\"https:\/\/villadelisle.re\/index.php\/bar-restauration-la-reunion-974\/\" \/>\n<meta property=\"og:site_name\" content=\"H\u00f4tel Villa Delisle - Ile de la R\u00e9union (974)\" \/>\n<meta property=\"article:publisher\" content=\"https:\/\/www.facebook.com\/Hotel.Villa.Delisle\/\" \/>\n<meta property=\"article:modified_time\" content=\"2025-01-08T11:52:05+00:00\" \/>\n<meta name=\"twitter:card\" content=\"summary_large_image\" \/>\n<meta name=\"twitter:label1\" content=\"Dur\u00e9e de lecture estim\u00e9e\" \/>\n\t<meta name=\"twitter:data1\" content=\"1 minute\" \/>\n<script type=\"application\/ld+json\" class=\"yoast-schema-graph\">{\"@context\":\"https:\/\/schema.org\",\"@graph\":[{\"@type\":\"WebPage\",\"@id\":\"https:\/\/villadelisle.re\/index.php\/bar-restauration-la-reunion-974\/\",\"url\":\"https:\/\/villadelisle.re\/index.php\/bar-restauration-la-reunion-974\/\",\"name\":\"Bar et Restauration - H\u00f4tel Villa Delisle - Ile de la R\u00e9union (974)\",\"isPartOf\":{\"@id\":\"https:\/\/villadelisle.re\/#website\"},\"datePublished\":\"2018-07-21T14:34:38+00:00\",\"dateModified\":\"2025-01-08T11:52:05+00:00\",\"description\":\"Sirotez un cocktail au bord de notre piscine ou d\u00e9gustez nos meilleurs plats au bistrot chic \\\"Le Pierre\\\". H\u00f4tel Villa Delisle \u00e0 Saint-Pierre de la R\u00e9union.\",\"breadcrumb\":{\"@id\":\"https:\/\/villadelisle.re\/index.php\/bar-restauration-la-reunion-974\/#breadcrumb\"},\"inLanguage\":\"fr-FR\",\"potentialAction\":[{\"@type\":\"ReadAction\",\"target\":[\"https:\/\/villadelisle.re\/index.php\/bar-restauration-la-reunion-974\/\"]}]},{\"@type\":\"BreadcrumbList\",\"@id\":\"https:\/\/villadelisle.re\/index.php\/bar-restauration-la-reunion-974\/#breadcrumb\",\"itemListElement\":[{\"@type\":\"ListItem\",\"position\":1,\"name\":\"Accueil\",\"item\":\"https:\/\/villadelisle.re\/\"},{\"@type\":\"ListItem\",\"position\":2,\"name\":\"BAR &#038; RESTAURATION\"}]},{\"@type\":\"WebSite\",\"@id\":\"https:\/\/villadelisle.re\/#website\",\"url\":\"https:\/\/villadelisle.re\/\",\"name\":\"H\u00f4tel Villa Delisle - Ile de la R\u00e9union (974)\",\"description\":\"G\u00e9n\u00e9rosit\u00e9, R\u00eave, Sourire\",\"potentialAction\":[{\"@type\":\"SearchAction\",\"target\":{\"@type\":\"EntryPoint\",\"urlTemplate\":\"https:\/\/villadelisle.re\/?s={search_term_string}\"},\"query-input\":{\"@type\":\"PropertyValueSpecification\",\"valueRequired\":true,\"valueName\":\"search_term_string\"}}],\"inLanguage\":\"fr-FR\"}]}<\/script>\n<!-- \/ Yoast SEO plugin. -->","yoast_head_json":{"title":"Bar et Restauration - H\u00f4tel Villa Delisle - Ile de la R\u00e9union (974)","description":"Sirotez un cocktail au bord de notre piscine ou d\u00e9gustez nos meilleurs plats au bistrot chic \"Le Pierre\". H\u00f4tel Villa Delisle \u00e0 Saint-Pierre de la R\u00e9union.","robots":{"index":"index","follow":"follow","max-snippet":"max-snippet:-1","max-image-preview":"max-image-preview:large","max-video-preview":"max-video-preview:-1"},"canonical":"https:\/\/villadelisle.re\/index.php\/bar-restauration-la-reunion-974\/","og_locale":"fr_FR","og_type":"article","og_title":"Bar et Restauration - H\u00f4tel Villa Delisle - Ile de la R\u00e9union (974)","og_description":"Sirotez un cocktail au bord de notre piscine ou d\u00e9gustez nos meilleurs plats au bistrot chic \"Le Pierre\". H\u00f4tel Villa Delisle \u00e0 Saint-Pierre de la R\u00e9union.","og_url":"https:\/\/villadelisle.re\/index.php\/bar-restauration-la-reunion-974\/","og_site_name":"H\u00f4tel Villa Delisle - Ile de la R\u00e9union (974)","article_publisher":"https:\/\/www.facebook.com\/Hotel.Villa.Delisle\/","article_modified_time":"2025-01-08T11:52:05+00:00","twitter_card":"summary_large_image","twitter_misc":{"Dur\u00e9e de lecture estim\u00e9e":"1 minute"},"schema":{"@context":"https:\/\/schema.org","@graph":[{"@type":"WebPage","@id":"https:\/\/villadelisle.re\/index.php\/bar-restauration-la-reunion-974\/","url":"https:\/\/villadelisle.re\/index.php\/bar-restauration-la-reunion-974\/","name":"Bar et Restauration - H\u00f4tel Villa Delisle - Ile de la R\u00e9union (974)","isPartOf":{"@id":"https:\/\/villadelisle.re\/#website"},"datePublished":"2018-07-21T14:34:38+00:00","dateModified":"2025-01-08T11:52:05+00:00","description":"Sirotez un cocktail au bord de notre piscine ou d\u00e9gustez nos meilleurs plats au bistrot chic \"Le Pierre\". H\u00f4tel Villa Delisle \u00e0 Saint-Pierre de la R\u00e9union.","breadcrumb":{"@id":"https:\/\/villadelisle.re\/index.php\/bar-restauration-la-reunion-974\/#breadcrumb"},"inLanguage":"fr-FR","potentialAction":[{"@type":"ReadAction","target":["https:\/\/villadelisle.re\/index.php\/bar-restauration-la-reunion-974\/"]}]},{"@type":"BreadcrumbList","@id":"https:\/\/villadelisle.re\/index.php\/bar-restauration-la-reunion-974\/#breadcrumb","itemListElement":[{"@type":"ListItem","position":1,"name":"Accueil","item":"https:\/\/villadelisle.re\/"},{"@type":"ListItem","position":2,"name":"BAR &#038; RESTAURATION"}]},{"@type":"WebSite","@id":"https:\/\/villadelisle.re\/#website","url":"https:\/\/villadelisle.re\/","name":"H\u00f4tel Villa Delisle - Ile de la R\u00e9union (974)","description":"G\u00e9n\u00e9rosit\u00e9, R\u00eave, Sourire","potentialAction":[{"@type":"SearchAction","target":{"@type":"EntryPoint","urlTemplate":"https:\/\/villadelisle.re\/?s={search_term_string}"},"query-input":{"@type":"PropertyValueSpecification","valueRequired":true,"valueName":"search_term_string"}}],"inLanguage":"fr-FR"}]}},"_links":{"self":[{"href":"https:\/\/villadelisle.re\/index.php\/wp-json\/wp\/v2\/pages\/631","targetHints":{"allow":["GET"]}}],"collection":[{"href":"https:\/\/villadelisle.re\/index.php\/wp-json\/wp\/v2\/pages"}],"about":[{"href":"https:\/\/villadelisle.re\/index.php\/wp-json\/wp\/v2\/types\/page"}],"author":[{"embeddable":true,"href":"https:\/\/villadelisle.re\/index.php\/wp-json\/wp\/v2\/users\/1"}],"replies":[{"embeddable":true,"href":"https:\/\/villadelisle.re\/index.php\/wp-json\/wp\/v2\/comments?post=631"}],"version-history":[{"count":12,"href":"https:\/\/villadelisle.re\/index.php\/wp-json\/wp\/v2\/pages\/631\/revisions"}],"predecessor-version":[{"id":2116,"href":"https:\/\/villadelisle.re\/index.php\/wp-json\/wp\/v2\/pages\/631\/revisions\/2116"}],"wp:attachment":[{"href":"https:\/\/villadelisle.re\/index.php\/wp-json\/wp\/v2\/media?parent=631"}],"curies":[{"name":"wp","href":"https:\/\/api.w.org\/{rel}","templated":true}]}}