{"id":756,"date":"2018-09-23T17:04:18","date_gmt":"2018-09-23T13:04:18","guid":{"rendered":"https:\/\/villadelisle.re\/?page_id=756"},"modified":"2023-05-12T16:26:32","modified_gmt":"2023-05-12T12:26:32","slug":"contacter-un-commercial-seminaire-entreprise-la-reunion-974","status":"publish","type":"page","link":"https:\/\/villadelisle.re\/index.php\/contacter-un-commercial-seminaire-entreprise-la-reunion-974\/","title":{"rendered":"Contacter un commercial &#8211; Contact a sales representative"},"content":{"rendered":"<p>Pour contacter un conseiller commercial, veuillez remplir le formulaire ci-dessous. \/ <em>To contact a sales consultant, please fill out the form below.<\/em><\/p>\n\n<div class=\"wpcf7 no-js\" id=\"wpcf7-f5-o1\" lang=\"fr-FR\" dir=\"ltr\" data-wpcf7-id=\"5\">\n<div class=\"screen-reader-response\"><p role=\"status\" aria-live=\"polite\" aria-atomic=\"true\"><\/p> <ul><\/ul><\/div>\n<form action=\"\/index.php\/wp-json\/wp\/v2\/pages\/756#wpcf7-f5-o1\" method=\"post\" class=\"wpcf7-form init\" aria-label=\"Formulaire de contact\" novalidate=\"novalidate\" data-status=\"init\">\n<fieldset class=\"hidden-fields-container\"><input type=\"hidden\" name=\"_wpcf7\" value=\"5\" \/><input type=\"hidden\" name=\"_wpcf7_version\" value=\"6.1.4\" \/><input type=\"hidden\" name=\"_wpcf7_locale\" value=\"fr_FR\" \/><input type=\"hidden\" name=\"_wpcf7_unit_tag\" value=\"wpcf7-f5-o1\" \/><input type=\"hidden\" name=\"_wpcf7_container_post\" value=\"0\" \/><input type=\"hidden\" name=\"_wpcf7_posted_data_hash\" value=\"\" \/><input type=\"hidden\" name=\"_wpcf7_recaptcha_response\" value=\"\" \/>\n<\/fieldset>\n<p><label> Votre nom (obligatoire) \/ Your name (required)<br \/>\n<span class=\"wpcf7-form-control-wrap\" data-name=\"your-name\"><input size=\"40\" maxlength=\"400\" class=\"wpcf7-form-control wpcf7-text wpcf7-validates-as-required\" aria-required=\"true\" aria-invalid=\"false\" value=\"\" type=\"text\" name=\"your-name\" \/><\/span> <\/label>\n<\/p>\n<p><label> Votre adresse de messagerie (obligatoire) \/ Your email address (required)<br \/>\n<span class=\"wpcf7-form-control-wrap\" data-name=\"your-email\"><input size=\"40\" maxlength=\"400\" class=\"wpcf7-form-control wpcf7-email wpcf7-validates-as-required wpcf7-text wpcf7-validates-as-email\" aria-required=\"true\" aria-invalid=\"false\" value=\"\" type=\"email\" name=\"your-email\" \/><\/span> <\/label>\n<\/p>\n<p><label> Votre num\u00e9ro de t\u00e9l\u00e9phone (obligatoire) \/ Your phone number (required)<br \/>\n<span class=\"wpcf7-form-control-wrap\" data-name=\"your-tel\"><input size=\"40\" maxlength=\"400\" class=\"wpcf7-form-control wpcf7-tel wpcf7-validates-as-required wpcf7-text wpcf7-validates-as-tel\" aria-required=\"true\" aria-invalid=\"false\" value=\"\" type=\"tel\" name=\"your-tel\" \/><\/span> <\/label>\n<\/p>\n<p><label> Objet \/ Subject<br \/>\n<span class=\"wpcf7-form-control-wrap\" data-name=\"your-subject\"><input size=\"40\" maxlength=\"400\" class=\"wpcf7-form-control wpcf7-text\" aria-invalid=\"false\" value=\"\" type=\"text\" name=\"your-subject\" \/><\/span> <\/label>\n<\/p>\n<p><label> Votre message \/ Your message<br \/>\n<span class=\"wpcf7-form-control-wrap\" data-name=\"your-message\"><textarea cols=\"40\" rows=\"10\" maxlength=\"2000\" class=\"wpcf7-form-control wpcf7-textarea\" aria-invalid=\"false\" name=\"your-message\"><\/textarea><\/span> <\/label>\n<\/p>\n<p><input class=\"wpcf7-form-control wpcf7-submit has-spinner\" type=\"submit\" value=\"Envoyer\" \/>\n<\/p><p style=\"display: none !important;\" class=\"akismet-fields-container\" data-prefix=\"_wpcf7_ak_\"><label>&#916;<textarea name=\"_wpcf7_ak_hp_textarea\" cols=\"45\" rows=\"8\" maxlength=\"100\"><\/textarea><\/label><input type=\"hidden\" id=\"ak_js_1\" name=\"_wpcf7_ak_js\" value=\"230\"\/><script>document.getElementById( \"ak_js_1\" ).setAttribute( \"value\", ( new Date() ).getTime() );<\/script><\/p><div class=\"wpcf7-response-output\" aria-hidden=\"true\"><\/div>\n<\/form>\n<\/div>\n\n","protected":false},"excerpt":{"rendered":"<p>Pour contacter un conseiller commercial, veuillez remplir le formulaire ci-dessous. \/ To contact a sales consultant, please fill out the form below.<\/p>\n","protected":false},"author":1,"featured_media":0,"parent":0,"menu_order":0,"comment_status":"closed","ping_status":"closed","template":"","meta":{"_monsterinsights_skip_tracking":false,"_monsterinsights_sitenote_active":false,"_monsterinsights_sitenote_note":"","_monsterinsights_sitenote_category":0,"footnotes":""},"class_list":["post-756","page","type-page","status-publish","hentry"],"yoast_head":"<!-- This site is optimized with the Yoast SEO plugin v26.6 - https:\/\/yoast.com\/wordpress\/plugins\/seo\/ -->\n<title>Contacter un commercial - Contact a sales representative - H\u00f4tel Villa Delisle - Ile de la R\u00e9union (974)<\/title>\n<meta name=\"description\" content=\"H\u00f4tel Villa Delisle, Saint-Pierre (974). Contactez notre commercial pour tout s\u00e9minaire ou banquet entreprise, remise de dipl\u00f4me...\" \/>\n<meta name=\"robots\" content=\"index, follow, max-snippet:-1, max-image-preview:large, max-video-preview:-1\" \/>\n<link rel=\"canonical\" href=\"https:\/\/villadelisle.re\/index.php\/contacter-un-commercial-seminaire-entreprise-la-reunion-974\/\" \/>\n<meta property=\"og:locale\" content=\"fr_FR\" \/>\n<meta property=\"og:type\" content=\"article\" \/>\n<meta property=\"og:title\" content=\"Contacter un commercial - Contact a sales representative - H\u00f4tel Villa Delisle - Ile de la R\u00e9union (974)\" \/>\n<meta property=\"og:description\" content=\"H\u00f4tel Villa Delisle, Saint-Pierre (974). Contactez notre commercial pour tout s\u00e9minaire ou banquet entreprise, remise de dipl\u00f4me...\" \/>\n<meta property=\"og:url\" content=\"https:\/\/villadelisle.re\/index.php\/contacter-un-commercial-seminaire-entreprise-la-reunion-974\/\" \/>\n<meta property=\"og:site_name\" content=\"H\u00f4tel Villa Delisle - Ile de la R\u00e9union (974)\" \/>\n<meta property=\"article:publisher\" content=\"https:\/\/www.facebook.com\/Hotel.Villa.Delisle\/\" \/>\n<meta property=\"article:modified_time\" content=\"2023-05-12T12:26:32+00:00\" \/>\n<meta name=\"twitter:card\" content=\"summary_large_image\" \/>\n<meta name=\"twitter:label1\" content=\"Dur\u00e9e de lecture estim\u00e9e\" \/>\n\t<meta name=\"twitter:data1\" content=\"1 minute\" \/>\n<script type=\"application\/ld+json\" class=\"yoast-schema-graph\">{\"@context\":\"https:\/\/schema.org\",\"@graph\":[{\"@type\":\"WebPage\",\"@id\":\"https:\/\/villadelisle.re\/index.php\/contacter-un-commercial-seminaire-entreprise-la-reunion-974\/\",\"url\":\"https:\/\/villadelisle.re\/index.php\/contacter-un-commercial-seminaire-entreprise-la-reunion-974\/\",\"name\":\"Contacter un commercial - Contact a sales representative - H\u00f4tel Villa Delisle - Ile de la R\u00e9union (974)\",\"isPartOf\":{\"@id\":\"https:\/\/villadelisle.re\/#website\"},\"datePublished\":\"2018-09-23T13:04:18+00:00\",\"dateModified\":\"2023-05-12T12:26:32+00:00\",\"description\":\"H\u00f4tel Villa Delisle, Saint-Pierre (974). Contactez notre commercial pour tout s\u00e9minaire ou banquet entreprise, remise de dipl\u00f4me...\",\"breadcrumb\":{\"@id\":\"https:\/\/villadelisle.re\/index.php\/contacter-un-commercial-seminaire-entreprise-la-reunion-974\/#breadcrumb\"},\"inLanguage\":\"fr-FR\",\"potentialAction\":[{\"@type\":\"ReadAction\",\"target\":[\"https:\/\/villadelisle.re\/index.php\/contacter-un-commercial-seminaire-entreprise-la-reunion-974\/\"]}]},{\"@type\":\"BreadcrumbList\",\"@id\":\"https:\/\/villadelisle.re\/index.php\/contacter-un-commercial-seminaire-entreprise-la-reunion-974\/#breadcrumb\",\"itemListElement\":[{\"@type\":\"ListItem\",\"position\":1,\"name\":\"Accueil\",\"item\":\"https:\/\/villadelisle.re\/\"},{\"@type\":\"ListItem\",\"position\":2,\"name\":\"Contacter un commercial &#8211; Contact a sales representative\"}]},{\"@type\":\"WebSite\",\"@id\":\"https:\/\/villadelisle.re\/#website\",\"url\":\"https:\/\/villadelisle.re\/\",\"name\":\"H\u00f4tel Villa Delisle - Ile de la R\u00e9union (974)\",\"description\":\"G\u00e9n\u00e9rosit\u00e9, R\u00eave, Sourire\",\"potentialAction\":[{\"@type\":\"SearchAction\",\"target\":{\"@type\":\"EntryPoint\",\"urlTemplate\":\"https:\/\/villadelisle.re\/?s={search_term_string}\"},\"query-input\":{\"@type\":\"PropertyValueSpecification\",\"valueRequired\":true,\"valueName\":\"search_term_string\"}}],\"inLanguage\":\"fr-FR\"}]}<\/script>\n<!-- \/ Yoast SEO plugin. -->","yoast_head_json":{"title":"Contacter un commercial - Contact a sales representative - H\u00f4tel Villa Delisle - Ile de la R\u00e9union (974)","description":"H\u00f4tel Villa Delisle, Saint-Pierre (974). Contactez notre commercial pour tout s\u00e9minaire ou banquet entreprise, remise de dipl\u00f4me...","robots":{"index":"index","follow":"follow","max-snippet":"max-snippet:-1","max-image-preview":"max-image-preview:large","max-video-preview":"max-video-preview:-1"},"canonical":"https:\/\/villadelisle.re\/index.php\/contacter-un-commercial-seminaire-entreprise-la-reunion-974\/","og_locale":"fr_FR","og_type":"article","og_title":"Contacter un commercial - Contact a sales representative - H\u00f4tel Villa Delisle - Ile de la R\u00e9union (974)","og_description":"H\u00f4tel Villa Delisle, Saint-Pierre (974). Contactez notre commercial pour tout s\u00e9minaire ou banquet entreprise, remise de dipl\u00f4me...","og_url":"https:\/\/villadelisle.re\/index.php\/contacter-un-commercial-seminaire-entreprise-la-reunion-974\/","og_site_name":"H\u00f4tel Villa Delisle - Ile de la R\u00e9union (974)","article_publisher":"https:\/\/www.facebook.com\/Hotel.Villa.Delisle\/","article_modified_time":"2023-05-12T12:26:32+00:00","twitter_card":"summary_large_image","twitter_misc":{"Dur\u00e9e de lecture estim\u00e9e":"1 minute"},"schema":{"@context":"https:\/\/schema.org","@graph":[{"@type":"WebPage","@id":"https:\/\/villadelisle.re\/index.php\/contacter-un-commercial-seminaire-entreprise-la-reunion-974\/","url":"https:\/\/villadelisle.re\/index.php\/contacter-un-commercial-seminaire-entreprise-la-reunion-974\/","name":"Contacter un commercial - Contact a sales representative - H\u00f4tel Villa Delisle - Ile de la R\u00e9union (974)","isPartOf":{"@id":"https:\/\/villadelisle.re\/#website"},"datePublished":"2018-09-23T13:04:18+00:00","dateModified":"2023-05-12T12:26:32+00:00","description":"H\u00f4tel Villa Delisle, Saint-Pierre (974). Contactez notre commercial pour tout s\u00e9minaire ou banquet entreprise, remise de dipl\u00f4me...","breadcrumb":{"@id":"https:\/\/villadelisle.re\/index.php\/contacter-un-commercial-seminaire-entreprise-la-reunion-974\/#breadcrumb"},"inLanguage":"fr-FR","potentialAction":[{"@type":"ReadAction","target":["https:\/\/villadelisle.re\/index.php\/contacter-un-commercial-seminaire-entreprise-la-reunion-974\/"]}]},{"@type":"BreadcrumbList","@id":"https:\/\/villadelisle.re\/index.php\/contacter-un-commercial-seminaire-entreprise-la-reunion-974\/#breadcrumb","itemListElement":[{"@type":"ListItem","position":1,"name":"Accueil","item":"https:\/\/villadelisle.re\/"},{"@type":"ListItem","position":2,"name":"Contacter un commercial &#8211; Contact a sales representative"}]},{"@type":"WebSite","@id":"https:\/\/villadelisle.re\/#website","url":"https:\/\/villadelisle.re\/","name":"H\u00f4tel Villa Delisle - Ile de la R\u00e9union (974)","description":"G\u00e9n\u00e9rosit\u00e9, R\u00eave, Sourire","potentialAction":[{"@type":"SearchAction","target":{"@type":"EntryPoint","urlTemplate":"https:\/\/villadelisle.re\/?s={search_term_string}"},"query-input":{"@type":"PropertyValueSpecification","valueRequired":true,"valueName":"search_term_string"}}],"inLanguage":"fr-FR"}]}},"_links":{"self":[{"href":"https:\/\/villadelisle.re\/index.php\/wp-json\/wp\/v2\/pages\/756","targetHints":{"allow":["GET"]}}],"collection":[{"href":"https:\/\/villadelisle.re\/index.php\/wp-json\/wp\/v2\/pages"}],"about":[{"href":"https:\/\/villadelisle.re\/index.php\/wp-json\/wp\/v2\/types\/page"}],"author":[{"embeddable":true,"href":"https:\/\/villadelisle.re\/index.php\/wp-json\/wp\/v2\/users\/1"}],"replies":[{"embeddable":true,"href":"https:\/\/villadelisle.re\/index.php\/wp-json\/wp\/v2\/comments?post=756"}],"version-history":[{"count":5,"href":"https:\/\/villadelisle.re\/index.php\/wp-json\/wp\/v2\/pages\/756\/revisions"}],"predecessor-version":[{"id":1650,"href":"https:\/\/villadelisle.re\/index.php\/wp-json\/wp\/v2\/pages\/756\/revisions\/1650"}],"wp:attachment":[{"href":"https:\/\/villadelisle.re\/index.php\/wp-json\/wp\/v2\/media?parent=756"}],"curies":[{"name":"wp","href":"https:\/\/api.w.org\/{rel}","templated":true}]}}