{"id":775,"date":"2018-09-26T18:07:43","date_gmt":"2018-09-26T14:07:43","guid":{"rendered":"https:\/\/villadelisle.re\/?page_id=775"},"modified":"2018-11-30T18:17:32","modified_gmt":"2018-11-30T14:17:32","slug":"politique-de-confidentialite-hotel-villa-delisle","status":"publish","type":"page","link":"https:\/\/villadelisle.re\/index.php\/politique-de-confidentialite-hotel-villa-delisle\/","title":{"rendered":"Politique de confidentialit\u00e9"},"content":{"rendered":"<p>Les informations personnelles que &#8220;Villa Delisle H\u00f4tel &amp; Spa ****&#8221; sera amen\u00e9 \u00e0 traiter, et vous concernant,<br \/>\nr\u00e9sultent de votre d\u00e9marche en vue d\u2019une r\u00e9servation aupr\u00e8s de notre h\u00f4tel, ou en vue de la<br \/>\nr\u00e9ception par vos soins de documentation.<br \/>\nCes donn\u00e9es sont :<\/p>\n<ul class=\"m_-7197434819332306216m_4944501150515827354gmail-list-collected\">\n<li>Nom, Pr\u00e9nom<\/li>\n<li>Situation de famille<\/li>\n<li>Code Postal<\/li>\n<li>Pays &#8211; Nationalit\u00e9<\/li>\n<li>Adresse mail<\/li>\n<li>T\u00e9l\u00e9phone<\/li>\n<li>Typologie de voyageur<\/li>\n<li>Raison du voyage<\/li>\n<li>Date d&#8217;anniversaire de mariage<\/li>\n<li>Date d&#8217;anniversaire<\/li>\n<li>Information entreprise<\/li>\n<li>Informations concernant votre s\u00e9jour<\/li>\n<li>Fr\u00e9quence de visite dans la ville<\/li>\n<li>Satisfaction pendant le s\u00e9jour<\/li>\n<li>Satisfaction apr\u00e8s le s\u00e9jour<\/li>\n<li>Recommandations sur les alentours<\/li>\n<\/ul>\n<p>Ces donn\u00e9es sont n\u00e9cessaires aux traitements suivants :<\/p>\n<ul>\n<li>R\u00e9ception de documentation sur l\u2019h\u00f4tel et\/ou son groupe ;<\/li>\n<li>R\u00e9ception d\u2019un suivi via e-mails aux fins d\u2019\u00e9tude de satisfaction et\/ ou de prospection ;<\/li>\n<li>Am\u00e9lioration de notre suivi et service client ;<\/li>\n<li>R\u00e9servation d\u2019un service en ligne ;<\/li>\n<li>Traitement de statistiques ;<\/li>\n<li>Comptabilit\u00e9 et gestion de notre h\u00f4tel ;<\/li>\n<\/ul>\n<p>Ces donn\u00e9es sont utilis\u00e9es par l\u2019h\u00f4tel et par ses prestataires aux fins d\u00e9crites ci-dessous :<\/p>\n<ul>\n<li class=\"m_-7197434819332306216m_4944501150515827354gmail-list-partner\">INFOMANIAK (49951342200018) &#8211; : EMAIL ADRESS \/ SITE WEB<\/li>\n<li class=\"m_-7197434819332306216m_4944501150515827354gmail-list-partner\">GHM (33931171400036) &#8211; : Gestion des r\u00e9servations<\/li>\n<li class=\"m_-7197434819332306216m_4944501150515827354gmail-list-partner\">RESERVIT (49951342200018) &#8211; : PMS<\/li>\n<li class=\"m_-7197434819332306216m_4944501150515827354gmail-list-partner\">AVAILPRO (43531898500049) &#8211; : Channel Manager<\/li>\n<li class=\"m_-7197434819332306216m_4944501150515827354gmail-list-partner\">ATEXIA (43456850700017) &#8211; : Gestion des connections Wifi<\/li>\n<li class=\"m_-7197434819332306216m_4944501150515827354gmail-list-partner\">Experience Hotel (44024916700014) &#8211; : Gestion de la relation client et e-reputation \/ conciergerie<\/li>\n<li class=\"m_-7197434819332306216m_4944501150515827354gmail-list-partner\">CASINO DU SUD (31618918200025) &#8211; : Entrance Casino<\/li>\n<li class=\"m_-7197434819332306216m_4944501150515827354gmail-list-partner\">Sendblaster (34964000300068) &#8211; : Newsletter<\/li>\n<\/ul>\n<p>Ces informations ne sont ni vendues ni communiqu\u00e9es \u00e0 des tiers et sont strictement r\u00e9serv\u00e9es aux usages internes d\u00e9crits ci-dessus.<\/p>\n<p>La loi et notamment le R\u00e8glement G\u00e9n\u00e9ral sur la Protection des Donn\u00e9es Personnelles vous<br \/>\ndonne \u00e0 tout moment le droit de faire modifier les donn\u00e9es ci-dessus, de m\u00eame que le droit de vous les faire communiquer, de les effacer ou de les limiter dans le temps. Vous pouvez \u00e0 cet effet utiliser l\u2019une des proc\u00e9dures suivantes :<\/p>\n<ul>\n<li>Envoi d\u2019un e-mail \u00e0 l\u2019h\u00f4tel ;<\/li>\n<li>Envoi d\u2019un courrier \u00e0 l\u2019h\u00f4tel ;<\/li>\n<li>Contact en direct de l\u2019un des prestataires pr\u00e9c\u00e9demment nomm\u00e9s<\/li>\n<\/ul>\n<hr \/>\n<p>Nom : Villa Delisle H\u00f4tel &amp; Spa ****<br \/>\nAdresse : 42, Boulevard Hubert Delisle &#8211; 97410 Saint-Pierre<br \/>\nT\u00e9l\u00e9phone : +262 2 62 707 708<br \/>\nAdresse courriel :\u00a0<a href=\"mailto:info@villadelisle.re\" target=\"_blank\" rel=\"noopener\">info@villadelisle.re<\/a><br \/>\nSite web :\u00a0<a href=\"https:\/\/www.villadelisle.re\" target=\"_blank\" rel=\"noopener\" data-saferedirecturl=\"https:\/\/www.google.com\/url?q=http:\/\/www.hotel-villadelisle.com\/&amp;source=gmail&amp;ust=1538057029417000&amp;usg=AFQjCNHleGWcMDuxkvKMh9PDb7sMgajPqQ\">www.villadelisle.re<\/a><\/p>\n<div id=\"PLbuahRTbo\" class=\"donut-container\"><\/div>\n<p>&nbsp;<\/p>\n","protected":false},"excerpt":{"rendered":"<p>Les informations personnelles que &#8220;Villa Delisle H\u00f4tel &amp; Spa ****&#8221; sera amen\u00e9 \u00e0 traiter, et vous concernant, r\u00e9sultent de votre d\u00e9marche en vue d\u2019une r\u00e9servation aupr\u00e8s de notre h\u00f4tel, ou en vue de la r\u00e9ception par vos soins de documentation. Ces donn\u00e9es sont : Nom, Pr\u00e9nom Situation de famille Code[&#8230;]<\/p>\n","protected":false},"author":1,"featured_media":0,"parent":0,"menu_order":0,"comment_status":"closed","ping_status":"closed","template":"template-fullwidth.php","meta":{"_monsterinsights_skip_tracking":false,"_monsterinsights_sitenote_active":false,"_monsterinsights_sitenote_note":"","_monsterinsights_sitenote_category":0,"footnotes":""},"class_list":["post-775","page","type-page","status-publish","hentry"],"yoast_head":"<!-- This site is optimized with the Yoast SEO plugin v26.6 - https:\/\/yoast.com\/wordpress\/plugins\/seo\/ -->\n<title>Politique de confidentialit\u00e9 - H\u00f4tel Villa Delisle - Ile de la R\u00e9union (974)<\/title>\n<meta name=\"description\" content=\"Consultez la politique de confidentialit\u00e9 du site internet de notre h\u00f4tel Villa Delisle situ\u00e9 \u00e0 Saint-Pierre de la R\u00e9union (974)\" \/>\n<meta name=\"robots\" content=\"index, follow, max-snippet:-1, max-image-preview:large, max-video-preview:-1\" \/>\n<link rel=\"canonical\" href=\"https:\/\/villadelisle.re\/index.php\/politique-de-confidentialite-hotel-villa-delisle\/\" \/>\n<meta property=\"og:locale\" content=\"fr_FR\" \/>\n<meta property=\"og:type\" content=\"article\" \/>\n<meta property=\"og:title\" content=\"Politique de confidentialit\u00e9 - H\u00f4tel Villa Delisle - Ile de la R\u00e9union (974)\" \/>\n<meta property=\"og:description\" content=\"Consultez la politique de confidentialit\u00e9 du site internet de notre h\u00f4tel Villa Delisle situ\u00e9 \u00e0 Saint-Pierre de la R\u00e9union (974)\" \/>\n<meta property=\"og:url\" content=\"https:\/\/villadelisle.re\/index.php\/politique-de-confidentialite-hotel-villa-delisle\/\" \/>\n<meta property=\"og:site_name\" content=\"H\u00f4tel Villa Delisle - Ile de la R\u00e9union (974)\" \/>\n<meta property=\"article:publisher\" content=\"https:\/\/www.facebook.com\/Hotel.Villa.Delisle\/\" \/>\n<meta property=\"article:modified_time\" content=\"2018-11-30T14:17:32+00:00\" \/>\n<meta name=\"twitter:card\" content=\"summary_large_image\" \/>\n<meta name=\"twitter:label1\" content=\"Dur\u00e9e de lecture estim\u00e9e\" \/>\n\t<meta name=\"twitter:data1\" content=\"2 minutes\" \/>\n<script type=\"application\/ld+json\" class=\"yoast-schema-graph\">{\"@context\":\"https:\/\/schema.org\",\"@graph\":[{\"@type\":\"WebPage\",\"@id\":\"https:\/\/villadelisle.re\/index.php\/politique-de-confidentialite-hotel-villa-delisle\/\",\"url\":\"https:\/\/villadelisle.re\/index.php\/politique-de-confidentialite-hotel-villa-delisle\/\",\"name\":\"Politique de confidentialit\u00e9 - H\u00f4tel Villa Delisle - Ile de la R\u00e9union (974)\",\"isPartOf\":{\"@id\":\"https:\/\/villadelisle.re\/#website\"},\"datePublished\":\"2018-09-26T14:07:43+00:00\",\"dateModified\":\"2018-11-30T14:17:32+00:00\",\"description\":\"Consultez la politique de confidentialit\u00e9 du site internet de notre h\u00f4tel Villa Delisle situ\u00e9 \u00e0 Saint-Pierre de la R\u00e9union (974)\",\"breadcrumb\":{\"@id\":\"https:\/\/villadelisle.re\/index.php\/politique-de-confidentialite-hotel-villa-delisle\/#breadcrumb\"},\"inLanguage\":\"fr-FR\",\"potentialAction\":[{\"@type\":\"ReadAction\",\"target\":[\"https:\/\/villadelisle.re\/index.php\/politique-de-confidentialite-hotel-villa-delisle\/\"]}]},{\"@type\":\"BreadcrumbList\",\"@id\":\"https:\/\/villadelisle.re\/index.php\/politique-de-confidentialite-hotel-villa-delisle\/#breadcrumb\",\"itemListElement\":[{\"@type\":\"ListItem\",\"position\":1,\"name\":\"Accueil\",\"item\":\"https:\/\/villadelisle.re\/\"},{\"@type\":\"ListItem\",\"position\":2,\"name\":\"Politique de confidentialit\u00e9\"}]},{\"@type\":\"WebSite\",\"@id\":\"https:\/\/villadelisle.re\/#website\",\"url\":\"https:\/\/villadelisle.re\/\",\"name\":\"H\u00f4tel Villa Delisle - Ile de la R\u00e9union (974)\",\"description\":\"G\u00e9n\u00e9rosit\u00e9, R\u00eave, Sourire\",\"potentialAction\":[{\"@type\":\"SearchAction\",\"target\":{\"@type\":\"EntryPoint\",\"urlTemplate\":\"https:\/\/villadelisle.re\/?s={search_term_string}\"},\"query-input\":{\"@type\":\"PropertyValueSpecification\",\"valueRequired\":true,\"valueName\":\"search_term_string\"}}],\"inLanguage\":\"fr-FR\"}]}<\/script>\n<!-- \/ Yoast SEO plugin. -->","yoast_head_json":{"title":"Politique de confidentialit\u00e9 - H\u00f4tel Villa Delisle - Ile de la R\u00e9union (974)","description":"Consultez la politique de confidentialit\u00e9 du site internet de notre h\u00f4tel Villa Delisle situ\u00e9 \u00e0 Saint-Pierre de la R\u00e9union (974)","robots":{"index":"index","follow":"follow","max-snippet":"max-snippet:-1","max-image-preview":"max-image-preview:large","max-video-preview":"max-video-preview:-1"},"canonical":"https:\/\/villadelisle.re\/index.php\/politique-de-confidentialite-hotel-villa-delisle\/","og_locale":"fr_FR","og_type":"article","og_title":"Politique de confidentialit\u00e9 - H\u00f4tel Villa Delisle - Ile de la R\u00e9union (974)","og_description":"Consultez la politique de confidentialit\u00e9 du site internet de notre h\u00f4tel Villa Delisle situ\u00e9 \u00e0 Saint-Pierre de la R\u00e9union (974)","og_url":"https:\/\/villadelisle.re\/index.php\/politique-de-confidentialite-hotel-villa-delisle\/","og_site_name":"H\u00f4tel Villa Delisle - Ile de la R\u00e9union (974)","article_publisher":"https:\/\/www.facebook.com\/Hotel.Villa.Delisle\/","article_modified_time":"2018-11-30T14:17:32+00:00","twitter_card":"summary_large_image","twitter_misc":{"Dur\u00e9e de lecture estim\u00e9e":"2 minutes"},"schema":{"@context":"https:\/\/schema.org","@graph":[{"@type":"WebPage","@id":"https:\/\/villadelisle.re\/index.php\/politique-de-confidentialite-hotel-villa-delisle\/","url":"https:\/\/villadelisle.re\/index.php\/politique-de-confidentialite-hotel-villa-delisle\/","name":"Politique de confidentialit\u00e9 - H\u00f4tel Villa Delisle - Ile de la R\u00e9union (974)","isPartOf":{"@id":"https:\/\/villadelisle.re\/#website"},"datePublished":"2018-09-26T14:07:43+00:00","dateModified":"2018-11-30T14:17:32+00:00","description":"Consultez la politique de confidentialit\u00e9 du site internet de notre h\u00f4tel Villa Delisle situ\u00e9 \u00e0 Saint-Pierre de la R\u00e9union (974)","breadcrumb":{"@id":"https:\/\/villadelisle.re\/index.php\/politique-de-confidentialite-hotel-villa-delisle\/#breadcrumb"},"inLanguage":"fr-FR","potentialAction":[{"@type":"ReadAction","target":["https:\/\/villadelisle.re\/index.php\/politique-de-confidentialite-hotel-villa-delisle\/"]}]},{"@type":"BreadcrumbList","@id":"https:\/\/villadelisle.re\/index.php\/politique-de-confidentialite-hotel-villa-delisle\/#breadcrumb","itemListElement":[{"@type":"ListItem","position":1,"name":"Accueil","item":"https:\/\/villadelisle.re\/"},{"@type":"ListItem","position":2,"name":"Politique de confidentialit\u00e9"}]},{"@type":"WebSite","@id":"https:\/\/villadelisle.re\/#website","url":"https:\/\/villadelisle.re\/","name":"H\u00f4tel Villa Delisle - Ile de la R\u00e9union (974)","description":"G\u00e9n\u00e9rosit\u00e9, R\u00eave, Sourire","potentialAction":[{"@type":"SearchAction","target":{"@type":"EntryPoint","urlTemplate":"https:\/\/villadelisle.re\/?s={search_term_string}"},"query-input":{"@type":"PropertyValueSpecification","valueRequired":true,"valueName":"search_term_string"}}],"inLanguage":"fr-FR"}]}},"_links":{"self":[{"href":"https:\/\/villadelisle.re\/index.php\/wp-json\/wp\/v2\/pages\/775","targetHints":{"allow":["GET"]}}],"collection":[{"href":"https:\/\/villadelisle.re\/index.php\/wp-json\/wp\/v2\/pages"}],"about":[{"href":"https:\/\/villadelisle.re\/index.php\/wp-json\/wp\/v2\/types\/page"}],"author":[{"embeddable":true,"href":"https:\/\/villadelisle.re\/index.php\/wp-json\/wp\/v2\/users\/1"}],"replies":[{"embeddable":true,"href":"https:\/\/villadelisle.re\/index.php\/wp-json\/wp\/v2\/comments?post=775"}],"version-history":[{"count":2,"href":"https:\/\/villadelisle.re\/index.php\/wp-json\/wp\/v2\/pages\/775\/revisions"}],"predecessor-version":[{"id":893,"href":"https:\/\/villadelisle.re\/index.php\/wp-json\/wp\/v2\/pages\/775\/revisions\/893"}],"wp:attachment":[{"href":"https:\/\/villadelisle.re\/index.php\/wp-json\/wp\/v2\/media?parent=775"}],"curies":[{"name":"wp","href":"https:\/\/api.w.org\/{rel}","templated":true}]}}