{"id":777,"date":"2018-09-26T18:08:35","date_gmt":"2018-09-26T14:08:35","guid":{"rendered":"https:\/\/villadelisle.re\/?page_id=777"},"modified":"2023-05-10T14:05:10","modified_gmt":"2023-05-10T10:05:10","slug":"privacy-policy","status":"publish","type":"page","link":"https:\/\/villadelisle.re\/index.php\/privacy-policy\/?lang=en","title":{"rendered":"Privacy policy"},"content":{"rendered":"<p>The personal information that &#8220;Villa Delisle Hotel &amp; Spa ****&#8221; will have to process, and concerning you,<br \/>\nresult from your approach to make a reservation with our hotel, or in view of<br \/>\nreceiving documentation reception by your care of documentation.<br \/>\nThese data are :<\/p>\n<ul class=\"m_-7197434819332306216m_4944501150515827354gmail-list-collected\">\n<li>Name, First name<\/li>\n<li>Family status<\/li>\n<li>Postal code<\/li>\n<li>Country &#8211; Nationality<\/li>\n<li>E-mail address<\/li>\n<li>Phone<\/li>\n<li>Type of traveler<\/li>\n<li>Reason for travel<\/li>\n<li>Date of wedding anniversary<\/li>\n<li>Date of anniversary<\/li>\n<li>Company information<\/li>\n<li>Information about your stay<\/li>\n<li>Frequency of visits to the city<\/li>\n<li>Satisfaction during your stay<\/li>\n<li>Satisfaction after your stay<\/li>\n<li>Recommendations on the surroundings<\/li>\n<\/ul>\n<p>These data are necessary for the following treatments:<\/p>\n<ul>\n<li>Receipt of documentation about the hotel and\/or its group;<\/li>\n<li>Receipt of a follow-up via e-mails for the purpose of satisfaction study and \/ or prospecting;<\/li>\n<li>Improvement of our follow-up and customer service;<\/li>\n<li>Reservation of an online service;<\/li>\n<li>Processing of statistics;<\/li>\n<li>Accounting and management of our hotel;<\/li>\n<\/ul>\n<p>These data are used by the hotel and its service providers for the purposes described below:<\/p>\n<ul>\n<li class=\"m_-7197434819332306216m_4944501150515827354gmail-list-partner\">INFOMANIAK (49951342200018) &#8211; : EMAIL ADDRESS \/ WEBSITE<\/li>\n<li class=\"m_-7197434819332306216m_4944501150515827354gmail-list-partner\">GHM (33931171400036) &#8211; : Reservation management<\/li>\n<li class=\"m_-7197434819332306216m_4944501150515827354gmail-list-partner\">RESERVIT (49951342200018) &#8211; : PMS<\/li>\n<li class=\"m_-7197434819332306216m_4944501150515827354gmail-list-partner\">AVAILPRO (43531898500049) &#8211; : Channel Manager<\/li>\n<li class=\"m_-7197434819332306216m_4944501150515827354gmail-list-partner\">ATEXIA (43456850700017) &#8211; : Wifi connection management<\/li>\n<li class=\"m_-7197434819332306216m_4944501150515827354gmail-list-partner\">Experience Hotel (44024916700014) &#8211; : Customer relationship management and e-reputation \/ concierge<\/li>\n<li class=\"m_-7197434819332306216m_4944501150515827354gmail-list-partner\">CASINO DU SUD (31618918200025) &#8211; : Casino Entrance<\/li>\n<li class=\"m_-7197434819332306216m_4944501150515827354gmail-list-partner\">Sendblaster (34964000300068) &#8211; : Newsletter<\/li>\n<\/ul>\n<p>This information is neither sold nor communicated to third parties and is strictly reserved for the internal uses described above.<\/p>\n<p>The law and in particular the General Regulation on the Protection of Personal Data<br \/>\ngives you at any time the right to have the above data modified, as well as the right to have them communicated to you, to delete them or to limit them in time. To this end, you can use one of the following procedures:<\/p>\n<ul>\n<li>Send an e-mail to the hotel;<\/li>\n<li>Send a letter to the hotel;<\/li>\n<li>Contacting one of the above-mentioned service providers directly<\/li>\n<\/ul>\n<hr>\n<p>Name : Villa Delisle Hotel &amp; Spa ****<br \/>\nAdress : 42, Boulevard Hubert Delisle &#8211; 97410 Saint-Pierre<br \/>\nPhone number : +262 2 62 707 708<br \/>\nEmail address : <a href=\"mailto:info@villadelisle.re\" target=\"_blank\" rel=\"noopener\">info@villadelisle.re<\/a><br \/>\nWebsite : <a href=\"https:\/\/www.villadelisle.re\" target=\"_blank\" rel=\"noopener\" data-saferedirecturl=\"https:\/\/www.google.com\/url?q=http:\/\/www.hotel-villadelisle.com\/&amp;source=gmail&amp;ust=1538057029417000&amp;usg=AFQjCNHleGWcMDuxkvKMh9PDb7sMgajPqQ\">www.villadelisle.re<\/a><\/p>\n<div id=\"PLbuahRTbo\" class=\"donut-container\"><\/div>\n<p>&nbsp;<\/p>\n","protected":false},"excerpt":{"rendered":"<p>The personal information that &#8220;Villa Delisle Hotel &amp; Spa ****&#8221; will have to process, and concerning you, result from your approach to make a reservation with our hotel, or in view of receiving documentation reception by your care of documentation. These data are : Name, First name Family status Postal[&#8230;]<\/p>\n","protected":false},"author":1,"featured_media":0,"parent":0,"menu_order":0,"comment_status":"closed","ping_status":"closed","template":"template-fullwidth.php","meta":{"_monsterinsights_skip_tracking":false,"_monsterinsights_sitenote_active":false,"_monsterinsights_sitenote_note":"","_monsterinsights_sitenote_category":0,"footnotes":""},"class_list":["post-777","page","type-page","status-publish","hentry"],"yoast_head":"<!-- This site is optimized with the Yoast SEO plugin v26.6 - https:\/\/yoast.com\/wordpress\/plugins\/seo\/ -->\n<title>Privacy policy - H\u00f4tel Villa Delisle - Ile de la R\u00e9union (974)<\/title>\n<meta name=\"description\" content=\"Consult the privacy policy of the website of our hotel Villa Delisle located in Saint-Pierre de la R\u00e9union (974)\" \/>\n<meta name=\"robots\" content=\"index, follow, max-snippet:-1, max-image-preview:large, max-video-preview:-1\" \/>\n<link rel=\"canonical\" href=\"https:\/\/villadelisle.re\/index.php\/privacy-policy\/?lang=en\" \/>\n<meta property=\"og:locale\" content=\"fr_FR\" \/>\n<meta property=\"og:type\" content=\"article\" \/>\n<meta property=\"og:title\" content=\"Privacy policy - H\u00f4tel Villa Delisle - Ile de la R\u00e9union (974)\" \/>\n<meta property=\"og:description\" content=\"Consult the privacy policy of the website of our hotel Villa Delisle located in Saint-Pierre de la R\u00e9union (974)\" \/>\n<meta property=\"og:url\" content=\"https:\/\/villadelisle.re\/index.php\/privacy-policy\/?lang=en\" \/>\n<meta property=\"og:site_name\" content=\"H\u00f4tel Villa Delisle - Ile de la R\u00e9union (974)\" \/>\n<meta property=\"article:publisher\" content=\"https:\/\/www.facebook.com\/Hotel.Villa.Delisle\/\" \/>\n<meta property=\"article:modified_time\" content=\"2023-05-10T10:05:10+00:00\" \/>\n<meta name=\"twitter:card\" content=\"summary_large_image\" \/>\n<meta name=\"twitter:label1\" content=\"Dur\u00e9e de lecture estim\u00e9e\" \/>\n\t<meta name=\"twitter:data1\" content=\"2 minutes\" \/>\n<script type=\"application\/ld+json\" class=\"yoast-schema-graph\">{\"@context\":\"https:\/\/schema.org\",\"@graph\":[{\"@type\":\"WebPage\",\"@id\":\"https:\/\/villadelisle.re\/index.php\/privacy-policy\/?lang=en\",\"url\":\"https:\/\/villadelisle.re\/index.php\/privacy-policy\/?lang=en\",\"name\":\"Privacy policy - H\u00f4tel Villa Delisle - Ile de la R\u00e9union (974)\",\"isPartOf\":{\"@id\":\"https:\/\/villadelisle.re\/#website\"},\"datePublished\":\"2018-09-26T14:08:35+00:00\",\"dateModified\":\"2023-05-10T10:05:10+00:00\",\"description\":\"Consult the privacy policy of the website of our hotel Villa Delisle located in Saint-Pierre de la R\u00e9union (974)\",\"breadcrumb\":{\"@id\":\"https:\/\/villadelisle.re\/index.php\/privacy-policy\/?lang=en#breadcrumb\"},\"inLanguage\":\"fr-FR\",\"potentialAction\":[{\"@type\":\"ReadAction\",\"target\":[\"https:\/\/villadelisle.re\/index.php\/privacy-policy\/?lang=en\"]}]},{\"@type\":\"BreadcrumbList\",\"@id\":\"https:\/\/villadelisle.re\/index.php\/privacy-policy\/?lang=en#breadcrumb\",\"itemListElement\":[{\"@type\":\"ListItem\",\"position\":1,\"name\":\"Accueil\",\"item\":\"https:\/\/villadelisle.re\/\"},{\"@type\":\"ListItem\",\"position\":2,\"name\":\"Privacy policy\"}]},{\"@type\":\"WebSite\",\"@id\":\"https:\/\/villadelisle.re\/#website\",\"url\":\"https:\/\/villadelisle.re\/\",\"name\":\"H\u00f4tel Villa Delisle - Ile de la R\u00e9union (974)\",\"description\":\"G\u00e9n\u00e9rosit\u00e9, R\u00eave, Sourire\",\"potentialAction\":[{\"@type\":\"SearchAction\",\"target\":{\"@type\":\"EntryPoint\",\"urlTemplate\":\"https:\/\/villadelisle.re\/?s={search_term_string}\"},\"query-input\":{\"@type\":\"PropertyValueSpecification\",\"valueRequired\":true,\"valueName\":\"search_term_string\"}}],\"inLanguage\":\"fr-FR\"}]}<\/script>\n<!-- \/ Yoast SEO plugin. -->","yoast_head_json":{"title":"Privacy policy - H\u00f4tel Villa Delisle - Ile de la R\u00e9union (974)","description":"Consult the privacy policy of the website of our hotel Villa Delisle located in Saint-Pierre de la R\u00e9union (974)","robots":{"index":"index","follow":"follow","max-snippet":"max-snippet:-1","max-image-preview":"max-image-preview:large","max-video-preview":"max-video-preview:-1"},"canonical":"https:\/\/villadelisle.re\/index.php\/privacy-policy\/?lang=en","og_locale":"fr_FR","og_type":"article","og_title":"Privacy policy - H\u00f4tel Villa Delisle - Ile de la R\u00e9union (974)","og_description":"Consult the privacy policy of the website of our hotel Villa Delisle located in Saint-Pierre de la R\u00e9union (974)","og_url":"https:\/\/villadelisle.re\/index.php\/privacy-policy\/?lang=en","og_site_name":"H\u00f4tel Villa Delisle - Ile de la R\u00e9union (974)","article_publisher":"https:\/\/www.facebook.com\/Hotel.Villa.Delisle\/","article_modified_time":"2023-05-10T10:05:10+00:00","twitter_card":"summary_large_image","twitter_misc":{"Dur\u00e9e de lecture estim\u00e9e":"2 minutes"},"schema":{"@context":"https:\/\/schema.org","@graph":[{"@type":"WebPage","@id":"https:\/\/villadelisle.re\/index.php\/privacy-policy\/?lang=en","url":"https:\/\/villadelisle.re\/index.php\/privacy-policy\/?lang=en","name":"Privacy policy - H\u00f4tel Villa Delisle - Ile de la R\u00e9union (974)","isPartOf":{"@id":"https:\/\/villadelisle.re\/#website"},"datePublished":"2018-09-26T14:08:35+00:00","dateModified":"2023-05-10T10:05:10+00:00","description":"Consult the privacy policy of the website of our hotel Villa Delisle located in Saint-Pierre de la R\u00e9union (974)","breadcrumb":{"@id":"https:\/\/villadelisle.re\/index.php\/privacy-policy\/?lang=en#breadcrumb"},"inLanguage":"fr-FR","potentialAction":[{"@type":"ReadAction","target":["https:\/\/villadelisle.re\/index.php\/privacy-policy\/?lang=en"]}]},{"@type":"BreadcrumbList","@id":"https:\/\/villadelisle.re\/index.php\/privacy-policy\/?lang=en#breadcrumb","itemListElement":[{"@type":"ListItem","position":1,"name":"Accueil","item":"https:\/\/villadelisle.re\/"},{"@type":"ListItem","position":2,"name":"Privacy policy"}]},{"@type":"WebSite","@id":"https:\/\/villadelisle.re\/#website","url":"https:\/\/villadelisle.re\/","name":"H\u00f4tel Villa Delisle - Ile de la R\u00e9union (974)","description":"G\u00e9n\u00e9rosit\u00e9, R\u00eave, Sourire","potentialAction":[{"@type":"SearchAction","target":{"@type":"EntryPoint","urlTemplate":"https:\/\/villadelisle.re\/?s={search_term_string}"},"query-input":{"@type":"PropertyValueSpecification","valueRequired":true,"valueName":"search_term_string"}}],"inLanguage":"fr-FR"}]}},"_links":{"self":[{"href":"https:\/\/villadelisle.re\/index.php\/wp-json\/wp\/v2\/pages\/777","targetHints":{"allow":["GET"]}}],"collection":[{"href":"https:\/\/villadelisle.re\/index.php\/wp-json\/wp\/v2\/pages"}],"about":[{"href":"https:\/\/villadelisle.re\/index.php\/wp-json\/wp\/v2\/types\/page"}],"author":[{"embeddable":true,"href":"https:\/\/villadelisle.re\/index.php\/wp-json\/wp\/v2\/users\/1"}],"replies":[{"embeddable":true,"href":"https:\/\/villadelisle.re\/index.php\/wp-json\/wp\/v2\/comments?post=777"}],"version-history":[{"count":5,"href":"https:\/\/villadelisle.re\/index.php\/wp-json\/wp\/v2\/pages\/777\/revisions"}],"predecessor-version":[{"id":1625,"href":"https:\/\/villadelisle.re\/index.php\/wp-json\/wp\/v2\/pages\/777\/revisions\/1625"}],"wp:attachment":[{"href":"https:\/\/villadelisle.re\/index.php\/wp-json\/wp\/v2\/media?parent=777"}],"curies":[{"name":"wp","href":"https:\/\/api.w.org\/{rel}","templated":true}]}}